{"id":50072,"date":"2020-10-03T20:47:38","date_gmt":"2020-10-03T18:47:38","guid":{"rendered":"http:\/\/museumek.eu\/?page_id=50072"},"modified":"2020-10-03T20:47:38","modified_gmt":"2020-10-03T18:47:38","slug":"dlxxxii83","status":"publish","type":"page","link":"https:\/\/museumek.eu\/?page_id=50072","title":{"rendered":"D\/LXXXII\/83"},"content":{"rendered":"<p><strong>Abteilung Deutschland, Keramik 1860 \u2013 1960, Inventarnummer D\/LXXXII\/83<\/strong><\/p>\n<p>Westerw\u00e4lder Steinzeug ohne Fabrikzuordnung, Deutschland, Westerwald, um 1900, Krug, K\u00fcnstler unbekannt, Werks.-Nr. 971, Exemplar Nr. ohne, gemarkt keine Fabrikmarke aber in einem Oval 971 unter dem Henkel gepresst sowie 1\/2 L. \u00fcber Eichstrich und GERMANY am Boden gepresst, nicht signiert, beachtenswert ist die keramische Befestigung f\u00fcr den Deckel, vielleicht kein Westerw\u00e4lder Produkt, die Deckelbefestigung, die Krugform und die Nummerierung unter dem Henkel (Zahlen in einem Oval) sind f\u00fcr Westerw\u00e4lder Produkte nicht \u00fcblich, H\u00f6he 16,5 cm, Breite 8,5 cm <\/p>\n<p><a href=\"http:\/\/museumek.eu\/?attachment_id=50039\" rel=\"attachment wp-att-50039\"><img loading=\"lazy\" src=\"http:\/\/museumek.eu\/wp-content\/uploads\/2013\/05\/Westerwald-ohne-Zuordnung-Krug-971-1-167x300.jpg\" alt=\"\" title=\"Westerwald ohne Zuordnung Krug 971 1\" width=\"167\" height=\"300\" class=\"alignnone size-medium wp-image-50039\" srcset=\"https:\/\/museumek.eu\/wp-content\/uploads\/2013\/05\/Westerwald-ohne-Zuordnung-Krug-971-1-167x300.jpg 167w, https:\/\/museumek.eu\/wp-content\/uploads\/2013\/05\/Westerwald-ohne-Zuordnung-Krug-971-1-83x150.jpg 83w, https:\/\/museumek.eu\/wp-content\/uploads\/2013\/05\/Westerwald-ohne-Zuordnung-Krug-971-1.jpg 357w\" sizes=\"(max-width: 167px) 100vw, 167px\" \/><\/a><\/p>\n<p><a href=\"http:\/\/museumek.eu\/?attachment_id=50040\" rel=\"attachment wp-att-50040\"><img loading=\"lazy\" src=\"http:\/\/museumek.eu\/wp-content\/uploads\/2013\/05\/Westerwald-ohne-Zuordnung-Krug-971-2-226x300.jpg\" alt=\"\" title=\"Westerwald ohne Zuordnung Krug 971 2\" width=\"226\" height=\"300\" class=\"alignnone size-medium wp-image-50040\" srcset=\"https:\/\/museumek.eu\/wp-content\/uploads\/2013\/05\/Westerwald-ohne-Zuordnung-Krug-971-2-226x300.jpg 226w, https:\/\/museumek.eu\/wp-content\/uploads\/2013\/05\/Westerwald-ohne-Zuordnung-Krug-971-2-113x150.jpg 113w, https:\/\/museumek.eu\/wp-content\/uploads\/2013\/05\/Westerwald-ohne-Zuordnung-Krug-971-2.jpg 480w\" sizes=\"(max-width: 226px) 100vw, 226px\" \/><\/a><\/p>\n<p><a href=\"http:\/\/museumek.eu\/?attachment_id=50043\" rel=\"attachment wp-att-50043\"><img loading=\"lazy\" src=\"http:\/\/museumek.eu\/wp-content\/uploads\/2013\/05\/Westerwald-ohne-Zuordnung-Krug-971-3-225x300.jpg\" alt=\"\" title=\"Westerwald ohne Zuordnung Krug 971 3\" width=\"225\" height=\"300\" class=\"alignnone size-medium wp-image-50043\" srcset=\"https:\/\/museumek.eu\/wp-content\/uploads\/2013\/05\/Westerwald-ohne-Zuordnung-Krug-971-3-225x300.jpg 225w, https:\/\/museumek.eu\/wp-content\/uploads\/2013\/05\/Westerwald-ohne-Zuordnung-Krug-971-3-112x150.jpg 112w, https:\/\/museumek.eu\/wp-content\/uploads\/2013\/05\/Westerwald-ohne-Zuordnung-Krug-971-3.jpg 480w\" sizes=\"(max-width: 225px) 100vw, 225px\" \/><\/a><\/p>\n<p><a href=\"http:\/\/museumek.eu\/?attachment_id=50044\" rel=\"attachment wp-att-50044\"><img loading=\"lazy\" src=\"http:\/\/museumek.eu\/wp-content\/uploads\/2013\/05\/Westerwald-ohne-Zuordnung-Krug-971-4-182x300.jpg\" alt=\"\" title=\"Westerwald ohne Zuordnung Krug 971 4\" width=\"182\" height=\"300\" class=\"alignnone size-medium wp-image-50044\" srcset=\"https:\/\/museumek.eu\/wp-content\/uploads\/2013\/05\/Westerwald-ohne-Zuordnung-Krug-971-4-182x300.jpg 182w, https:\/\/museumek.eu\/wp-content\/uploads\/2013\/05\/Westerwald-ohne-Zuordnung-Krug-971-4-91x150.jpg 91w, https:\/\/museumek.eu\/wp-content\/uploads\/2013\/05\/Westerwald-ohne-Zuordnung-Krug-971-4.jpg 390w\" sizes=\"(max-width: 182px) 100vw, 182px\" \/><\/a><\/p>\n<p><a href=\"http:\/\/museumek.eu\/?attachment_id=50047\" rel=\"attachment wp-att-50047\"><img loading=\"lazy\" src=\"http:\/\/museumek.eu\/wp-content\/uploads\/2013\/05\/Westerwald-ohne-Zuordnung-Krug-971-5-226x300.jpg\" alt=\"\" title=\"Westerwald ohne Zuordnung Krug 971 5\" width=\"226\" height=\"300\" class=\"alignnone size-medium wp-image-50047\" srcset=\"https:\/\/museumek.eu\/wp-content\/uploads\/2013\/05\/Westerwald-ohne-Zuordnung-Krug-971-5-226x300.jpg 226w, https:\/\/museumek.eu\/wp-content\/uploads\/2013\/05\/Westerwald-ohne-Zuordnung-Krug-971-5-113x150.jpg 113w, https:\/\/museumek.eu\/wp-content\/uploads\/2013\/05\/Westerwald-ohne-Zuordnung-Krug-971-5.jpg 480w\" sizes=\"(max-width: 226px) 100vw, 226px\" \/><\/a><\/p>\n<p><a href=\"http:\/\/museumek.eu\/?attachment_id=50048\" rel=\"attachment wp-att-50048\"><img loading=\"lazy\" src=\"http:\/\/museumek.eu\/wp-content\/uploads\/2013\/05\/Westerwald-ohne-Zuordnung-Krug-971-6-300x231.jpg\" alt=\"\" title=\"Westerwald ohne Zuordnung Krug 971 6\" width=\"300\" height=\"231\" class=\"alignnone size-medium wp-image-50048\" srcset=\"https:\/\/museumek.eu\/wp-content\/uploads\/2013\/05\/Westerwald-ohne-Zuordnung-Krug-971-6-300x231.jpg 300w, https:\/\/museumek.eu\/wp-content\/uploads\/2013\/05\/Westerwald-ohne-Zuordnung-Krug-971-6-150x115.jpg 150w, https:\/\/museumek.eu\/wp-content\/uploads\/2013\/05\/Westerwald-ohne-Zuordnung-Krug-971-6-388x300.jpg 388w, https:\/\/museumek.eu\/wp-content\/uploads\/2013\/05\/Westerwald-ohne-Zuordnung-Krug-971-6.jpg 622w\" sizes=\"(max-width: 300px) 100vw, 300px\" \/><\/a><\/p>\n<p><a href=\"http:\/\/museumek.eu\/?attachment_id=50051\" rel=\"attachment wp-att-50051\"><img loading=\"lazy\" src=\"http:\/\/museumek.eu\/wp-content\/uploads\/2013\/05\/Westerwald-ohne-Zuordnung-Krug-971-7-195x300.jpg\" alt=\"\" title=\"Westerwald ohne Zuordnung Krug 971 7\" width=\"195\" height=\"300\" class=\"alignnone size-medium wp-image-50051\" srcset=\"https:\/\/museumek.eu\/wp-content\/uploads\/2013\/05\/Westerwald-ohne-Zuordnung-Krug-971-7-195x300.jpg 195w, https:\/\/museumek.eu\/wp-content\/uploads\/2013\/05\/Westerwald-ohne-Zuordnung-Krug-971-7-97x150.jpg 97w, https:\/\/museumek.eu\/wp-content\/uploads\/2013\/05\/Westerwald-ohne-Zuordnung-Krug-971-7.jpg 417w\" sizes=\"(max-width: 195px) 100vw, 195px\" \/><\/a><\/p>\n<p><a href=\"http:\/\/museumek.eu\/?attachment_id=50052\" rel=\"attachment wp-att-50052\"><img loading=\"lazy\" src=\"http:\/\/museumek.eu\/wp-content\/uploads\/2013\/05\/Westerwald-ohne-Zuordnung-Krug-971-8-300x280.jpg\" alt=\"\" title=\"Westerwald ohne Zuordnung Krug 971 8\" width=\"300\" height=\"280\" class=\"alignnone size-medium wp-image-50052\" srcset=\"https:\/\/museumek.eu\/wp-content\/uploads\/2013\/05\/Westerwald-ohne-Zuordnung-Krug-971-8-300x280.jpg 300w, https:\/\/museumek.eu\/wp-content\/uploads\/2013\/05\/Westerwald-ohne-Zuordnung-Krug-971-8-150x140.jpg 150w, https:\/\/museumek.eu\/wp-content\/uploads\/2013\/05\/Westerwald-ohne-Zuordnung-Krug-971-8-320x300.jpg 320w, https:\/\/museumek.eu\/wp-content\/uploads\/2013\/05\/Westerwald-ohne-Zuordnung-Krug-971-8.jpg 513w\" sizes=\"(max-width: 300px) 100vw, 300px\" \/><\/a><\/p>\n","protected":false},"excerpt":{"rendered":"<p>Abteilung Deutschland, Keramik 1860 \u2013 1960, Inventarnummer D\/LXXXII\/83 Westerw\u00e4lder Steinzeug ohne Fabrikzuordnung, Deutschland, Westerwald, um 1900, Krug, K\u00fcnstler unbekannt, Werks.-Nr. 971, Exemplar Nr. ohne, gemarkt keine Fabrikmarke aber in einem Oval 971 unter dem Henkel gepresst sowie 1\/2 L. \u00fcber &hellip; <a href=\"https:\/\/museumek.eu\/?page_id=50072\">Weiterlesen <span class=\"meta-nav\">&rarr;<\/span><\/a><\/p>\n","protected":false},"author":1,"featured_media":0,"parent":49692,"menu_order":83,"comment_status":"closed","ping_status":"open","template":"","meta":[],"_links":{"self":[{"href":"https:\/\/museumek.eu\/index.php?rest_route=\/wp\/v2\/pages\/50072"}],"collection":[{"href":"https:\/\/museumek.eu\/index.php?rest_route=\/wp\/v2\/pages"}],"about":[{"href":"https:\/\/museumek.eu\/index.php?rest_route=\/wp\/v2\/types\/page"}],"author":[{"embeddable":true,"href":"https:\/\/museumek.eu\/index.php?rest_route=\/wp\/v2\/users\/1"}],"replies":[{"embeddable":true,"href":"https:\/\/museumek.eu\/index.php?rest_route=%2Fwp%2Fv2%2Fcomments&post=50072"}],"version-history":[{"count":2,"href":"https:\/\/museumek.eu\/index.php?rest_route=\/wp\/v2\/pages\/50072\/revisions"}],"predecessor-version":[{"id":50074,"href":"https:\/\/museumek.eu\/index.php?rest_route=\/wp\/v2\/pages\/50072\/revisions\/50074"}],"up":[{"embeddable":true,"href":"https:\/\/museumek.eu\/index.php?rest_route=\/wp\/v2\/pages\/49692"}],"wp:attachment":[{"href":"https:\/\/museumek.eu\/index.php?rest_route=%2Fwp%2Fv2%2Fmedia&parent=50072"}],"curies":[{"name":"wp","href":"https:\/\/api.w.org\/{rel}","templated":true}]}}