{"id":50460,"date":"2020-10-25T13:40:19","date_gmt":"2020-10-25T12:40:19","guid":{"rendered":"http:\/\/museumek.eu\/?page_id=50460"},"modified":"2021-01-14T17:53:55","modified_gmt":"2021-01-14T16:53:55","slug":"dlxxviii3","status":"publish","type":"page","link":"https:\/\/museumek.eu\/?page_id=50460","title":{"rendered":"D\/LXXVIII\/3"},"content":{"rendered":"<p><strong>Abteilung Deutschland, Keramik 1860 \u2013 1960, Inventarnummer D\/LXXVIII\/3<\/strong><\/p>\n<p>Elfriede Balzar-Kopp Kunstkeramikwerkstatt, Deutschland, H\u00f6hr-Grenzhausen, 1937, Becher, K\u00fcnstler Elfriede Balzar-Kopp, Werks.-Nr. ohne, Exemplar Nr. ohne, gemarkt Firmenmarke halbkreisf\u00f6rmig BALZAR-KOPP im Halbkreis H\u00d6HR, signiert = gemarkt, Literatur: Gisela Reineking von Bock, Meister der Deutschen Keramik 1900 bis 1950, Seite 31, Beschreibung der Werkstatt, weitere Literatur: Dieter Z\u00fchlsdorff, Marken Lexikon, Porzellan und Keramik Report 1885 &#8211; 1935, Seite 394, Werkteil 2, laufende Nummer des Werkteils 21, dort kurze Beschreibung der Werkstatt, Ausf\u00fchrung blau-grau salzglasiertes Steinzeug, H\u00f6he 11,5 cm, Breite 9 cm<\/p>\n<p><a href=\"http:\/\/museumek.eu\/?attachment_id=50450\" rel=\"attachment wp-att-50450\"><img loading=\"lazy\" src=\"http:\/\/museumek.eu\/wp-content\/uploads\/2013\/04\/Balzar-Kopp-Becher-1-230x300.jpg\" alt=\"\" title=\"Balzar-Kopp Becher 1\" width=\"230\" height=\"300\" class=\"alignnone size-medium wp-image-50450\" srcset=\"https:\/\/museumek.eu\/wp-content\/uploads\/2013\/04\/Balzar-Kopp-Becher-1-230x300.jpg 230w, https:\/\/museumek.eu\/wp-content\/uploads\/2013\/04\/Balzar-Kopp-Becher-1-115x150.jpg 115w, https:\/\/museumek.eu\/wp-content\/uploads\/2013\/04\/Balzar-Kopp-Becher-1.jpg 525w\" sizes=\"(max-width: 230px) 100vw, 230px\" \/><\/a><\/p>\n<p><a href=\"http:\/\/museumek.eu\/?attachment_id=50451\" rel=\"attachment wp-att-50451\"><img loading=\"lazy\" src=\"http:\/\/museumek.eu\/wp-content\/uploads\/2013\/04\/Balzar-Kopp-Becher-2-245x300.jpg\" alt=\"\" title=\"Balzar-Kopp Becher 2\" width=\"245\" height=\"300\" class=\"alignnone size-medium wp-image-50451\" srcset=\"https:\/\/museumek.eu\/wp-content\/uploads\/2013\/04\/Balzar-Kopp-Becher-2-245x300.jpg 245w, https:\/\/museumek.eu\/wp-content\/uploads\/2013\/04\/Balzar-Kopp-Becher-2-122x150.jpg 122w, https:\/\/museumek.eu\/wp-content\/uploads\/2013\/04\/Balzar-Kopp-Becher-2.jpg 556w\" sizes=\"(max-width: 245px) 100vw, 245px\" \/><\/a><\/p>\n<p><a href=\"http:\/\/museumek.eu\/?attachment_id=50452\" rel=\"attachment wp-att-50452\"><img loading=\"lazy\" src=\"http:\/\/museumek.eu\/wp-content\/uploads\/2013\/04\/Balzar-Kopp-Becher-3-300x161.jpg\" alt=\"\" title=\"Balzar-Kopp Becher 3\" width=\"300\" height=\"161\" class=\"alignnone size-medium wp-image-50452\" srcset=\"https:\/\/museumek.eu\/wp-content\/uploads\/2013\/04\/Balzar-Kopp-Becher-3-300x161.jpg 300w, https:\/\/museumek.eu\/wp-content\/uploads\/2013\/04\/Balzar-Kopp-Becher-3-150x80.jpg 150w, https:\/\/museumek.eu\/wp-content\/uploads\/2013\/04\/Balzar-Kopp-Becher-3-500x269.jpg 500w, https:\/\/museumek.eu\/wp-content\/uploads\/2013\/04\/Balzar-Kopp-Becher-3.jpg 946w\" sizes=\"(max-width: 300px) 100vw, 300px\" \/><\/a><\/p>\n","protected":false},"excerpt":{"rendered":"<p>Abteilung Deutschland, Keramik 1860 \u2013 1960, Inventarnummer D\/LXXVIII\/3 Elfriede Balzar-Kopp Kunstkeramikwerkstatt, Deutschland, H\u00f6hr-Grenzhausen, 1937, Becher, K\u00fcnstler Elfriede Balzar-Kopp, Werks.-Nr. ohne, Exemplar Nr. ohne, gemarkt Firmenmarke halbkreisf\u00f6rmig BALZAR-KOPP im Halbkreis H\u00d6HR, signiert = gemarkt, Literatur: Gisela Reineking von Bock, Meister der &hellip; <a href=\"https:\/\/museumek.eu\/?page_id=50460\">Weiterlesen <span class=\"meta-nav\">&rarr;<\/span><\/a><\/p>\n","protected":false},"author":1,"featured_media":0,"parent":20278,"menu_order":3,"comment_status":"closed","ping_status":"open","template":"","meta":[],"_links":{"self":[{"href":"https:\/\/museumek.eu\/index.php?rest_route=\/wp\/v2\/pages\/50460"}],"collection":[{"href":"https:\/\/museumek.eu\/index.php?rest_route=\/wp\/v2\/pages"}],"about":[{"href":"https:\/\/museumek.eu\/index.php?rest_route=\/wp\/v2\/types\/page"}],"author":[{"embeddable":true,"href":"https:\/\/museumek.eu\/index.php?rest_route=\/wp\/v2\/users\/1"}],"replies":[{"embeddable":true,"href":"https:\/\/museumek.eu\/index.php?rest_route=%2Fwp%2Fv2%2Fcomments&post=50460"}],"version-history":[{"count":4,"href":"https:\/\/museumek.eu\/index.php?rest_route=\/wp\/v2\/pages\/50460\/revisions"}],"predecessor-version":[{"id":52182,"href":"https:\/\/museumek.eu\/index.php?rest_route=\/wp\/v2\/pages\/50460\/revisions\/52182"}],"up":[{"embeddable":true,"href":"https:\/\/museumek.eu\/index.php?rest_route=\/wp\/v2\/pages\/20278"}],"wp:attachment":[{"href":"https:\/\/museumek.eu\/index.php?rest_route=%2Fwp%2Fv2%2Fmedia&parent=50460"}],"curies":[{"name":"wp","href":"https:\/\/api.w.org\/{rel}","templated":true}]}}