{"id":50505,"date":"2020-10-25T20:37:37","date_gmt":"2020-10-25T19:37:37","guid":{"rendered":"http:\/\/museumek.eu\/?page_id=50505"},"modified":"2021-03-21T15:33:18","modified_gmt":"2021-03-21T14:33:18","slug":"dcxxviii2","status":"publish","type":"page","link":"https:\/\/museumek.eu\/?page_id=50505","title":{"rendered":"D\/CXXVIII\/2"},"content":{"rendered":"<p><strong>Abteilung Deutschland, Keramik 1860 \u2013 1960, Inventarnummer D\/CXXVIII\/2<\/strong><\/p>\n<p>Johann Haviland Porzellanfabrik Waldershof und Nachfolger Porzellanfabrik Waldershof AG vormals Johann Haviland, Deutschland, Waldershof, 1924 bis 1936, Zuckerdose, K\u00fcnstler unbekannt, Werks.-Nr. ohne, Exemplar Nr. ohne, gemarkt Firmenmarke mit JHW (f\u00fcr Johann Haviland Waldershof) ligiert dunkelgr\u00fcner Stempel unter Glasur, nicht signiert, Literatur: Gustav Wei\u00df, Ullstein Porzellanbuch, Seite 314, eine der Marken Nr. 8 identisch mit Firmenmarke JHW ligiert, beschrieben mit Waldershof, 1907 (hier nicht als Datierung der Marke, sondern als Gr\u00fcndungsjahr gemeint), weitere Literatur: J. G. Th. Graesse und E. Jaennicke, F\u00fchrer f\u00fcr Sammler, Porzellan und Fayence, Steinzeug, Steingut usw, Seite 515, Marke Nr. 38 identisch, weitere Literatur: Emanuel Poche, Porzellan-Marken aus aller Welt, Marke Nr. 1708 identisch, weitere Literatur: Robert E. R\u00f6ntgen, Deutsche Porzellanmarken von 1710 bis heute, Seite 363, Marke Nr. 2878 identisch (dort f\u00fcr die Zeit 1907 &#8211; 1937), weitere Literatur: Dieter Z\u00fchlsdorff, Markenlexikon, Porzellan und Keramikreport 1885 &#8211; 1935, Seite 90, Werkteil 1., Gruppennummer des Werkteils 1., laufende Nummer der Gruppe 1840, Marke identisch (f\u00fcr die Zeit ab 1924) sowie Seite 638, Werkteil 3., laufende Nummer des Werkteils 1343, dort Beschreibung der Fabrik, weitere Literatur: Ludwig Danckert, Handbuch des Europ\u00e4ischen Porzellans, 7. Auflage, Seite 739\/740, dort kurze Beschreibung der Fabrik sowie Seite 740, Marke 155 identisch (die Marke wurde am 29.10.1909 in das RWZR eingetragen), Oberingenieur Johann Haviland, Sohn von David Haviland, Inhaber der Porzellanfabriken Haviland &#038; Co., Limoges, Frankreich, gr\u00fcndete 1907 (handelsgerichtlicher Eintragungstag 19.07.1907) in Waldershof eine Porzellanfabrik, er firmierte als Johann Haviland Porzellanfabrik Waldershof, die Finanzierung wurde durch die o. g. v\u00e4terlichen Fabriken sichergestellt, die eigentliche Porzellanproduktion wurde ab 1910 aufgenommen, 1919 verstarb David Haviland und Erbauseinandersetzungen mit seinem Bruder George Haviland sowie die 1923 einsetzende Inflation f\u00fchrten dazu, dass Johann Haviland die Fabrik im Februar 1924, r\u00fcckwirkend zum 01.01.1924, an die Societa Ceramika Richard-Ginori verkaufte, Richard-Ginorie gr\u00fcndete daraufhin f\u00fcr die Fabrik eine AG, diese firmierte als Porzellanfabrik Waldershof AG, vormals Johann Haviland, die Fabrikate erhielten einen zus\u00e4tzlichen Stempel mit RICHARD GINORI, 1937 erwarb die Rosenthal Porzellan AG das gesamte Aktienpaket und wurde neuer Eigent\u00fcmer, Rosenthal behielt die Firmierung bei und f\u00fcgte der Marke JOHANN HAVILAND, Krone, BAVARIA lediglich Punkte, wie sie auch unter die Firmenmarke von Rosenthal gemalt worden sind und Zus\u00e4tze wie Buchstabe R und Germany zu,<br \/>\nH\u00f6he 10 cm, Breite 16 cm<\/p>\n<p><a href=\"http:\/\/museumek.eu\/?attachment_id=50488\" rel=\"attachment wp-att-50488\"><img loading=\"lazy\" src=\"http:\/\/museumek.eu\/wp-content\/uploads\/2015\/05\/Haviland-Zuckerdose-1-300x239.jpg\" alt=\"\" title=\"Haviland Zuckerdose 1\" width=\"300\" height=\"239\" class=\"alignnone size-medium wp-image-50488\" srcset=\"https:\/\/museumek.eu\/wp-content\/uploads\/2015\/05\/Haviland-Zuckerdose-1-300x239.jpg 300w, https:\/\/museumek.eu\/wp-content\/uploads\/2015\/05\/Haviland-Zuckerdose-1-150x119.jpg 150w, https:\/\/museumek.eu\/wp-content\/uploads\/2015\/05\/Haviland-Zuckerdose-1-376x300.jpg 376w, https:\/\/museumek.eu\/wp-content\/uploads\/2015\/05\/Haviland-Zuckerdose-1.jpg 602w\" sizes=\"(max-width: 300px) 100vw, 300px\" \/><\/a><\/p>\n<p><a href=\"http:\/\/museumek.eu\/?attachment_id=50489\" rel=\"attachment wp-att-50489\"><img loading=\"lazy\" src=\"http:\/\/museumek.eu\/wp-content\/uploads\/2015\/05\/Haviland-Zuckerdose-2-300x228.jpg\" alt=\"\" title=\"Haviland Zuckerdose 2\" width=\"300\" height=\"228\" class=\"alignnone size-medium wp-image-50489\" srcset=\"https:\/\/museumek.eu\/wp-content\/uploads\/2015\/05\/Haviland-Zuckerdose-2-300x228.jpg 300w, https:\/\/museumek.eu\/wp-content\/uploads\/2015\/05\/Haviland-Zuckerdose-2-150x114.jpg 150w, https:\/\/museumek.eu\/wp-content\/uploads\/2015\/05\/Haviland-Zuckerdose-2-393x300.jpg 393w, https:\/\/museumek.eu\/wp-content\/uploads\/2015\/05\/Haviland-Zuckerdose-2.jpg 630w\" sizes=\"(max-width: 300px) 100vw, 300px\" \/><\/a><\/p>\n<p><a href=\"http:\/\/museumek.eu\/?attachment_id=50490\" rel=\"attachment wp-att-50490\"><img loading=\"lazy\" src=\"http:\/\/museumek.eu\/wp-content\/uploads\/2015\/05\/Haviland-Zuckerdose-3-228x300.jpg\" alt=\"\" title=\"Haviland Zuckerdose 3\" width=\"228\" height=\"300\" class=\"alignnone size-medium wp-image-50490\" srcset=\"https:\/\/museumek.eu\/wp-content\/uploads\/2015\/05\/Haviland-Zuckerdose-3-228x300.jpg 228w, https:\/\/museumek.eu\/wp-content\/uploads\/2015\/05\/Haviland-Zuckerdose-3-114x150.jpg 114w, https:\/\/museumek.eu\/wp-content\/uploads\/2015\/05\/Haviland-Zuckerdose-3.jpg 480w\" sizes=\"(max-width: 228px) 100vw, 228px\" \/><\/a><\/p>\n<p><a href=\"http:\/\/museumek.eu\/?attachment_id=50491\" rel=\"attachment wp-att-50491\"><img loading=\"lazy\" src=\"http:\/\/museumek.eu\/wp-content\/uploads\/2015\/05\/Haviland-Zuckerdose-4-193x300.jpg\" alt=\"\" title=\"Haviland Zuckerdose 4\" width=\"193\" height=\"300\" class=\"alignnone size-medium wp-image-50491\" srcset=\"https:\/\/museumek.eu\/wp-content\/uploads\/2015\/05\/Haviland-Zuckerdose-4-193x300.jpg 193w, https:\/\/museumek.eu\/wp-content\/uploads\/2015\/05\/Haviland-Zuckerdose-4-96x150.jpg 96w, https:\/\/museumek.eu\/wp-content\/uploads\/2015\/05\/Haviland-Zuckerdose-4.jpg 413w\" sizes=\"(max-width: 193px) 100vw, 193px\" \/><\/a><\/p>\n<p><a href=\"http:\/\/museumek.eu\/?attachment_id=50492\" rel=\"attachment wp-att-50492\"><img loading=\"lazy\" src=\"http:\/\/museumek.eu\/wp-content\/uploads\/2015\/05\/Haviland-Zuckerdose-5-300x273.jpg\" alt=\"\" title=\"Haviland Zuckerdose 5\" width=\"300\" height=\"273\" class=\"alignnone size-medium wp-image-50492\" srcset=\"https:\/\/museumek.eu\/wp-content\/uploads\/2015\/05\/Haviland-Zuckerdose-5-300x273.jpg 300w, https:\/\/museumek.eu\/wp-content\/uploads\/2015\/05\/Haviland-Zuckerdose-5-150x136.jpg 150w, https:\/\/museumek.eu\/wp-content\/uploads\/2015\/05\/Haviland-Zuckerdose-5-329x300.jpg 329w, https:\/\/museumek.eu\/wp-content\/uploads\/2015\/05\/Haviland-Zuckerdose-5.jpg 527w\" sizes=\"(max-width: 300px) 100vw, 300px\" \/><\/a><\/p>\n","protected":false},"excerpt":{"rendered":"<p>Abteilung Deutschland, Keramik 1860 \u2013 1960, Inventarnummer D\/CXXVIII\/2 Johann Haviland Porzellanfabrik Waldershof und Nachfolger Porzellanfabrik Waldershof AG vormals Johann Haviland, Deutschland, Waldershof, 1924 bis 1936, Zuckerdose, K\u00fcnstler unbekannt, Werks.-Nr. ohne, Exemplar Nr. ohne, gemarkt Firmenmarke mit JHW (f\u00fcr Johann Haviland &hellip; <a href=\"https:\/\/museumek.eu\/?page_id=50505\">Weiterlesen <span class=\"meta-nav\">&rarr;<\/span><\/a><\/p>\n","protected":false},"author":1,"featured_media":0,"parent":40508,"menu_order":2,"comment_status":"closed","ping_status":"open","template":"","meta":[],"_links":{"self":[{"href":"https:\/\/museumek.eu\/index.php?rest_route=\/wp\/v2\/pages\/50505"}],"collection":[{"href":"https:\/\/museumek.eu\/index.php?rest_route=\/wp\/v2\/pages"}],"about":[{"href":"https:\/\/museumek.eu\/index.php?rest_route=\/wp\/v2\/types\/page"}],"author":[{"embeddable":true,"href":"https:\/\/museumek.eu\/index.php?rest_route=\/wp\/v2\/users\/1"}],"replies":[{"embeddable":true,"href":"https:\/\/museumek.eu\/index.php?rest_route=%2Fwp%2Fv2%2Fcomments&post=50505"}],"version-history":[{"count":6,"href":"https:\/\/museumek.eu\/index.php?rest_route=\/wp\/v2\/pages\/50505\/revisions"}],"predecessor-version":[{"id":54763,"href":"https:\/\/museumek.eu\/index.php?rest_route=\/wp\/v2\/pages\/50505\/revisions\/54763"}],"up":[{"embeddable":true,"href":"https:\/\/museumek.eu\/index.php?rest_route=\/wp\/v2\/pages\/40508"}],"wp:attachment":[{"href":"https:\/\/museumek.eu\/index.php?rest_route=%2Fwp%2Fv2%2Fmedia&parent=50505"}],"curies":[{"name":"wp","href":"https:\/\/api.w.org\/{rel}","templated":true}]}}