{"id":50730,"date":"2020-11-18T20:58:26","date_gmt":"2020-11-18T19:58:26","guid":{"rendered":"http:\/\/museumek.eu\/?page_id=50730"},"modified":"2021-01-15T09:43:40","modified_gmt":"2021-01-15T08:43:40","slug":"axxxvi9","status":"publish","type":"page","link":"https:\/\/museumek.eu\/?page_id=50730","title":{"rendered":"A\/XXXVI\/9"},"content":{"rendered":"<p><strong>Abteilung Austria\/Ungarn\/B\u00f6hmen, Keramik 1860 \u2013 1960, Inventarnummer A\/XXXVI\/9<\/strong><\/p>\n<p>B. Bloch &#038; Co. Porzellan-, Majolika-, Ofen- u. Terracottafabriken, B\u00f6hmen\/Austria, Eichwald\/Dubi, um 1920, Figur Frau mit Tasche, K\u00fcnstler unbekannt, Werks.-Nr. 9333, Exemplar Nr. 45 (?), gemarkt Firmenmarke mit Krone darunter ein nicht gedeuteter Rahmen, in dem Rahmen BB darunter E (f\u00fcr Bernhard Bloch in Eichwald) gr\u00fcner Stempel unter Glasur, 9333, 45 sowie 12 gepresst, 1283. schwarz unter Glasur gemalt (evtl. Malernummer) sowie durchgestrichene, wohl falsche Nummer schwarz gemalt, nicht signiert, Literatur: Waltraud Neuwirth, Bl\u00fchender Jugendstil, Band II, S. 223 ff., Beschreibung der Fabrik sowie Seite 231, Marke Nr. 10 identisch, weitere Literatur: Otto Pelka, Keramik der Neuzeit, Markentafel III, Marke Nr. 30 identisch, Seite 209, Herstellerverzeichnis, Eichwald, B. Bloch 30 sowie Seite 217, Namenverzeichnis, Bloch, B, M 30, weitere Literatur: Volker M\u00f6lle Riessner, Amphora, Die Porzellan- und Keramikmanufaktur in Nord-B\u00f6hmen, Seite 183, Beschreibung der Bloch&#8217;schen Fabriken, weitere Literatur: Dieter Z\u00fchlsdorff, Markenlexikon, Porzellan und Keramikreport 1885 &#8211; 1935, Seite 270, Werkteilnummer 1, Gruppennummer des Werkteils 4, fortlaufende Nummer der Gruppe 604, identische Marke (dort f\u00fcr die Zeit ab 1920) sowie Werkteil 3, fortlaufende Nummer des Werkteils 305, dort Beschreibung der Bloch&#8217;schen Fabriken, 1869 Gr\u00fcndung durch Anton Tschinkel Siderolithwaarenfabrik, aufgekauft 1885 von C. Teichert und firmiert als Mei\u00dfner Ofen- und Porzellanfabrik Filiale Eichwald, 1899 \u00dcbernahme durch Bernhard Bloch und Firmierung als B. Bloch &#038; Co. Porzellan-, Majolika-, Ofen- u. Terracottafabriken oder auch B. Bloch &#038; Co. Ofen- und Porzellanfabrik, 1921 Trennung in zwei Firmen, erstens Eichwalder Porzellan- und Ofenfabrik Bernhard Bloch &#038; Co. und zweitens B. Bloch (Inhaber Stella Bloch), sp\u00e4ter firmierte eine der Fabriken dann noch als Eichwalder Porzellan-, Ofen- und Wandplattenfabrik Dr. Widera &#038; Co., in unterschiedlicher Literatur wird die Historie der Bloch\u2018schen Fabriken unterschiedlich dargestellt,<br \/>\nH\u00f6he 31 cm, Breite 23,5 cm<\/p>\n<p><a href=\"http:\/\/museumek.eu\/?attachment_id=50709\" rel=\"attachment wp-att-50709\"><img loading=\"lazy\" src=\"http:\/\/museumek.eu\/wp-content\/uploads\/2011\/09\/B.-Bloch-Dame-1-175x300.jpg\" alt=\"\" title=\"B. Bloch Dame 1\" width=\"175\" height=\"300\" class=\"alignnone size-medium wp-image-50709\" srcset=\"https:\/\/museumek.eu\/wp-content\/uploads\/2011\/09\/B.-Bloch-Dame-1-175x300.jpg 175w, https:\/\/museumek.eu\/wp-content\/uploads\/2011\/09\/B.-Bloch-Dame-1-87x150.jpg 87w, https:\/\/museumek.eu\/wp-content\/uploads\/2011\/09\/B.-Bloch-Dame-1.jpg 375w\" sizes=\"(max-width: 175px) 100vw, 175px\" \/><\/a><\/p>\n<p><a href=\"http:\/\/museumek.eu\/?attachment_id=50710\" rel=\"attachment wp-att-50710\"><img loading=\"lazy\" src=\"http:\/\/museumek.eu\/wp-content\/uploads\/2011\/09\/B.-Bloch-Dame-2-174x300.jpg\" alt=\"\" title=\"B. Bloch Dame 2\" width=\"174\" height=\"300\" class=\"alignnone size-medium wp-image-50710\" srcset=\"https:\/\/museumek.eu\/wp-content\/uploads\/2011\/09\/B.-Bloch-Dame-2-174x300.jpg 174w, https:\/\/museumek.eu\/wp-content\/uploads\/2011\/09\/B.-Bloch-Dame-2-87x150.jpg 87w, https:\/\/museumek.eu\/wp-content\/uploads\/2011\/09\/B.-Bloch-Dame-2.jpg 372w\" sizes=\"(max-width: 174px) 100vw, 174px\" \/><\/a><\/p>\n<p><a href=\"http:\/\/museumek.eu\/?attachment_id=50711\" rel=\"attachment wp-att-50711\"><img loading=\"lazy\" src=\"http:\/\/museumek.eu\/wp-content\/uploads\/2011\/09\/B.-Bloch-Dame-3-176x300.jpg\" alt=\"\" title=\"B. Bloch Dame 3\" width=\"176\" height=\"300\" class=\"alignnone size-medium wp-image-50711\" srcset=\"https:\/\/museumek.eu\/wp-content\/uploads\/2011\/09\/B.-Bloch-Dame-3-176x300.jpg 176w, https:\/\/museumek.eu\/wp-content\/uploads\/2011\/09\/B.-Bloch-Dame-3-88x150.jpg 88w, https:\/\/museumek.eu\/wp-content\/uploads\/2011\/09\/B.-Bloch-Dame-3.jpg 376w\" sizes=\"(max-width: 176px) 100vw, 176px\" \/><\/a><\/p>\n<p><a href=\"http:\/\/museumek.eu\/?attachment_id=50712\" rel=\"attachment wp-att-50712\"><img loading=\"lazy\" src=\"http:\/\/museumek.eu\/wp-content\/uploads\/2011\/09\/B.-Bloch-Dame-4-180x300.jpg\" alt=\"\" title=\"B. Bloch Dame 4\" width=\"180\" height=\"300\" class=\"alignnone size-medium wp-image-50712\" srcset=\"https:\/\/museumek.eu\/wp-content\/uploads\/2011\/09\/B.-Bloch-Dame-4-180x300.jpg 180w, https:\/\/museumek.eu\/wp-content\/uploads\/2011\/09\/B.-Bloch-Dame-4-90x150.jpg 90w, https:\/\/museumek.eu\/wp-content\/uploads\/2011\/09\/B.-Bloch-Dame-4.jpg 385w\" sizes=\"(max-width: 180px) 100vw, 180px\" \/><\/a><\/p>\n<p><a href=\"http:\/\/museumek.eu\/?attachment_id=50713\" rel=\"attachment wp-att-50713\"><img loading=\"lazy\" src=\"http:\/\/museumek.eu\/wp-content\/uploads\/2011\/09\/B.-Bloch-Dame-5-203x300.jpg\" alt=\"\" title=\"B. Bloch Dame 5\" width=\"203\" height=\"300\" class=\"alignnone size-medium wp-image-50713\" srcset=\"https:\/\/museumek.eu\/wp-content\/uploads\/2011\/09\/B.-Bloch-Dame-5-203x300.jpg 203w, https:\/\/museumek.eu\/wp-content\/uploads\/2011\/09\/B.-Bloch-Dame-5-101x150.jpg 101w, https:\/\/museumek.eu\/wp-content\/uploads\/2011\/09\/B.-Bloch-Dame-5.jpg 435w\" sizes=\"(max-width: 203px) 100vw, 203px\" \/><\/a><\/p>\n<p><a href=\"http:\/\/museumek.eu\/?attachment_id=50714\" rel=\"attachment wp-att-50714\"><img loading=\"lazy\" src=\"http:\/\/museumek.eu\/wp-content\/uploads\/2011\/09\/B.-Bloch-Dame-6-214x300.jpg\" alt=\"\" title=\"B. Bloch Dame 6\" width=\"214\" height=\"300\" class=\"alignnone size-medium wp-image-50714\" srcset=\"https:\/\/museumek.eu\/wp-content\/uploads\/2011\/09\/B.-Bloch-Dame-6-214x300.jpg 214w, https:\/\/museumek.eu\/wp-content\/uploads\/2011\/09\/B.-Bloch-Dame-6-107x150.jpg 107w, https:\/\/museumek.eu\/wp-content\/uploads\/2011\/09\/B.-Bloch-Dame-6.jpg 458w\" sizes=\"(max-width: 214px) 100vw, 214px\" \/><\/a><\/p>\n<p><a href=\"http:\/\/museumek.eu\/?attachment_id=50717\" rel=\"attachment wp-att-50717\"><img loading=\"lazy\" src=\"http:\/\/museumek.eu\/wp-content\/uploads\/2011\/09\/B.-Bloch-Dame-7-243x300.jpg\" alt=\"\" title=\"B. Bloch Dame 7\" width=\"243\" height=\"300\" class=\"alignnone size-medium wp-image-50717\" srcset=\"https:\/\/museumek.eu\/wp-content\/uploads\/2011\/09\/B.-Bloch-Dame-7-243x300.jpg 243w, https:\/\/museumek.eu\/wp-content\/uploads\/2011\/09\/B.-Bloch-Dame-7-121x150.jpg 121w, https:\/\/museumek.eu\/wp-content\/uploads\/2011\/09\/B.-Bloch-Dame-7.jpg 480w\" sizes=\"(max-width: 243px) 100vw, 243px\" \/><\/a><\/p>\n<p><a href=\"http:\/\/museumek.eu\/?attachment_id=50718\" rel=\"attachment wp-att-50718\"><img loading=\"lazy\" src=\"http:\/\/museumek.eu\/wp-content\/uploads\/2011\/09\/B.-Bloch-Dame-8-231x300.jpg\" alt=\"\" title=\"B. Bloch Dame 8\" width=\"231\" height=\"300\" class=\"alignnone size-medium wp-image-50718\" srcset=\"https:\/\/museumek.eu\/wp-content\/uploads\/2011\/09\/B.-Bloch-Dame-8-231x300.jpg 231w, https:\/\/museumek.eu\/wp-content\/uploads\/2011\/09\/B.-Bloch-Dame-8-115x150.jpg 115w, https:\/\/museumek.eu\/wp-content\/uploads\/2011\/09\/B.-Bloch-Dame-8.jpg 480w\" sizes=\"(max-width: 231px) 100vw, 231px\" \/><\/a><\/p>\n<p><a href=\"http:\/\/museumek.eu\/?attachment_id=50719\" rel=\"attachment wp-att-50719\"><img loading=\"lazy\" src=\"http:\/\/museumek.eu\/wp-content\/uploads\/2011\/09\/B.-Bloch-Dame-9-282x300.jpg\" alt=\"\" title=\"B. Bloch Dame 9\" width=\"282\" height=\"300\" class=\"alignnone size-medium wp-image-50719\" srcset=\"https:\/\/museumek.eu\/wp-content\/uploads\/2011\/09\/B.-Bloch-Dame-9-282x300.jpg 282w, https:\/\/museumek.eu\/wp-content\/uploads\/2011\/09\/B.-Bloch-Dame-9-141x150.jpg 141w, https:\/\/museumek.eu\/wp-content\/uploads\/2011\/09\/B.-Bloch-Dame-9.jpg 480w\" sizes=\"(max-width: 282px) 100vw, 282px\" \/><\/a><\/p>\n<p><a href=\"http:\/\/museumek.eu\/?attachment_id=50720\" rel=\"attachment wp-att-50720\"><img loading=\"lazy\" src=\"http:\/\/museumek.eu\/wp-content\/uploads\/2011\/09\/B.-Bloch-Dame-10-237x300.jpg\" alt=\"\" title=\"B. Bloch Dame 10\" width=\"237\" height=\"300\" class=\"alignnone size-medium wp-image-50720\" srcset=\"https:\/\/museumek.eu\/wp-content\/uploads\/2011\/09\/B.-Bloch-Dame-10-237x300.jpg 237w, https:\/\/museumek.eu\/wp-content\/uploads\/2011\/09\/B.-Bloch-Dame-10-118x150.jpg 118w, https:\/\/museumek.eu\/wp-content\/uploads\/2011\/09\/B.-Bloch-Dame-10.jpg 480w\" sizes=\"(max-width: 237px) 100vw, 237px\" \/><\/a><\/p>\n<p><a href=\"http:\/\/museumek.eu\/?attachment_id=50721\" rel=\"attachment wp-att-50721\"><img loading=\"lazy\" src=\"http:\/\/museumek.eu\/wp-content\/uploads\/2011\/09\/B.-Bloch-Dame-11-251x300.jpg\" alt=\"\" title=\"B. Bloch Dame 11\" width=\"251\" height=\"300\" class=\"alignnone size-medium wp-image-50721\" srcset=\"https:\/\/museumek.eu\/wp-content\/uploads\/2011\/09\/B.-Bloch-Dame-11-251x300.jpg 251w, https:\/\/museumek.eu\/wp-content\/uploads\/2011\/09\/B.-Bloch-Dame-11-125x150.jpg 125w, https:\/\/museumek.eu\/wp-content\/uploads\/2011\/09\/B.-Bloch-Dame-11.jpg 480w\" sizes=\"(max-width: 251px) 100vw, 251px\" \/><\/a><\/p>\n","protected":false},"excerpt":{"rendered":"<p>Abteilung Austria\/Ungarn\/B\u00f6hmen, Keramik 1860 \u2013 1960, Inventarnummer A\/XXXVI\/9 B. Bloch &#038; Co. Porzellan-, Majolika-, Ofen- u. Terracottafabriken, B\u00f6hmen\/Austria, Eichwald\/Dubi, um 1920, Figur Frau mit Tasche, K\u00fcnstler unbekannt, Werks.-Nr. 9333, Exemplar Nr. 45 (?), gemarkt Firmenmarke mit Krone darunter ein nicht &hellip; <a href=\"https:\/\/museumek.eu\/?page_id=50730\">Weiterlesen <span class=\"meta-nav\">&rarr;<\/span><\/a><\/p>\n","protected":false},"author":1,"featured_media":0,"parent":12948,"menu_order":9,"comment_status":"closed","ping_status":"open","template":"","meta":[],"_links":{"self":[{"href":"https:\/\/museumek.eu\/index.php?rest_route=\/wp\/v2\/pages\/50730"}],"collection":[{"href":"https:\/\/museumek.eu\/index.php?rest_route=\/wp\/v2\/pages"}],"about":[{"href":"https:\/\/museumek.eu\/index.php?rest_route=\/wp\/v2\/types\/page"}],"author":[{"embeddable":true,"href":"https:\/\/museumek.eu\/index.php?rest_route=\/wp\/v2\/users\/1"}],"replies":[{"embeddable":true,"href":"https:\/\/museumek.eu\/index.php?rest_route=%2Fwp%2Fv2%2Fcomments&post=50730"}],"version-history":[{"count":11,"href":"https:\/\/museumek.eu\/index.php?rest_route=\/wp\/v2\/pages\/50730\/revisions"}],"predecessor-version":[{"id":52244,"href":"https:\/\/museumek.eu\/index.php?rest_route=\/wp\/v2\/pages\/50730\/revisions\/52244"}],"up":[{"embeddable":true,"href":"https:\/\/museumek.eu\/index.php?rest_route=\/wp\/v2\/pages\/12948"}],"wp:attachment":[{"href":"https:\/\/museumek.eu\/index.php?rest_route=%2Fwp%2Fv2%2Fmedia&parent=50730"}],"curies":[{"name":"wp","href":"https:\/\/api.w.org\/{rel}","templated":true}]}}