{"id":50757,"date":"2020-11-21T20:28:51","date_gmt":"2020-11-21T19:28:51","guid":{"rendered":"http:\/\/museumek.eu\/?page_id=50757"},"modified":"2020-11-21T20:28:51","modified_gmt":"2020-11-21T19:28:51","slug":"oz-43","status":"publish","type":"page","link":"https:\/\/museumek.eu\/?page_id=50757","title":{"rendered":"OZ 43"},"content":{"rendered":"<p><strong>Abteilung Ohne Zuordnung, Keramik 1860 \u2013 1960, Inventarnummer OZ\/43<\/strong><\/p>\n<p>Erotische Tasse, wohl vor 1950, Werksnummer ohne, gemarkt PATENT.T.T gepresst, nicht signiert, die Br\u00fcste sind durch eine spezielle Aufh\u00e4ngung beweglich,<br \/>\nH\u00f6he 10,5 cm, Breite 12 cm <\/p>\n<p><a href=\"http:\/\/museumek.eu\/?attachment_id=50740\" rel=\"attachment wp-att-50740\"><img loading=\"lazy\" src=\"http:\/\/museumek.eu\/wp-content\/uploads\/2011\/09\/Erotische-Tasse-unbekannt-1-245x300.jpg\" alt=\"\" title=\"Erotische Tasse unbekannt 1\" width=\"245\" height=\"300\" class=\"alignnone size-medium wp-image-50740\" srcset=\"https:\/\/museumek.eu\/wp-content\/uploads\/2011\/09\/Erotische-Tasse-unbekannt-1-245x300.jpg 245w, https:\/\/museumek.eu\/wp-content\/uploads\/2011\/09\/Erotische-Tasse-unbekannt-1-122x150.jpg 122w, https:\/\/museumek.eu\/wp-content\/uploads\/2011\/09\/Erotische-Tasse-unbekannt-1.jpg 480w\" sizes=\"(max-width: 245px) 100vw, 245px\" \/><\/a><\/p>\n<p><a href=\"http:\/\/museumek.eu\/?attachment_id=50741\" rel=\"attachment wp-att-50741\"><img loading=\"lazy\" src=\"http:\/\/museumek.eu\/wp-content\/uploads\/2011\/09\/Erotische-Tasse-unbekannt-2-277x300.jpg\" alt=\"\" title=\"Erotische Tasse unbekannt 2\" width=\"277\" height=\"300\" class=\"alignnone size-medium wp-image-50741\" srcset=\"https:\/\/museumek.eu\/wp-content\/uploads\/2011\/09\/Erotische-Tasse-unbekannt-2-277x300.jpg 277w, https:\/\/museumek.eu\/wp-content\/uploads\/2011\/09\/Erotische-Tasse-unbekannt-2-138x150.jpg 138w, https:\/\/museumek.eu\/wp-content\/uploads\/2011\/09\/Erotische-Tasse-unbekannt-2.jpg 480w\" sizes=\"(max-width: 277px) 100vw, 277px\" \/><\/a><\/p>\n<p><a href=\"http:\/\/museumek.eu\/?attachment_id=50742\" rel=\"attachment wp-att-50742\"><img loading=\"lazy\" src=\"http:\/\/museumek.eu\/wp-content\/uploads\/2011\/09\/Erotische-Tasse-unbekannt-3-206x300.jpg\" alt=\"\" title=\"Erotische Tasse unbekannt 3\" width=\"206\" height=\"300\" class=\"alignnone size-medium wp-image-50742\" srcset=\"https:\/\/museumek.eu\/wp-content\/uploads\/2011\/09\/Erotische-Tasse-unbekannt-3-206x300.jpg 206w, https:\/\/museumek.eu\/wp-content\/uploads\/2011\/09\/Erotische-Tasse-unbekannt-3-103x150.jpg 103w, https:\/\/museumek.eu\/wp-content\/uploads\/2011\/09\/Erotische-Tasse-unbekannt-3.jpg 441w\" sizes=\"(max-width: 206px) 100vw, 206px\" \/><\/a><\/p>\n<p><a href=\"http:\/\/museumek.eu\/?attachment_id=50745\" rel=\"attachment wp-att-50745\"><img loading=\"lazy\" src=\"http:\/\/museumek.eu\/wp-content\/uploads\/2011\/09\/Erotische-Tasse-unbekannt-4-300x292.jpg\" alt=\"\" title=\"Erotische Tasse unbekannt 4\" width=\"300\" height=\"292\" class=\"alignnone size-medium wp-image-50745\" srcset=\"https:\/\/museumek.eu\/wp-content\/uploads\/2011\/09\/Erotische-Tasse-unbekannt-4-300x292.jpg 300w, https:\/\/museumek.eu\/wp-content\/uploads\/2011\/09\/Erotische-Tasse-unbekannt-4-150x146.jpg 150w, https:\/\/museumek.eu\/wp-content\/uploads\/2011\/09\/Erotische-Tasse-unbekannt-4-308x300.jpg 308w, https:\/\/museumek.eu\/wp-content\/uploads\/2011\/09\/Erotische-Tasse-unbekannt-4.jpg 493w\" sizes=\"(max-width: 300px) 100vw, 300px\" \/><\/a><\/p>\n<p><a href=\"http:\/\/museumek.eu\/?attachment_id=50746\" rel=\"attachment wp-att-50746\"><img loading=\"lazy\" src=\"http:\/\/museumek.eu\/wp-content\/uploads\/2011\/09\/Erotische-Tasse-unbekannt-5-277x300.jpg\" alt=\"\" title=\"Erotische Tasse unbekannt 5\" width=\"277\" height=\"300\" class=\"alignnone size-medium wp-image-50746\" srcset=\"https:\/\/museumek.eu\/wp-content\/uploads\/2011\/09\/Erotische-Tasse-unbekannt-5-277x300.jpg 277w, https:\/\/museumek.eu\/wp-content\/uploads\/2011\/09\/Erotische-Tasse-unbekannt-5-138x150.jpg 138w, https:\/\/museumek.eu\/wp-content\/uploads\/2011\/09\/Erotische-Tasse-unbekannt-5.jpg 480w\" sizes=\"(max-width: 277px) 100vw, 277px\" \/><\/a><\/p>\n<p><a href=\"http:\/\/museumek.eu\/?attachment_id=50749\" rel=\"attachment wp-att-50749\"><img loading=\"lazy\" src=\"http:\/\/museumek.eu\/wp-content\/uploads\/2011\/09\/Erotische-Tasse-unbekannt-6-278x300.jpg\" alt=\"\" title=\"Erotische Tasse unbekannt 6\" width=\"278\" height=\"300\" class=\"alignnone size-medium wp-image-50749\" srcset=\"https:\/\/museumek.eu\/wp-content\/uploads\/2011\/09\/Erotische-Tasse-unbekannt-6-278x300.jpg 278w, https:\/\/museumek.eu\/wp-content\/uploads\/2011\/09\/Erotische-Tasse-unbekannt-6-139x150.jpg 139w, https:\/\/museumek.eu\/wp-content\/uploads\/2011\/09\/Erotische-Tasse-unbekannt-6.jpg 480w\" sizes=\"(max-width: 278px) 100vw, 278px\" \/><\/a><\/p>\n<p><a href=\"http:\/\/museumek.eu\/?attachment_id=50750\" rel=\"attachment wp-att-50750\"><img loading=\"lazy\" src=\"http:\/\/museumek.eu\/wp-content\/uploads\/2011\/09\/Erotische-Tasse-unbekannt-7-300x119.jpg\" alt=\"\" title=\"Erotische Tasse unbekannt 7\" width=\"300\" height=\"119\" class=\"alignnone size-medium wp-image-50750\" srcset=\"https:\/\/museumek.eu\/wp-content\/uploads\/2011\/09\/Erotische-Tasse-unbekannt-7-300x119.jpg 300w, https:\/\/museumek.eu\/wp-content\/uploads\/2011\/09\/Erotische-Tasse-unbekannt-7-150x59.jpg 150w, https:\/\/museumek.eu\/wp-content\/uploads\/2011\/09\/Erotische-Tasse-unbekannt-7-500x199.jpg 500w, https:\/\/museumek.eu\/wp-content\/uploads\/2011\/09\/Erotische-Tasse-unbekannt-7.jpg 640w\" sizes=\"(max-width: 300px) 100vw, 300px\" \/><\/a><\/p>\n","protected":false},"excerpt":{"rendered":"<p>Abteilung Ohne Zuordnung, Keramik 1860 \u2013 1960, Inventarnummer OZ\/43 Erotische Tasse, wohl vor 1950, Werksnummer ohne, gemarkt PATENT.T.T gepresst, nicht signiert, die Br\u00fcste sind durch eine spezielle Aufh\u00e4ngung beweglich, H\u00f6he 10,5 cm, Breite 12 cm<\/p>\n","protected":false},"author":1,"featured_media":0,"parent":49075,"menu_order":43,"comment_status":"closed","ping_status":"open","template":"","meta":[],"_links":{"self":[{"href":"https:\/\/museumek.eu\/index.php?rest_route=\/wp\/v2\/pages\/50757"}],"collection":[{"href":"https:\/\/museumek.eu\/index.php?rest_route=\/wp\/v2\/pages"}],"about":[{"href":"https:\/\/museumek.eu\/index.php?rest_route=\/wp\/v2\/types\/page"}],"author":[{"embeddable":true,"href":"https:\/\/museumek.eu\/index.php?rest_route=\/wp\/v2\/users\/1"}],"replies":[{"embeddable":true,"href":"https:\/\/museumek.eu\/index.php?rest_route=%2Fwp%2Fv2%2Fcomments&post=50757"}],"version-history":[{"count":2,"href":"https:\/\/museumek.eu\/index.php?rest_route=\/wp\/v2\/pages\/50757\/revisions"}],"predecessor-version":[{"id":50759,"href":"https:\/\/museumek.eu\/index.php?rest_route=\/wp\/v2\/pages\/50757\/revisions\/50759"}],"up":[{"embeddable":true,"href":"https:\/\/museumek.eu\/index.php?rest_route=\/wp\/v2\/pages\/49075"}],"wp:attachment":[{"href":"https:\/\/museumek.eu\/index.php?rest_route=%2Fwp%2Fv2%2Fmedia&parent=50757"}],"curies":[{"name":"wp","href":"https:\/\/api.w.org\/{rel}","templated":true}]}}