{"id":51073,"date":"2020-12-12T18:11:35","date_gmt":"2020-12-12T17:11:35","guid":{"rendered":"http:\/\/museumek.eu\/?page_id=51073"},"modified":"2020-12-12T18:11:35","modified_gmt":"2020-12-12T17:11:35","slug":"dliii43","status":"publish","type":"page","link":"https:\/\/museumek.eu\/?page_id=51073","title":{"rendered":"D\/LIII\/43"},"content":{"rendered":"<p><strong>Abteilung Deutschland, Keramik 1860 \u2013 1960, Inventarnummer D\/LIII\/43<\/strong><\/p>\n<p>Steingut- und Steinzeugfabrik, Kunstt\u00f6pferei, Zinngie\u00dferei Merkelbach &#038; Wick und Nachfolger Steingutfabrik Wick Werke AG, Vereinigte Fabriken Merkelbach &#038; Wick und Merkelbach, Stadelmann &#038; Co., Deutschland, Grenzhausen, vor\/um 1900, Krug, K\u00fcnstler unbekannt, Werks.-Nr. 39, Exemplar Nr. ohne, gemarkt Firmenmarke Rundstempel mit M &#038; W sowie Gr. (f\u00fcr Merkelbach, Wick, Grenzhausen, schwer zu erkennen), unbekanntes Zeichen sowie 1 L. \u00fcber Eichstrich gepresst, 39 unter dem Henkel mit der Form gegossen, im Deckel Stempel der Zinngie\u00dferei Ritter aus Landshut, nicht signiert, Literatur: Gisela Reineking von Bock, Meister der deutschen Keramik, Seite 329, Marke Nr. 214 identisch, weitere Literatur: J\u00fcrgen Schimanski und J\u00fcrgen Erlebach, Westerw\u00e4lder Steinzeug, Die Neue \u00c4ra, Seite 109, Fabrikbeschreibung sowie Marke Nr. 36 identisch, weitere Literatur: J\u00fcrgen Schimanski, Braun geflammt und grau gesalzen, Seite 216, Marke Nr. 36 identisch, weitere Literatur: Beate Dry-von Zezschwitz, Westerw\u00e4lder Steinzug des Jugendstils I, Reinhold Merkelbach, Spezialpreisliste 1905, Seite 10 ff., Fabrikbeschreibung, der 1840 geborene Friedrich Wilhelm Merkelbach (gest. 1896) betrieb eine Kannenb\u00e4ckerei oder bereits eine keramische Fabrik, die unter dem Namen F. W. Merkelbach II. firmierte, 1872 (oder 1874) nimmt Friedrich Wilhelm Merkelbach den Bildhauer (Johann) Georg Peter Wick (geb. 1837, gest. 1914) in die Firma auf, die Firmierung \u00e4ndert sich in Steingut- und Steinzeugfabrik, Kunstt\u00f6pferei, Zinngie\u00dferei Merkelbach &#038; Wick, ab 1882\/1883 produzieren Sie als eine der ersten Westerw\u00e4lder Fabriken Elfenbeinsteinzeug, \u00fcber die H\u00e4lfte der Produktion wird in die USA exportiert, in der Zeit von 1886 bis 1897 liefert die Fabrik Halbfertigerzeugnisse an die keramische Fabrik von Hauber &#038; Reuther, Jugenstilk\u00fcnstler wie Peter Behrens und Henry van de Velde liefern um 1900 herausragende Entw\u00fcrfe, 1895 tritt Wicks Sohn (und evtl. gleichzeitig Merkelbachs Schwiegersohn) Ludwig Konrad Wick in die Fabrik ein und \u00fcbernimmt sicher zeitnah auch deren Leitung, bis er 1910\/1911 die Leitung an seine Frau Emma abgibt, 1921\/1922 fusioniert die Fabrik mit der um 1867 in Grenzhausen von Friedrich Wilhelm Merkelbach, Theodor Stadelmann und Julius Schr\u00f6der als Mahl- und Schleifsteinfabrik gegr\u00fcndeten Fabrik Merkelbach, Stadelmann &#038; Co. (wahrscheinlich war Konrad Wicks Frau Emma bereits Miteigent\u00fcmer dieser Fabrik) zur Steingutfabrik Wick Werke AG, Vereinigte Fabriken Merkelbach &#038; Wick und Merkelbach, Stadelmann &#038; Co., die Fabrik bestand rund 100 Jahre, H\u00f6he 16,3 cm, Breite 15,5 cm (nur die Keramik)<\/p>\n<p><a href=\"http:\/\/museumek.eu\/?attachment_id=51050\" rel=\"attachment wp-att-51050\"><img loading=\"lazy\" src=\"http:\/\/museumek.eu\/wp-content\/uploads\/2013\/07\/M-W-1-L-Krug-mit-Zinn-von-Ritter-Landshut-1-162x300.jpg\" alt=\"\" title=\"M &amp; W 1 L Krug mit Zinn von Ritter Landshut 1\" width=\"162\" height=\"300\" class=\"alignnone size-medium wp-image-51050\" srcset=\"https:\/\/museumek.eu\/wp-content\/uploads\/2013\/07\/M-W-1-L-Krug-mit-Zinn-von-Ritter-Landshut-1-162x300.jpg 162w, https:\/\/museumek.eu\/wp-content\/uploads\/2013\/07\/M-W-1-L-Krug-mit-Zinn-von-Ritter-Landshut-1-81x150.jpg 81w, https:\/\/museumek.eu\/wp-content\/uploads\/2013\/07\/M-W-1-L-Krug-mit-Zinn-von-Ritter-Landshut-1.jpg 346w\" sizes=\"(max-width: 162px) 100vw, 162px\" \/><\/a><\/p>\n<p><a href=\"http:\/\/museumek.eu\/?attachment_id=51051\" rel=\"attachment wp-att-51051\"><img loading=\"lazy\" src=\"http:\/\/museumek.eu\/wp-content\/uploads\/2013\/07\/M-W-1-L-Krug-mit-Zinn-von-Ritter-Landshut-2-185x300.jpg\" alt=\"\" title=\"M &amp; W 1 L Krug mit Zinn von Ritter Landshut 2\" width=\"185\" height=\"300\" class=\"alignnone size-medium wp-image-51051\" srcset=\"https:\/\/museumek.eu\/wp-content\/uploads\/2013\/07\/M-W-1-L-Krug-mit-Zinn-von-Ritter-Landshut-2-185x300.jpg 185w, https:\/\/museumek.eu\/wp-content\/uploads\/2013\/07\/M-W-1-L-Krug-mit-Zinn-von-Ritter-Landshut-2-92x150.jpg 92w, https:\/\/museumek.eu\/wp-content\/uploads\/2013\/07\/M-W-1-L-Krug-mit-Zinn-von-Ritter-Landshut-2.jpg 396w\" sizes=\"(max-width: 185px) 100vw, 185px\" \/><\/a><\/p>\n<p><a href=\"http:\/\/museumek.eu\/?attachment_id=51054\" rel=\"attachment wp-att-51054\"><img loading=\"lazy\" src=\"http:\/\/museumek.eu\/wp-content\/uploads\/2013\/07\/M-W-1-L-Krug-mit-Zinn-von-Ritter-Landshut-3-190x300.jpg\" alt=\"\" title=\"M &amp; W 1 L Krug mit Zinn von Ritter Landshut 3\" width=\"190\" height=\"300\" class=\"alignnone size-medium wp-image-51054\" srcset=\"https:\/\/museumek.eu\/wp-content\/uploads\/2013\/07\/M-W-1-L-Krug-mit-Zinn-von-Ritter-Landshut-3-190x300.jpg 190w, https:\/\/museumek.eu\/wp-content\/uploads\/2013\/07\/M-W-1-L-Krug-mit-Zinn-von-Ritter-Landshut-3-95x150.jpg 95w, https:\/\/museumek.eu\/wp-content\/uploads\/2013\/07\/M-W-1-L-Krug-mit-Zinn-von-Ritter-Landshut-3.jpg 406w\" sizes=\"(max-width: 190px) 100vw, 190px\" \/><\/a><\/p>\n<p><a href=\"http:\/\/museumek.eu\/?attachment_id=51055\" rel=\"attachment wp-att-51055\"><img loading=\"lazy\" src=\"http:\/\/museumek.eu\/wp-content\/uploads\/2013\/07\/M-W-1-L-Krug-mit-Zinn-von-Ritter-Landshut-4-148x300.jpg\" alt=\"\" title=\"M &amp; W 1 L Krug mit Zinn von Ritter Landshut 4\" width=\"148\" height=\"300\" class=\"alignnone size-medium wp-image-51055\" srcset=\"https:\/\/museumek.eu\/wp-content\/uploads\/2013\/07\/M-W-1-L-Krug-mit-Zinn-von-Ritter-Landshut-4-148x300.jpg 148w, https:\/\/museumek.eu\/wp-content\/uploads\/2013\/07\/M-W-1-L-Krug-mit-Zinn-von-Ritter-Landshut-4-74x150.jpg 74w, https:\/\/museumek.eu\/wp-content\/uploads\/2013\/07\/M-W-1-L-Krug-mit-Zinn-von-Ritter-Landshut-4.jpg 317w\" sizes=\"(max-width: 148px) 100vw, 148px\" \/><\/a><\/p>\n<p><a href=\"http:\/\/museumek.eu\/?attachment_id=51058\" rel=\"attachment wp-att-51058\"><img loading=\"lazy\" src=\"http:\/\/museumek.eu\/wp-content\/uploads\/2013\/07\/M-W-1-L-Krug-mit-Zinn-von-Ritter-Landshut-5-218x300.jpg\" alt=\"\" title=\"M &amp; W 1 L Krug mit Zinn von Ritter Landshut 5\" width=\"218\" height=\"300\" class=\"alignnone size-medium wp-image-51058\" srcset=\"https:\/\/museumek.eu\/wp-content\/uploads\/2013\/07\/M-W-1-L-Krug-mit-Zinn-von-Ritter-Landshut-5-218x300.jpg 218w, https:\/\/museumek.eu\/wp-content\/uploads\/2013\/07\/M-W-1-L-Krug-mit-Zinn-von-Ritter-Landshut-5-109x150.jpg 109w, https:\/\/museumek.eu\/wp-content\/uploads\/2013\/07\/M-W-1-L-Krug-mit-Zinn-von-Ritter-Landshut-5.jpg 466w\" sizes=\"(max-width: 218px) 100vw, 218px\" \/><\/a><\/p>\n<p><a href=\"http:\/\/museumek.eu\/?attachment_id=51059\" rel=\"attachment wp-att-51059\"><img loading=\"lazy\" src=\"http:\/\/museumek.eu\/wp-content\/uploads\/2013\/07\/M-W-1-L-Krug-mit-Zinn-von-Ritter-Landshut-6-246x300.jpg\" alt=\"\" title=\"M &amp; W 1 L Krug mit Zinn von Ritter Landshut 6\" width=\"246\" height=\"300\" class=\"alignnone size-medium wp-image-51059\" srcset=\"https:\/\/museumek.eu\/wp-content\/uploads\/2013\/07\/M-W-1-L-Krug-mit-Zinn-von-Ritter-Landshut-6-246x300.jpg 246w, https:\/\/museumek.eu\/wp-content\/uploads\/2013\/07\/M-W-1-L-Krug-mit-Zinn-von-Ritter-Landshut-6-123x150.jpg 123w, https:\/\/museumek.eu\/wp-content\/uploads\/2013\/07\/M-W-1-L-Krug-mit-Zinn-von-Ritter-Landshut-6.jpg 480w\" sizes=\"(max-width: 246px) 100vw, 246px\" \/><\/a><\/p>\n<p><a href=\"http:\/\/museumek.eu\/?attachment_id=51060\" rel=\"attachment wp-att-51060\"><img loading=\"lazy\" src=\"http:\/\/museumek.eu\/wp-content\/uploads\/2013\/07\/M-W-1-L-Krug-mit-Zinn-von-Ritter-Landshut-7-285x300.jpg\" alt=\"\" title=\"M &amp; W 1 L Krug mit Zinn von Ritter Landshut 7\" width=\"285\" height=\"300\" class=\"alignnone size-medium wp-image-51060\" srcset=\"https:\/\/museumek.eu\/wp-content\/uploads\/2013\/07\/M-W-1-L-Krug-mit-Zinn-von-Ritter-Landshut-7-285x300.jpg 285w, https:\/\/museumek.eu\/wp-content\/uploads\/2013\/07\/M-W-1-L-Krug-mit-Zinn-von-Ritter-Landshut-7-142x150.jpg 142w, https:\/\/museumek.eu\/wp-content\/uploads\/2013\/07\/M-W-1-L-Krug-mit-Zinn-von-Ritter-Landshut-7.jpg 480w\" sizes=\"(max-width: 285px) 100vw, 285px\" \/><\/a><\/p>\n<p><a href=\"http:\/\/museumek.eu\/?attachment_id=51063\" rel=\"attachment wp-att-51063\"><img loading=\"lazy\" src=\"http:\/\/museumek.eu\/wp-content\/uploads\/2013\/07\/M-W-1-L-Krug-mit-Zinn-von-Ritter-Landshut-8-300x297.jpg\" alt=\"\" title=\"M &amp; W 1 L Krug mit Zinn von Ritter Landshut 8\" width=\"300\" height=\"297\" class=\"alignnone size-medium wp-image-51063\" srcset=\"https:\/\/museumek.eu\/wp-content\/uploads\/2013\/07\/M-W-1-L-Krug-mit-Zinn-von-Ritter-Landshut-8-300x297.jpg 300w, https:\/\/museumek.eu\/wp-content\/uploads\/2013\/07\/M-W-1-L-Krug-mit-Zinn-von-Ritter-Landshut-8-150x148.jpg 150w, https:\/\/museumek.eu\/wp-content\/uploads\/2013\/07\/M-W-1-L-Krug-mit-Zinn-von-Ritter-Landshut-8-302x300.jpg 302w, https:\/\/museumek.eu\/wp-content\/uploads\/2013\/07\/M-W-1-L-Krug-mit-Zinn-von-Ritter-Landshut-8.jpg 484w\" sizes=\"(max-width: 300px) 100vw, 300px\" \/><\/a><\/p>\n<p><a href=\"http:\/\/museumek.eu\/?attachment_id=51064\" rel=\"attachment wp-att-51064\"><img loading=\"lazy\" src=\"http:\/\/museumek.eu\/wp-content\/uploads\/2013\/07\/M-W-1-L-Krug-mit-Zinn-von-Ritter-Landshut-9-300x297.jpg\" alt=\"\" title=\"M &amp; W 1 L Krug mit Zinn von Ritter Landshut 9\" width=\"300\" height=\"297\" class=\"alignnone size-medium wp-image-51064\" srcset=\"https:\/\/museumek.eu\/wp-content\/uploads\/2013\/07\/M-W-1-L-Krug-mit-Zinn-von-Ritter-Landshut-9-300x297.jpg 300w, https:\/\/museumek.eu\/wp-content\/uploads\/2013\/07\/M-W-1-L-Krug-mit-Zinn-von-Ritter-Landshut-9-150x148.jpg 150w, https:\/\/museumek.eu\/wp-content\/uploads\/2013\/07\/M-W-1-L-Krug-mit-Zinn-von-Ritter-Landshut-9-302x300.jpg 302w, https:\/\/museumek.eu\/wp-content\/uploads\/2013\/07\/M-W-1-L-Krug-mit-Zinn-von-Ritter-Landshut-9.jpg 484w\" sizes=\"(max-width: 300px) 100vw, 300px\" \/><\/a><\/p>\n<p><a href=\"http:\/\/museumek.eu\/?attachment_id=51065\" rel=\"attachment wp-att-51065\"><img loading=\"lazy\" src=\"http:\/\/museumek.eu\/wp-content\/uploads\/2013\/07\/M-W-1-L-Krug-mit-Zinn-von-Ritter-Landshut-10-300x293.jpg\" alt=\"\" title=\"M &amp; W 1 L Krug mit Zinn von Ritter Landshut 10\" width=\"300\" height=\"293\" class=\"alignnone size-medium wp-image-51065\" srcset=\"https:\/\/museumek.eu\/wp-content\/uploads\/2013\/07\/M-W-1-L-Krug-mit-Zinn-von-Ritter-Landshut-10-300x293.jpg 300w, https:\/\/museumek.eu\/wp-content\/uploads\/2013\/07\/M-W-1-L-Krug-mit-Zinn-von-Ritter-Landshut-10-150x146.jpg 150w, https:\/\/museumek.eu\/wp-content\/uploads\/2013\/07\/M-W-1-L-Krug-mit-Zinn-von-Ritter-Landshut-10-306x300.jpg 306w, https:\/\/museumek.eu\/wp-content\/uploads\/2013\/07\/M-W-1-L-Krug-mit-Zinn-von-Ritter-Landshut-10.jpg 491w\" sizes=\"(max-width: 300px) 100vw, 300px\" \/><\/a><\/p>\n","protected":false},"excerpt":{"rendered":"<p>Abteilung Deutschland, Keramik 1860 \u2013 1960, Inventarnummer D\/LIII\/43 Steingut- und Steinzeugfabrik, Kunstt\u00f6pferei, Zinngie\u00dferei Merkelbach &#038; Wick und Nachfolger Steingutfabrik Wick Werke AG, Vereinigte Fabriken Merkelbach &#038; Wick und Merkelbach, Stadelmann &#038; Co., Deutschland, Grenzhausen, vor\/um 1900, Krug, K\u00fcnstler unbekannt, Werks.-Nr. &hellip; <a href=\"https:\/\/museumek.eu\/?page_id=51073\">Weiterlesen <span class=\"meta-nav\">&rarr;<\/span><\/a><\/p>\n","protected":false},"author":1,"featured_media":0,"parent":49976,"menu_order":43,"comment_status":"closed","ping_status":"open","template":"","meta":[],"_links":{"self":[{"href":"https:\/\/museumek.eu\/index.php?rest_route=\/wp\/v2\/pages\/51073"}],"collection":[{"href":"https:\/\/museumek.eu\/index.php?rest_route=\/wp\/v2\/pages"}],"about":[{"href":"https:\/\/museumek.eu\/index.php?rest_route=\/wp\/v2\/types\/page"}],"author":[{"embeddable":true,"href":"https:\/\/museumek.eu\/index.php?rest_route=\/wp\/v2\/users\/1"}],"replies":[{"embeddable":true,"href":"https:\/\/museumek.eu\/index.php?rest_route=%2Fwp%2Fv2%2Fcomments&post=51073"}],"version-history":[{"count":2,"href":"https:\/\/museumek.eu\/index.php?rest_route=\/wp\/v2\/pages\/51073\/revisions"}],"predecessor-version":[{"id":51075,"href":"https:\/\/museumek.eu\/index.php?rest_route=\/wp\/v2\/pages\/51073\/revisions\/51075"}],"up":[{"embeddable":true,"href":"https:\/\/museumek.eu\/index.php?rest_route=\/wp\/v2\/pages\/49976"}],"wp:attachment":[{"href":"https:\/\/museumek.eu\/index.php?rest_route=%2Fwp%2Fv2%2Fmedia&parent=51073"}],"curies":[{"name":"wp","href":"https:\/\/api.w.org\/{rel}","templated":true}]}}