{"id":51094,"date":"2020-12-12T20:24:05","date_gmt":"2020-12-12T19:24:05","guid":{"rendered":"http:\/\/museumek.eu\/?page_id=51094"},"modified":"2020-12-12T20:24:05","modified_gmt":"2020-12-12T19:24:05","slug":"oz44","status":"publish","type":"page","link":"https:\/\/museumek.eu\/?page_id=51094","title":{"rendered":"OZ\/44"},"content":{"rendered":"<p><strong>Abteilung Ohne Zuordnung, Keramik 1860 \u2013 1960, Inventarnummer OZ\/44<\/strong><\/p>\n<p>Bildnis Maria, 1937, Werksnummer 252, gemarkt Firmenmarke in einem Kreis, ein Ritter der einen Drachen bek\u00e4mpft, nicht signiert, r\u00fcckseitig ein auf 1937 datierter Aufkleber zur heiligen Kommunion,<br \/>\nL\u00e4nge 24 cm, Breite 7,5 cm <\/p>\n<p><a href=\"http:\/\/museumek.eu\/?attachment_id=51083\" rel=\"attachment wp-att-51083\"><img loading=\"lazy\" src=\"http:\/\/museumek.eu\/wp-content\/uploads\/2011\/09\/Bild-Maria-ohne-Zuordnung-1-132x300.jpg\" alt=\"\" title=\"Bild Maria ohne Zuordnung 1\" width=\"132\" height=\"300\" class=\"alignnone size-medium wp-image-51083\" srcset=\"https:\/\/museumek.eu\/wp-content\/uploads\/2011\/09\/Bild-Maria-ohne-Zuordnung-1-132x300.jpg 132w, https:\/\/museumek.eu\/wp-content\/uploads\/2011\/09\/Bild-Maria-ohne-Zuordnung-1-66x150.jpg 66w, https:\/\/museumek.eu\/wp-content\/uploads\/2011\/09\/Bild-Maria-ohne-Zuordnung-1.jpg 283w\" sizes=\"(max-width: 132px) 100vw, 132px\" \/><\/a><\/p>\n<p><a href=\"http:\/\/museumek.eu\/?attachment_id=51084\" rel=\"attachment wp-att-51084\"><img loading=\"lazy\" src=\"http:\/\/museumek.eu\/wp-content\/uploads\/2011\/09\/Bild-Maria-ohne-Zuordnung-2-103x300.jpg\" alt=\"\" title=\"Bild Maria ohne Zuordnung 2\" width=\"103\" height=\"300\" class=\"alignnone size-medium wp-image-51084\" srcset=\"https:\/\/museumek.eu\/wp-content\/uploads\/2011\/09\/Bild-Maria-ohne-Zuordnung-2-103x300.jpg 103w, https:\/\/museumek.eu\/wp-content\/uploads\/2011\/09\/Bild-Maria-ohne-Zuordnung-2-51x150.jpg 51w\" sizes=\"(max-width: 103px) 100vw, 103px\" \/><\/a><\/p>\n<p><a href=\"http:\/\/museumek.eu\/?attachment_id=51086\" rel=\"attachment wp-att-51086\"><img loading=\"lazy\" src=\"http:\/\/museumek.eu\/wp-content\/uploads\/2011\/09\/Bild-Maria-ohne-Zuordnung-3-128x300.jpg\" alt=\"\" title=\"Bild Maria ohne Zuordnung 3\" width=\"128\" height=\"300\" class=\"alignnone size-medium wp-image-51086\" srcset=\"https:\/\/museumek.eu\/wp-content\/uploads\/2011\/09\/Bild-Maria-ohne-Zuordnung-3-128x300.jpg 128w, https:\/\/museumek.eu\/wp-content\/uploads\/2011\/09\/Bild-Maria-ohne-Zuordnung-3-64x150.jpg 64w\" sizes=\"(max-width: 128px) 100vw, 128px\" \/><\/a><\/p>\n<p><a href=\"http:\/\/museumek.eu\/?attachment_id=51089\" rel=\"attachment wp-att-51089\"><img loading=\"lazy\" src=\"http:\/\/museumek.eu\/wp-content\/uploads\/2011\/09\/Bild-Maria-ohne-Zuordnung-4-167x300.jpg\" alt=\"\" title=\"Bild Maria ohne Zuordnung 4\" width=\"167\" height=\"300\" class=\"alignnone size-medium wp-image-51089\" srcset=\"https:\/\/museumek.eu\/wp-content\/uploads\/2011\/09\/Bild-Maria-ohne-Zuordnung-4-167x300.jpg 167w, https:\/\/museumek.eu\/wp-content\/uploads\/2011\/09\/Bild-Maria-ohne-Zuordnung-4-83x150.jpg 83w, https:\/\/museumek.eu\/wp-content\/uploads\/2011\/09\/Bild-Maria-ohne-Zuordnung-4.jpg 358w\" sizes=\"(max-width: 167px) 100vw, 167px\" \/><\/a><\/p>\n<p><a href=\"http:\/\/museumek.eu\/?attachment_id=51090\" rel=\"attachment wp-att-51090\"><img loading=\"lazy\" src=\"http:\/\/museumek.eu\/wp-content\/uploads\/2011\/09\/Bild-Maria-ohne-Zuordnung-5-236x300.jpg\" alt=\"\" title=\"Bild Maria ohne Zuordnung 5\" width=\"236\" height=\"300\" class=\"alignnone size-medium wp-image-51090\" srcset=\"https:\/\/museumek.eu\/wp-content\/uploads\/2011\/09\/Bild-Maria-ohne-Zuordnung-5-236x300.jpg 236w, https:\/\/museumek.eu\/wp-content\/uploads\/2011\/09\/Bild-Maria-ohne-Zuordnung-5-118x150.jpg 118w, https:\/\/museumek.eu\/wp-content\/uploads\/2011\/09\/Bild-Maria-ohne-Zuordnung-5.jpg 480w\" sizes=\"(max-width: 236px) 100vw, 236px\" \/><\/a><\/p>\n<p><a href=\"http:\/\/museumek.eu\/?attachment_id=51091\" rel=\"attachment wp-att-51091\"><img loading=\"lazy\" src=\"http:\/\/museumek.eu\/wp-content\/uploads\/2011\/09\/Bild-Maria-ohne-Zuordnung-6-300x293.jpg\" alt=\"\" title=\"Bild Maria ohne Zuordnung 6\" width=\"300\" height=\"293\" class=\"alignnone size-medium wp-image-51091\" srcset=\"https:\/\/museumek.eu\/wp-content\/uploads\/2011\/09\/Bild-Maria-ohne-Zuordnung-6-300x293.jpg 300w, https:\/\/museumek.eu\/wp-content\/uploads\/2011\/09\/Bild-Maria-ohne-Zuordnung-6-150x146.jpg 150w, https:\/\/museumek.eu\/wp-content\/uploads\/2011\/09\/Bild-Maria-ohne-Zuordnung-6-306x300.jpg 306w, https:\/\/museumek.eu\/wp-content\/uploads\/2011\/09\/Bild-Maria-ohne-Zuordnung-6.jpg 491w\" sizes=\"(max-width: 300px) 100vw, 300px\" \/><\/a><\/p>\n","protected":false},"excerpt":{"rendered":"<p>Abteilung Ohne Zuordnung, Keramik 1860 \u2013 1960, Inventarnummer OZ\/44 Bildnis Maria, 1937, Werksnummer 252, gemarkt Firmenmarke in einem Kreis, ein Ritter der einen Drachen bek\u00e4mpft, nicht signiert, r\u00fcckseitig ein auf 1937 datierter Aufkleber zur heiligen Kommunion, L\u00e4nge 24 cm, Breite &hellip; <a href=\"https:\/\/museumek.eu\/?page_id=51094\">Weiterlesen <span class=\"meta-nav\">&rarr;<\/span><\/a><\/p>\n","protected":false},"author":1,"featured_media":0,"parent":49075,"menu_order":44,"comment_status":"closed","ping_status":"open","template":"","meta":[],"_links":{"self":[{"href":"https:\/\/museumek.eu\/index.php?rest_route=\/wp\/v2\/pages\/51094"}],"collection":[{"href":"https:\/\/museumek.eu\/index.php?rest_route=\/wp\/v2\/pages"}],"about":[{"href":"https:\/\/museumek.eu\/index.php?rest_route=\/wp\/v2\/types\/page"}],"author":[{"embeddable":true,"href":"https:\/\/museumek.eu\/index.php?rest_route=\/wp\/v2\/users\/1"}],"replies":[{"embeddable":true,"href":"https:\/\/museumek.eu\/index.php?rest_route=%2Fwp%2Fv2%2Fcomments&post=51094"}],"version-history":[{"count":2,"href":"https:\/\/museumek.eu\/index.php?rest_route=\/wp\/v2\/pages\/51094\/revisions"}],"predecessor-version":[{"id":51096,"href":"https:\/\/museumek.eu\/index.php?rest_route=\/wp\/v2\/pages\/51094\/revisions\/51096"}],"up":[{"embeddable":true,"href":"https:\/\/museumek.eu\/index.php?rest_route=\/wp\/v2\/pages\/49075"}],"wp:attachment":[{"href":"https:\/\/museumek.eu\/index.php?rest_route=%2Fwp%2Fv2%2Fmedia&parent=51094"}],"curies":[{"name":"wp","href":"https:\/\/api.w.org\/{rel}","templated":true}]}}