{"id":51730,"date":"2021-01-04T20:10:55","date_gmt":"2021-01-04T19:10:55","guid":{"rendered":"http:\/\/museumek.eu\/?page_id=51730"},"modified":"2021-01-04T20:25:03","modified_gmt":"2021-01-04T19:25:03","slug":"fotos-und-beschreibung","status":"publish","type":"page","link":"https:\/\/museumek.eu\/?page_id=51730","title":{"rendered":"Fotos und Beschreibung"},"content":{"rendered":"<p><strong>Abteilung Deutschland, Keramik 1860 \u2013 1960, Inventarnummer D\/CLXXV\/1<\/strong><\/p>\n<p>Holl Keramik, Behringersdorf, dann Holl Keramik, N\u00fcrnberg, dann Werkst\u00e4tte f\u00fcr Kunsthandwerkliche Keramik Arnulf Holl, Lunkenreuth\/Ziegelh\u00fctte, Deutschland, 1938 &#8211; 1940, Kanne, K\u00fcnstler Arnulf Holl, Werks.-Nr. ohne, Exemplar Nr. ohne, gemarkt Firmenmarke mit HOLL, darunter KERAMIK, darunter N\u00dcRNBERG alles gepresst(Stempel f\u00fcr die Zeit von 1938 bis 1940), nicht signiert, der urspr\u00fcnglich aus \u00d6sterreich stammende Bildhauer und Keramiker Arnulf Holl, gr\u00fcndete 1932 seine eigene Werkstatt in Behringersdorf (Mittelfranken), Firmierung Holl Keramik, 1938 verlegte er seine Werkstatt nach N\u00fcrnberg, Firmierung dito Holl Keramik, da Holl 1940 zum Kriegsdienst eingezogen wurde und seine Werkstatt bei einem Bombenangriff zerst\u00f6rt wurde, ergibt sich die Einordnung der Firmenmarke sowie die zeitliche Einordnung der Kanne, exakt f\u00fcr die Zeit von 1938 bis 1940, nachdem Holl 1946 von der Kriegsgefangenschaft zur\u00fcckkam, gr\u00fcndete er erneut eine keramische Werkstatt, Firmierung Werkst\u00e4tte f\u00fcr Kunsthandwerkliche Keramik Arnulf Holl, Ort Lunkenreuth\/Ziegelh\u00fctte,<br \/>\nH\u00f6he 26 cm, Breite 15 cm (nur die Keramik)<\/p>\n<p><a href=\"http:\/\/museumek.eu\/?attachment_id=51731\" rel=\"attachment wp-att-51731\"><img loading=\"lazy\" src=\"http:\/\/museumek.eu\/wp-content\/uploads\/2021\/01\/Holl-N\u00fcrnberg-Kanne-1-170x300.jpg\" alt=\"\" title=\"Holl N\u00fcrnberg Kanne 1\" width=\"170\" height=\"300\" class=\"alignnone size-medium wp-image-51731\" srcset=\"https:\/\/museumek.eu\/wp-content\/uploads\/2021\/01\/Holl-N\u00fcrnberg-Kanne-1-170x300.jpg 170w, https:\/\/museumek.eu\/wp-content\/uploads\/2021\/01\/Holl-N\u00fcrnberg-Kanne-1-85x150.jpg 85w, https:\/\/museumek.eu\/wp-content\/uploads\/2021\/01\/Holl-N\u00fcrnberg-Kanne-1.jpg 364w\" sizes=\"(max-width: 170px) 100vw, 170px\" \/><\/a><\/p>\n<p><a href=\"http:\/\/museumek.eu\/?attachment_id=51732\" rel=\"attachment wp-att-51732\"><img loading=\"lazy\" src=\"http:\/\/museumek.eu\/wp-content\/uploads\/2021\/01\/Holl-N\u00fcrnberg-Kanne-2-169x300.jpg\" alt=\"\" title=\"Holl N\u00fcrnberg Kanne 2\" width=\"169\" height=\"300\" class=\"alignnone size-medium wp-image-51732\" srcset=\"https:\/\/museumek.eu\/wp-content\/uploads\/2021\/01\/Holl-N\u00fcrnberg-Kanne-2-169x300.jpg 169w, https:\/\/museumek.eu\/wp-content\/uploads\/2021\/01\/Holl-N\u00fcrnberg-Kanne-2-84x150.jpg 84w, https:\/\/museumek.eu\/wp-content\/uploads\/2021\/01\/Holl-N\u00fcrnberg-Kanne-2.jpg 362w\" sizes=\"(max-width: 169px) 100vw, 169px\" \/><\/a><\/p>\n<p><a href=\"http:\/\/museumek.eu\/?attachment_id=51733\" rel=\"attachment wp-att-51733\"><img loading=\"lazy\" src=\"http:\/\/museumek.eu\/wp-content\/uploads\/2021\/01\/Holl-N\u00fcrnberg-Kanne-3-170x300.jpg\" alt=\"\" title=\"Holl N\u00fcrnberg Kanne 3\" width=\"170\" height=\"300\" class=\"alignnone size-medium wp-image-51733\" srcset=\"https:\/\/museumek.eu\/wp-content\/uploads\/2021\/01\/Holl-N\u00fcrnberg-Kanne-3-170x300.jpg 170w, https:\/\/museumek.eu\/wp-content\/uploads\/2021\/01\/Holl-N\u00fcrnberg-Kanne-3-85x150.jpg 85w, https:\/\/museumek.eu\/wp-content\/uploads\/2021\/01\/Holl-N\u00fcrnberg-Kanne-3.jpg 363w\" sizes=\"(max-width: 170px) 100vw, 170px\" \/><\/a><\/p>\n<p><a href=\"http:\/\/museumek.eu\/?attachment_id=51734\" rel=\"attachment wp-att-51734\"><img loading=\"lazy\" src=\"http:\/\/museumek.eu\/wp-content\/uploads\/2021\/01\/Holl-N\u00fcrnberg-Kanne-4-144x300.jpg\" alt=\"\" title=\"Holl N\u00fcrnberg Kanne 4\" width=\"144\" height=\"300\" class=\"alignnone size-medium wp-image-51734\" srcset=\"https:\/\/museumek.eu\/wp-content\/uploads\/2021\/01\/Holl-N\u00fcrnberg-Kanne-4-144x300.jpg 144w, https:\/\/museumek.eu\/wp-content\/uploads\/2021\/01\/Holl-N\u00fcrnberg-Kanne-4-72x150.jpg 72w\" sizes=\"(max-width: 144px) 100vw, 144px\" \/><\/a><\/p>\n<p><a href=\"http:\/\/museumek.eu\/?attachment_id=51735\" rel=\"attachment wp-att-51735\"><img loading=\"lazy\" src=\"http:\/\/museumek.eu\/wp-content\/uploads\/2021\/01\/Holl-N\u00fcrnberg-Kanne-5-193x300.jpg\" alt=\"\" title=\"Holl N\u00fcrnberg Kanne 5\" width=\"193\" height=\"300\" class=\"alignnone size-medium wp-image-51735\" srcset=\"https:\/\/museumek.eu\/wp-content\/uploads\/2021\/01\/Holl-N\u00fcrnberg-Kanne-5-193x300.jpg 193w, https:\/\/museumek.eu\/wp-content\/uploads\/2021\/01\/Holl-N\u00fcrnberg-Kanne-5-96x150.jpg 96w, https:\/\/museumek.eu\/wp-content\/uploads\/2021\/01\/Holl-N\u00fcrnberg-Kanne-5.jpg 412w\" sizes=\"(max-width: 193px) 100vw, 193px\" \/><\/a><\/p>\n<p><a href=\"http:\/\/museumek.eu\/?attachment_id=51738\" rel=\"attachment wp-att-51738\"><img loading=\"lazy\" src=\"http:\/\/museumek.eu\/wp-content\/uploads\/2021\/01\/Holl-N\u00fcrnberg-Kanne-6-141x300.jpg\" alt=\"\" title=\"Holl N\u00fcrnberg Kanne 6\" width=\"141\" height=\"300\" class=\"alignnone size-medium wp-image-51738\" srcset=\"https:\/\/museumek.eu\/wp-content\/uploads\/2021\/01\/Holl-N\u00fcrnberg-Kanne-6-141x300.jpg 141w, https:\/\/museumek.eu\/wp-content\/uploads\/2021\/01\/Holl-N\u00fcrnberg-Kanne-6-70x150.jpg 70w, https:\/\/museumek.eu\/wp-content\/uploads\/2021\/01\/Holl-N\u00fcrnberg-Kanne-6.jpg 301w\" sizes=\"(max-width: 141px) 100vw, 141px\" \/><\/a><\/p>\n<p><a href=\"http:\/\/museumek.eu\/?attachment_id=51739\" rel=\"attachment wp-att-51739\"><img loading=\"lazy\" src=\"http:\/\/museumek.eu\/wp-content\/uploads\/2021\/01\/Holl-N\u00fcrnberg-Kanne-7-300x237.jpg\" alt=\"\" title=\"Holl N\u00fcrnberg Kanne 7\" width=\"300\" height=\"237\" class=\"alignnone size-medium wp-image-51739\" srcset=\"https:\/\/museumek.eu\/wp-content\/uploads\/2021\/01\/Holl-N\u00fcrnberg-Kanne-7-300x237.jpg 300w, https:\/\/museumek.eu\/wp-content\/uploads\/2021\/01\/Holl-N\u00fcrnberg-Kanne-7-150x118.jpg 150w, https:\/\/museumek.eu\/wp-content\/uploads\/2021\/01\/Holl-N\u00fcrnberg-Kanne-7-378x300.jpg 378w, https:\/\/museumek.eu\/wp-content\/uploads\/2021\/01\/Holl-N\u00fcrnberg-Kanne-7.jpg 606w\" sizes=\"(max-width: 300px) 100vw, 300px\" \/><\/a><\/p>\n<p><a href=\"http:\/\/museumek.eu\/?attachment_id=51740\" rel=\"attachment wp-att-51740\"><img loading=\"lazy\" src=\"http:\/\/museumek.eu\/wp-content\/uploads\/2021\/01\/Holl-N\u00fcrnberg-Kanne-8-170x300.jpg\" alt=\"\" title=\"Holl N\u00fcrnberg Kanne 8\" width=\"170\" height=\"300\" class=\"alignnone size-medium wp-image-51740\" srcset=\"https:\/\/museumek.eu\/wp-content\/uploads\/2021\/01\/Holl-N\u00fcrnberg-Kanne-8-170x300.jpg 170w, https:\/\/museumek.eu\/wp-content\/uploads\/2021\/01\/Holl-N\u00fcrnberg-Kanne-8-85x150.jpg 85w, https:\/\/museumek.eu\/wp-content\/uploads\/2021\/01\/Holl-N\u00fcrnberg-Kanne-8.jpg 363w\" sizes=\"(max-width: 170px) 100vw, 170px\" \/><\/a><\/p>\n<p><a href=\"http:\/\/museumek.eu\/?attachment_id=51741\" rel=\"attachment wp-att-51741\"><img loading=\"lazy\" src=\"http:\/\/museumek.eu\/wp-content\/uploads\/2021\/01\/Holl-N\u00fcrnberg-Kanne-9-233x300.jpg\" alt=\"\" title=\"Holl N\u00fcrnberg Kanne 9\" width=\"233\" height=\"300\" class=\"alignnone size-medium wp-image-51741\" srcset=\"https:\/\/museumek.eu\/wp-content\/uploads\/2021\/01\/Holl-N\u00fcrnberg-Kanne-9-233x300.jpg 233w, https:\/\/museumek.eu\/wp-content\/uploads\/2021\/01\/Holl-N\u00fcrnberg-Kanne-9-116x150.jpg 116w, https:\/\/museumek.eu\/wp-content\/uploads\/2021\/01\/Holl-N\u00fcrnberg-Kanne-9.jpg 480w\" sizes=\"(max-width: 233px) 100vw, 233px\" \/><\/a><\/p>\n<p><a href=\"http:\/\/museumek.eu\/?attachment_id=51742\" rel=\"attachment wp-att-51742\"><img loading=\"lazy\" src=\"http:\/\/museumek.eu\/wp-content\/uploads\/2021\/01\/Holl-N\u00fcrnberg-Kanne-10-300x177.jpg\" alt=\"\" title=\"Holl N\u00fcrnberg Kanne 10\" width=\"300\" height=\"177\" class=\"alignnone size-medium wp-image-51742\" srcset=\"https:\/\/museumek.eu\/wp-content\/uploads\/2021\/01\/Holl-N\u00fcrnberg-Kanne-10-300x177.jpg 300w, https:\/\/museumek.eu\/wp-content\/uploads\/2021\/01\/Holl-N\u00fcrnberg-Kanne-10-150x88.jpg 150w, https:\/\/museumek.eu\/wp-content\/uploads\/2021\/01\/Holl-N\u00fcrnberg-Kanne-10-500x295.jpg 500w, https:\/\/museumek.eu\/wp-content\/uploads\/2021\/01\/Holl-N\u00fcrnberg-Kanne-10.jpg 640w\" sizes=\"(max-width: 300px) 100vw, 300px\" \/><\/a><\/p>\n","protected":false},"excerpt":{"rendered":"<p>Abteilung Deutschland, Keramik 1860 \u2013 1960, Inventarnummer D\/CLXXV\/1 Holl Keramik, Behringersdorf, dann Holl Keramik, N\u00fcrnberg, dann Werkst\u00e4tte f\u00fcr Kunsthandwerkliche Keramik Arnulf Holl, Lunkenreuth\/Ziegelh\u00fctte, Deutschland, 1938 &#8211; 1940, Kanne, K\u00fcnstler Arnulf Holl, Werks.-Nr. ohne, Exemplar Nr. ohne, gemarkt Firmenmarke mit HOLL, &hellip; <a href=\"https:\/\/museumek.eu\/?page_id=51730\">Weiterlesen <span class=\"meta-nav\">&rarr;<\/span><\/a><\/p>\n","protected":false},"author":1,"featured_media":0,"parent":51725,"menu_order":1,"comment_status":"closed","ping_status":"open","template":"","meta":[],"_links":{"self":[{"href":"https:\/\/museumek.eu\/index.php?rest_route=\/wp\/v2\/pages\/51730"}],"collection":[{"href":"https:\/\/museumek.eu\/index.php?rest_route=\/wp\/v2\/pages"}],"about":[{"href":"https:\/\/museumek.eu\/index.php?rest_route=\/wp\/v2\/types\/page"}],"author":[{"embeddable":true,"href":"https:\/\/museumek.eu\/index.php?rest_route=\/wp\/v2\/users\/1"}],"replies":[{"embeddable":true,"href":"https:\/\/museumek.eu\/index.php?rest_route=%2Fwp%2Fv2%2Fcomments&post=51730"}],"version-history":[{"count":9,"href":"https:\/\/museumek.eu\/index.php?rest_route=\/wp\/v2\/pages\/51730\/revisions"}],"predecessor-version":[{"id":51749,"href":"https:\/\/museumek.eu\/index.php?rest_route=\/wp\/v2\/pages\/51730\/revisions\/51749"}],"up":[{"embeddable":true,"href":"https:\/\/museumek.eu\/index.php?rest_route=\/wp\/v2\/pages\/51725"}],"wp:attachment":[{"href":"https:\/\/museumek.eu\/index.php?rest_route=%2Fwp%2Fv2%2Fmedia&parent=51730"}],"curies":[{"name":"wp","href":"https:\/\/api.w.org\/{rel}","templated":true}]}}