{"id":52286,"date":"2021-01-16T14:23:33","date_gmt":"2021-01-16T13:23:33","guid":{"rendered":"http:\/\/museumek.eu\/?page_id=52286"},"modified":"2021-01-16T14:23:33","modified_gmt":"2021-01-16T13:23:33","slug":"alviii1","status":"publish","type":"page","link":"https:\/\/museumek.eu\/?page_id=52286","title":{"rendered":"A\/LVIII\/1"},"content":{"rendered":"<p><strong>Abteilung Austria\/Ungarn\/B\u00f6hmen, Keramik 1860 \u2013 1960, Inventarnummer A\/LVIII\/1<\/strong><\/p>\n<p>Alfred Stellmacher Porzellan-Fabrik, B\u00f6hmen\/Austria, Turn, Teplitz\/Trnovany, Teplice, 1884 &#8211; 1894, Vase, K\u00fcnstler Alfred Stellmacher, Werks.-Nr. ohne, Exemplar Nr. ohne, gemarkt Firmenmarke zwischen zwei ovalen Kreisen ALFRED STELLMACHER TURN, unten quer durch die Kreise ein Band mit TEPLITZ, im kleinen Kreis eine Rose blauer Stempel auf Glasur, 627 schwarz auf Glasur gemalt sowie 517 und 3 gepresst, nicht signiert, Literatur: Volker M\u00f6lle Riessner, Amphora Die Porzellan- und Keramik- Manufaktur in Nordb\u00f6hmen, S. 19 ff., Beschreibung Werdegang Alfred Stellmacher sowie Beschreibung der Fabrik, Seite 159, Abbildung der identischen Marke f\u00fcr die Zeit 1884 \u2013 1894 sowie Seite 193, noch einmal Abbildung der identischen Marke, der 1837 im th\u00fcringischem Steinheid geborene Alfred Stellmacher lernte in verschiedenen Th\u00fcringer Porzellanfabriken alles Wesentliche \u00fcber die Herstellung von Porzellan, weil Stellmacher wohl eine bessere berufliche Perspektive in B\u00f6hmen sah, verlegte er seine T\u00e4tigkeit wahrscheinlich 1859 nach Turn\/Teplitz, dort und\/oder in Smichow bei Prag gr\u00fcndete er erste kleine Porzellanfabriken, haupts\u00e4chlich zur Herstellung von Porzellanblumen, hauchd\u00fcnn und mit feinsten Schmelzfarben, in den Folgejahren entwickelte er das Stellmacher&#8216; sche Elfenbeinporzellan, gesichert ist, dass Stellmacher 1873 zuerst erfolglos mit dem Prager Kaufmann Carl Eberhardt in Smichov eine Porzellanfabrik gr\u00fcndete, Eberhardt betrog Stellmacher und eignete sich die Fabrik und die Privilegien der Fabrik an, 1875\/1876 gr\u00fcndete er mit Christian Hillebrandt und Adolf Schippel eine neue Porzellanfabrik in Smichov, Firmierung Porzellanfabrik Alfred Stellmacher &#038; Co., 1889 wurde diese Firma gel\u00f6scht, parallel zu seinen Aktivit\u00e4ten in Smichov gr\u00fcndete Stellmacher wohl schon 1864 eine kleine Porzellanfabrik in Turn\/Teplitz, wohl in der Lindenstr. 18 &#8211; 21, Firmierung wohl Alfred Stellmacher K.k. priv. Porzellan-Blumen-Fabrik, gesichert ist, dass Stellmacher ab 1870\/1872 mit einer kleinen Fabrik in Turn\/Teplitz t\u00e4tig war, siehe Beschreibung oben, 1876 er\u00f6ffnete Stellmacher in der Kulmer Str. 152 in Turn\/Teplitz eine gr\u00f6\u00dfere Porzellanfabrik, Firmierung Alfred Stellmacher Porzellan-Fabrik, nach und nach er\u00f6ffnete Stellmacher Niederlassungen und Vertretungen in verschiedenen europ\u00e4ischen St\u00e4dten, er erhielt diverse internationale Auszeichnungen, z. B. eine Goldmedaille auf der Pariser Weltausstellung 1889 und sogar Kaiser Wilhelm I., besuchte die Fabrik, anl\u00e4\u00dflich eines Kuraufenthaltes in Teplitz, Stellmacher war zwar erfolgreich aber er kam trotzdem in finanzielle Schwierigkeiten, 1892 \u00fcbernahm sein Sohn Eduard Stellmacher (siehe MEK, Eduard Stellmacher) die Fabrik in der Lindenstr. 18 &#8211; 21 und gr\u00fcndete mit seinen Schw\u00e4gern die Porzellanfabrik Riessner, Stellmacher &#038; Kessel, der kurze Zeit sp\u00e4ter der Beiname Amphora zugef\u00fcgt wurde, 1894 ging der Rest der Stellmacher&#8216; schen Fabriken in Turn\/Teplitz, Kulmer Str. 152, an die in Wien etablierte Firma Ernst Wahliss, wohl 1896 gr\u00fcndete der unerm\u00fcdliche Alfred Stellmacher zusammen mit Carl Spitz in Br\u00fcx noch einmal eine Porzellanfabrik, die aber wegen Erfolglosigkeit 1901 aufgeben wurde, Stellmacher zog sich nun aus dem Gesch\u00e4ftsleben zur\u00fcck und verstarb 1906 hochgeehrt in Turn\/Teplitz, H\u00f6he 21 cm, Breite 12 cm<\/p>\n<p><a href=\"http:\/\/museumek.eu\/?attachment_id=52258\" rel=\"attachment wp-att-52258\"><img loading=\"lazy\" src=\"http:\/\/museumek.eu\/wp-content\/uploads\/2021\/01\/Stellmacher-Vase-1-168x300.jpg\" alt=\"\" title=\"Stellmacher Vase 1\" width=\"168\" height=\"300\" class=\"alignnone size-medium wp-image-52258\" srcset=\"https:\/\/museumek.eu\/wp-content\/uploads\/2021\/01\/Stellmacher-Vase-1-168x300.jpg 168w, https:\/\/museumek.eu\/wp-content\/uploads\/2021\/01\/Stellmacher-Vase-1-84x150.jpg 84w, https:\/\/museumek.eu\/wp-content\/uploads\/2021\/01\/Stellmacher-Vase-1.jpg 359w\" sizes=\"(max-width: 168px) 100vw, 168px\" \/><\/a><\/p>\n<p><a href=\"http:\/\/museumek.eu\/?attachment_id=52259\" rel=\"attachment wp-att-52259\"><img loading=\"lazy\" src=\"http:\/\/museumek.eu\/wp-content\/uploads\/2021\/01\/Stellmacher-Vase-2-168x300.jpg\" alt=\"\" title=\"Stellmacher Vase 2\" width=\"168\" height=\"300\" class=\"alignnone size-medium wp-image-52259\" srcset=\"https:\/\/museumek.eu\/wp-content\/uploads\/2021\/01\/Stellmacher-Vase-2-168x300.jpg 168w, https:\/\/museumek.eu\/wp-content\/uploads\/2021\/01\/Stellmacher-Vase-2-84x150.jpg 84w, https:\/\/museumek.eu\/wp-content\/uploads\/2021\/01\/Stellmacher-Vase-2.jpg 359w\" sizes=\"(max-width: 168px) 100vw, 168px\" \/><\/a><\/p>\n<p><a href=\"http:\/\/museumek.eu\/?attachment_id=52260\" rel=\"attachment wp-att-52260\"><img loading=\"lazy\" src=\"http:\/\/museumek.eu\/wp-content\/uploads\/2021\/01\/Stellmacher-Vase-3-160x300.jpg\" alt=\"\" title=\"Stellmacher Vase 3\" width=\"160\" height=\"300\" class=\"alignnone size-medium wp-image-52260\" srcset=\"https:\/\/museumek.eu\/wp-content\/uploads\/2021\/01\/Stellmacher-Vase-3-160x300.jpg 160w, https:\/\/museumek.eu\/wp-content\/uploads\/2021\/01\/Stellmacher-Vase-3-80x150.jpg 80w, https:\/\/museumek.eu\/wp-content\/uploads\/2021\/01\/Stellmacher-Vase-3.jpg 343w\" sizes=\"(max-width: 160px) 100vw, 160px\" \/><\/a><\/p>\n<p><a href=\"http:\/\/museumek.eu\/?attachment_id=52261\" rel=\"attachment wp-att-52261\"><img loading=\"lazy\" src=\"http:\/\/museumek.eu\/wp-content\/uploads\/2021\/01\/Stellmacher-Vase-4-157x300.jpg\" alt=\"\" title=\"Stellmacher Vase 4\" width=\"157\" height=\"300\" class=\"alignnone size-medium wp-image-52261\" srcset=\"https:\/\/museumek.eu\/wp-content\/uploads\/2021\/01\/Stellmacher-Vase-4-157x300.jpg 157w, https:\/\/museumek.eu\/wp-content\/uploads\/2021\/01\/Stellmacher-Vase-4-78x150.jpg 78w, https:\/\/museumek.eu\/wp-content\/uploads\/2021\/01\/Stellmacher-Vase-4.jpg 336w\" sizes=\"(max-width: 157px) 100vw, 157px\" \/><\/a><\/p>\n<p><a href=\"http:\/\/museumek.eu\/?attachment_id=52262\" rel=\"attachment wp-att-52262\"><img loading=\"lazy\" src=\"http:\/\/museumek.eu\/wp-content\/uploads\/2021\/01\/Stellmacher-Vase-5-300x239.jpg\" alt=\"\" title=\"Stellmacher Vase 5\" width=\"300\" height=\"239\" class=\"alignnone size-medium wp-image-52262\" srcset=\"https:\/\/museumek.eu\/wp-content\/uploads\/2021\/01\/Stellmacher-Vase-5-300x239.jpg 300w, https:\/\/museumek.eu\/wp-content\/uploads\/2021\/01\/Stellmacher-Vase-5-150x119.jpg 150w, https:\/\/museumek.eu\/wp-content\/uploads\/2021\/01\/Stellmacher-Vase-5-375x300.jpg 375w, https:\/\/museumek.eu\/wp-content\/uploads\/2021\/01\/Stellmacher-Vase-5.jpg 601w\" sizes=\"(max-width: 300px) 100vw, 300px\" \/><\/a><\/p>\n<p><a href=\"http:\/\/museumek.eu\/?attachment_id=52263\" rel=\"attachment wp-att-52263\"><img loading=\"lazy\" src=\"http:\/\/museumek.eu\/wp-content\/uploads\/2021\/01\/Stellmacher-Vase-6-187x300.jpg\" alt=\"\" title=\"Stellmacher Vase 6\" width=\"187\" height=\"300\" class=\"alignnone size-medium wp-image-52263\" srcset=\"https:\/\/museumek.eu\/wp-content\/uploads\/2021\/01\/Stellmacher-Vase-6-187x300.jpg 187w, https:\/\/museumek.eu\/wp-content\/uploads\/2021\/01\/Stellmacher-Vase-6-93x150.jpg 93w, https:\/\/museumek.eu\/wp-content\/uploads\/2021\/01\/Stellmacher-Vase-6.jpg 399w\" sizes=\"(max-width: 187px) 100vw, 187px\" \/><\/a><\/p>\n<p><a href=\"http:\/\/museumek.eu\/?attachment_id=52266\" rel=\"attachment wp-att-52266\"><img loading=\"lazy\" src=\"http:\/\/museumek.eu\/wp-content\/uploads\/2021\/01\/Stellmacher-Vase-7-207x300.jpg\" alt=\"\" title=\"Stellmacher Vase 7\" width=\"207\" height=\"300\" class=\"alignnone size-medium wp-image-52266\" srcset=\"https:\/\/museumek.eu\/wp-content\/uploads\/2021\/01\/Stellmacher-Vase-7-207x300.jpg 207w, https:\/\/museumek.eu\/wp-content\/uploads\/2021\/01\/Stellmacher-Vase-7-103x150.jpg 103w, https:\/\/museumek.eu\/wp-content\/uploads\/2021\/01\/Stellmacher-Vase-7.jpg 442w\" sizes=\"(max-width: 207px) 100vw, 207px\" \/><\/a><\/p>\n<p><a href=\"http:\/\/museumek.eu\/?attachment_id=52267\" rel=\"attachment wp-att-52267\"><img loading=\"lazy\" src=\"http:\/\/museumek.eu\/wp-content\/uploads\/2021\/01\/Stellmacher-Vase-8-300x285.jpg\" alt=\"\" title=\"Stellmacher Vase 8\" width=\"300\" height=\"285\" class=\"alignnone size-medium wp-image-52267\" srcset=\"https:\/\/museumek.eu\/wp-content\/uploads\/2021\/01\/Stellmacher-Vase-8-300x285.jpg 300w, https:\/\/museumek.eu\/wp-content\/uploads\/2021\/01\/Stellmacher-Vase-8-150x142.jpg 150w, https:\/\/museumek.eu\/wp-content\/uploads\/2021\/01\/Stellmacher-Vase-8-315x300.jpg 315w, https:\/\/museumek.eu\/wp-content\/uploads\/2021\/01\/Stellmacher-Vase-8.jpg 505w\" sizes=\"(max-width: 300px) 100vw, 300px\" \/><\/a><\/p>\n<p><a href=\"http:\/\/museumek.eu\/?attachment_id=52268\" rel=\"attachment wp-att-52268\"><img loading=\"lazy\" src=\"http:\/\/museumek.eu\/wp-content\/uploads\/2021\/01\/Stellmacher-Vase-9-241x300.jpg\" alt=\"\" title=\"Stellmacher Vase 9\" width=\"241\" height=\"300\" class=\"alignnone size-medium wp-image-52268\" srcset=\"https:\/\/museumek.eu\/wp-content\/uploads\/2021\/01\/Stellmacher-Vase-9-241x300.jpg 241w, https:\/\/museumek.eu\/wp-content\/uploads\/2021\/01\/Stellmacher-Vase-9-120x150.jpg 120w, https:\/\/museumek.eu\/wp-content\/uploads\/2021\/01\/Stellmacher-Vase-9.jpg 480w\" sizes=\"(max-width: 241px) 100vw, 241px\" \/><\/a><\/p>\n<p><a href=\"http:\/\/museumek.eu\/?attachment_id=52269\" rel=\"attachment wp-att-52269\"><img loading=\"lazy\" src=\"http:\/\/museumek.eu\/wp-content\/uploads\/2021\/01\/Stellmacher-Vase-10-262x300.jpg\" alt=\"\" title=\"Stellmacher Vase 10\" width=\"262\" height=\"300\" class=\"alignnone size-medium wp-image-52269\" srcset=\"https:\/\/museumek.eu\/wp-content\/uploads\/2021\/01\/Stellmacher-Vase-10-262x300.jpg 262w, https:\/\/museumek.eu\/wp-content\/uploads\/2021\/01\/Stellmacher-Vase-10-131x150.jpg 131w, https:\/\/museumek.eu\/wp-content\/uploads\/2021\/01\/Stellmacher-Vase-10.jpg 480w\" sizes=\"(max-width: 262px) 100vw, 262px\" \/><\/a><\/p>\n<p><a href=\"http:\/\/museumek.eu\/?attachment_id=52270\" rel=\"attachment wp-att-52270\"><img loading=\"lazy\" src=\"http:\/\/museumek.eu\/wp-content\/uploads\/2021\/01\/Stellmacher-Vase-11-300x217.jpg\" alt=\"\" title=\"Stellmacher Vase 11\" width=\"300\" height=\"217\" class=\"alignnone size-medium wp-image-52270\" srcset=\"https:\/\/museumek.eu\/wp-content\/uploads\/2021\/01\/Stellmacher-Vase-11-300x217.jpg 300w, https:\/\/museumek.eu\/wp-content\/uploads\/2021\/01\/Stellmacher-Vase-11-150x108.jpg 150w, https:\/\/museumek.eu\/wp-content\/uploads\/2021\/01\/Stellmacher-Vase-11-412x300.jpg 412w, https:\/\/museumek.eu\/wp-content\/uploads\/2021\/01\/Stellmacher-Vase-11.jpg 640w\" sizes=\"(max-width: 300px) 100vw, 300px\" \/><\/a><\/p>\n","protected":false},"excerpt":{"rendered":"<p>Abteilung Austria\/Ungarn\/B\u00f6hmen, Keramik 1860 \u2013 1960, Inventarnummer A\/LVIII\/1 Alfred Stellmacher Porzellan-Fabrik, B\u00f6hmen\/Austria, Turn, Teplitz\/Trnovany, Teplice, 1884 &#8211; 1894, Vase, K\u00fcnstler Alfred Stellmacher, Werks.-Nr. ohne, Exemplar Nr. ohne, gemarkt Firmenmarke zwischen zwei ovalen Kreisen ALFRED STELLMACHER TURN, unten quer durch die &hellip; <a href=\"https:\/\/museumek.eu\/?page_id=52286\">Weiterlesen <span class=\"meta-nav\">&rarr;<\/span><\/a><\/p>\n","protected":false},"author":1,"featured_media":0,"parent":52284,"menu_order":1,"comment_status":"closed","ping_status":"open","template":"","meta":[],"_links":{"self":[{"href":"https:\/\/museumek.eu\/index.php?rest_route=\/wp\/v2\/pages\/52286"}],"collection":[{"href":"https:\/\/museumek.eu\/index.php?rest_route=\/wp\/v2\/pages"}],"about":[{"href":"https:\/\/museumek.eu\/index.php?rest_route=\/wp\/v2\/types\/page"}],"author":[{"embeddable":true,"href":"https:\/\/museumek.eu\/index.php?rest_route=\/wp\/v2\/users\/1"}],"replies":[{"embeddable":true,"href":"https:\/\/museumek.eu\/index.php?rest_route=%2Fwp%2Fv2%2Fcomments&post=52286"}],"version-history":[{"count":2,"href":"https:\/\/museumek.eu\/index.php?rest_route=\/wp\/v2\/pages\/52286\/revisions"}],"predecessor-version":[{"id":52288,"href":"https:\/\/museumek.eu\/index.php?rest_route=\/wp\/v2\/pages\/52286\/revisions\/52288"}],"up":[{"embeddable":true,"href":"https:\/\/museumek.eu\/index.php?rest_route=\/wp\/v2\/pages\/52284"}],"wp:attachment":[{"href":"https:\/\/museumek.eu\/index.php?rest_route=%2Fwp%2Fv2%2Fmedia&parent=52286"}],"curies":[{"name":"wp","href":"https:\/\/api.w.org\/{rel}","templated":true}]}}