{"id":52742,"date":"2021-01-27T20:14:12","date_gmt":"2021-01-27T19:14:12","guid":{"rendered":"http:\/\/museumek.eu\/?page_id=52742"},"modified":"2021-01-27T20:14:12","modified_gmt":"2021-01-27T19:14:12","slug":"daiii4","status":"publish","type":"page","link":"https:\/\/museumek.eu\/?page_id=52742","title":{"rendered":"D\u00e4\/III\/4"},"content":{"rendered":"<p><strong>Abteilung D\u00e4nemark, Keramik 1860 \u2013 1960, Inventarnummer D\u00e4\/III\/4<\/strong><\/p>\n<p>Beck &#038; Schou Fajencefabriken Aluminia und Kunglig dansk Porslinfabrik Kobenhavn (Royal Copenhagen), D\u00e4nemark, Kobenhavn und Frederiksberg, 1885- 1890, Tasse mit Unterteller, K\u00fcnstler unbekannt, Werks.-Nr. ohne, Exemplar Nr. ohne, gemarkt Firmenmarke drei untereinander gemalte Wellenlininen blau unter Glasur gemalt sowie 13 x (?) geritzt, nicht signiert, Literatur: J. G. Th. Graesse und E. Jaenicke, F\u00fchrer f\u00fcr Sammler von Porzellan und Fayence, Steinzeug, Steingut usw., Seite 424, Marke Nr. 6 identisch (dort f\u00fcr das Jahr 1885, Anm. MEK: ungenaue Datierung), weitere Literatur: Dieter Z\u00fchlsdorff, Markenlexikon, Porzellan und Keramik Report 1885 &#8211; 1935, Seite 362, Werk-Teil Nr. 1., Gruppen-Nr. des Werkteils 18., laufende Nr. innerhalb der Gruppe 168, identische Marke (dort g\u00fcltig f\u00fcr die Zeit 1870 &#8211; 1890) sowie Seite 538, Werk-Teil Nr. 3., laufende Nummer des Werkteils 641, dort kurze Beschreibung der Fabrik, weitere Literatur: Gisela Reineking von Bock, Kopenhagener Porzellan und Steinzeug, Seite 15 ff., dort Beschreibung der Fabrik sowie Seite 164, Marke Nr. 2 identisch (dort g\u00fcltig f\u00fcr die Zeit 1885 &#8211; 1890) in Kopenhagen besch\u00e4ftigte sich der Apotheker Frantz Heinrich M\u00fcller mit der Herstellung von Porzellan, 1774 war es dann soweit, er war nun in der Lage Porzellan herzustellen, er war relativ erfolglos in der Geldmittelbeschaffung, erst als die k\u00f6nigliche Familie um 1779 (Witwe Juliane Marie und der Kronprinz Frederik) in das Gesch\u00e4ft einstiegen, gelang der Durchbruch, die k\u00f6nigliche Familie stellte zuerst nur ein Privileg zur Verf\u00fcgung, mu\u00dfte aus Geldnotgr\u00fcnden der Fabrik dann aber auch mit finanziellen Mitteln einsteigen, 1868 erwarben dann private Investoren die Fabrik und durften die Firmierung behalten, 1882 \u00fcbernahm Aluminia die Kunglig dansk Porslinfabrik Kobenhavn und durfte die Bezeichnung Royal f\u00fcr die Fabrik weiterf\u00fchren, der Sitz wurde von Kopenhagen in den Vorort Frederiksberg verlegt, es wurde parallel in beiden Fabriken produziert und unterschiedliche Markungen verwendet,<br \/>\nH\u00f6he Tasse 6 cm, Breite 8,5 cm, Durchmesser Teller 12,7 cm<\/p>\n<p><a href=\"http:\/\/museumek.eu\/?attachment_id=52723\" rel=\"attachment wp-att-52723\"><img loading=\"lazy\" src=\"http:\/\/museumek.eu\/wp-content\/uploads\/2012\/06\/Kgl.-PM-Kopenhagen-Tasse-vor-1900-1-300x250.jpg\" alt=\"\" title=\"Kgl. PM Kopenhagen Tasse vor 1900 1\" width=\"300\" height=\"250\" class=\"alignnone size-medium wp-image-52723\" srcset=\"https:\/\/museumek.eu\/wp-content\/uploads\/2012\/06\/Kgl.-PM-Kopenhagen-Tasse-vor-1900-1-300x250.jpg 300w, https:\/\/museumek.eu\/wp-content\/uploads\/2012\/06\/Kgl.-PM-Kopenhagen-Tasse-vor-1900-1-150x125.jpg 150w, https:\/\/museumek.eu\/wp-content\/uploads\/2012\/06\/Kgl.-PM-Kopenhagen-Tasse-vor-1900-1-358x300.jpg 358w, https:\/\/museumek.eu\/wp-content\/uploads\/2012\/06\/Kgl.-PM-Kopenhagen-Tasse-vor-1900-1.jpg 574w\" sizes=\"(max-width: 300px) 100vw, 300px\" \/><\/a><\/p>\n<p><a href=\"http:\/\/museumek.eu\/?attachment_id=52724\" rel=\"attachment wp-att-52724\"><img loading=\"lazy\" src=\"http:\/\/museumek.eu\/wp-content\/uploads\/2012\/06\/Kgl.-PM-Kopenhagen-Tasse-vor-1900-2-300x249.jpg\" alt=\"\" title=\"Kgl. PM Kopenhagen Tasse vor 1900 2\" width=\"300\" height=\"249\" class=\"alignnone size-medium wp-image-52724\" srcset=\"https:\/\/museumek.eu\/wp-content\/uploads\/2012\/06\/Kgl.-PM-Kopenhagen-Tasse-vor-1900-2-300x249.jpg 300w, https:\/\/museumek.eu\/wp-content\/uploads\/2012\/06\/Kgl.-PM-Kopenhagen-Tasse-vor-1900-2-150x124.jpg 150w, https:\/\/museumek.eu\/wp-content\/uploads\/2012\/06\/Kgl.-PM-Kopenhagen-Tasse-vor-1900-2-360x300.jpg 360w, https:\/\/museumek.eu\/wp-content\/uploads\/2012\/06\/Kgl.-PM-Kopenhagen-Tasse-vor-1900-2.jpg 577w\" sizes=\"(max-width: 300px) 100vw, 300px\" \/><\/a><\/p>\n<p><a href=\"http:\/\/museumek.eu\/?attachment_id=52725\" rel=\"attachment wp-att-52725\"><img loading=\"lazy\" src=\"http:\/\/museumek.eu\/wp-content\/uploads\/2012\/06\/Kgl.-PM-Kopenhagen-Tasse-vor-1900-3-300x253.jpg\" alt=\"\" title=\"Kgl. PM Kopenhagen Tasse vor 1900 3\" width=\"300\" height=\"253\" class=\"alignnone size-medium wp-image-52725\" srcset=\"https:\/\/museumek.eu\/wp-content\/uploads\/2012\/06\/Kgl.-PM-Kopenhagen-Tasse-vor-1900-3-300x253.jpg 300w, https:\/\/museumek.eu\/wp-content\/uploads\/2012\/06\/Kgl.-PM-Kopenhagen-Tasse-vor-1900-3-150x126.jpg 150w, https:\/\/museumek.eu\/wp-content\/uploads\/2012\/06\/Kgl.-PM-Kopenhagen-Tasse-vor-1900-3-355x300.jpg 355w, https:\/\/museumek.eu\/wp-content\/uploads\/2012\/06\/Kgl.-PM-Kopenhagen-Tasse-vor-1900-3.jpg 568w\" sizes=\"(max-width: 300px) 100vw, 300px\" \/><\/a><\/p>\n<p><a href=\"http:\/\/museumek.eu\/?attachment_id=52726\" rel=\"attachment wp-att-52726\"><img loading=\"lazy\" src=\"http:\/\/museumek.eu\/wp-content\/uploads\/2012\/06\/Kgl.-PM-Kopenhagen-Tasse-vor-1900-4-188x300.jpg\" alt=\"\" title=\"Kgl. PM Kopenhagen Tasse vor 1900 4\" width=\"188\" height=\"300\" class=\"alignnone size-medium wp-image-52726\" srcset=\"https:\/\/museumek.eu\/wp-content\/uploads\/2012\/06\/Kgl.-PM-Kopenhagen-Tasse-vor-1900-4-188x300.jpg 188w, https:\/\/museumek.eu\/wp-content\/uploads\/2012\/06\/Kgl.-PM-Kopenhagen-Tasse-vor-1900-4-94x150.jpg 94w, https:\/\/museumek.eu\/wp-content\/uploads\/2012\/06\/Kgl.-PM-Kopenhagen-Tasse-vor-1900-4.jpg 402w\" sizes=\"(max-width: 188px) 100vw, 188px\" \/><\/a><\/p>\n<p><a href=\"http:\/\/museumek.eu\/?attachment_id=52727\" rel=\"attachment wp-att-52727\"><img loading=\"lazy\" src=\"http:\/\/museumek.eu\/wp-content\/uploads\/2012\/06\/Kgl.-PM-Kopenhagen-Tasse-vor-1900-5-194x300.jpg\" alt=\"\" title=\"Kgl. PM Kopenhagen Tasse vor 1900 5\" width=\"194\" height=\"300\" class=\"alignnone size-medium wp-image-52727\" srcset=\"https:\/\/museumek.eu\/wp-content\/uploads\/2012\/06\/Kgl.-PM-Kopenhagen-Tasse-vor-1900-5-194x300.jpg 194w, https:\/\/museumek.eu\/wp-content\/uploads\/2012\/06\/Kgl.-PM-Kopenhagen-Tasse-vor-1900-5-97x150.jpg 97w, https:\/\/museumek.eu\/wp-content\/uploads\/2012\/06\/Kgl.-PM-Kopenhagen-Tasse-vor-1900-5.jpg 415w\" sizes=\"(max-width: 194px) 100vw, 194px\" \/><\/a><\/p>\n<p><a href=\"http:\/\/museumek.eu\/?attachment_id=52730\" rel=\"attachment wp-att-52730\"><img loading=\"lazy\" src=\"http:\/\/museumek.eu\/wp-content\/uploads\/2012\/06\/Kgl.-PM-Kopenhagen-Tasse-vor-1900-6-300x241.jpg\" alt=\"\" title=\"Kgl. PM Kopenhagen Tasse vor 1900 6\" width=\"300\" height=\"241\" class=\"alignnone size-medium wp-image-52730\" srcset=\"https:\/\/museumek.eu\/wp-content\/uploads\/2012\/06\/Kgl.-PM-Kopenhagen-Tasse-vor-1900-6-300x241.jpg 300w, https:\/\/museumek.eu\/wp-content\/uploads\/2012\/06\/Kgl.-PM-Kopenhagen-Tasse-vor-1900-6-150x120.jpg 150w, https:\/\/museumek.eu\/wp-content\/uploads\/2012\/06\/Kgl.-PM-Kopenhagen-Tasse-vor-1900-6-372x300.jpg 372w, https:\/\/museumek.eu\/wp-content\/uploads\/2012\/06\/Kgl.-PM-Kopenhagen-Tasse-vor-1900-6.jpg 596w\" sizes=\"(max-width: 300px) 100vw, 300px\" \/><\/a><\/p>\n<p><a href=\"http:\/\/museumek.eu\/?attachment_id=52732\" rel=\"attachment wp-att-52732\"><img loading=\"lazy\" src=\"http:\/\/museumek.eu\/wp-content\/uploads\/2012\/06\/Kgl.-PM-Kopenhagen-Tasse-vor-1900-71-300x246.jpg\" alt=\"\" title=\"Kgl. PM Kopenhagen Tasse vor 1900 7\" width=\"300\" height=\"246\" class=\"alignnone size-medium wp-image-52732\" srcset=\"https:\/\/museumek.eu\/wp-content\/uploads\/2012\/06\/Kgl.-PM-Kopenhagen-Tasse-vor-1900-71-300x246.jpg 300w, https:\/\/museumek.eu\/wp-content\/uploads\/2012\/06\/Kgl.-PM-Kopenhagen-Tasse-vor-1900-71-150x123.jpg 150w, https:\/\/museumek.eu\/wp-content\/uploads\/2012\/06\/Kgl.-PM-Kopenhagen-Tasse-vor-1900-71-364x300.jpg 364w, https:\/\/museumek.eu\/wp-content\/uploads\/2012\/06\/Kgl.-PM-Kopenhagen-Tasse-vor-1900-71.jpg 583w\" sizes=\"(max-width: 300px) 100vw, 300px\" \/><\/a><\/p>\n<p><a href=\"http:\/\/museumek.eu\/?attachment_id=52733\" rel=\"attachment wp-att-52733\"><img loading=\"lazy\" src=\"http:\/\/museumek.eu\/wp-content\/uploads\/2012\/06\/Kgl.-PM-Kopenhagen-Tasse-vor-1900-8-300x292.jpg\" alt=\"\" title=\"Kgl. PM Kopenhagen Tasse vor 1900 8\" width=\"300\" height=\"292\" class=\"alignnone size-medium wp-image-52733\" srcset=\"https:\/\/museumek.eu\/wp-content\/uploads\/2012\/06\/Kgl.-PM-Kopenhagen-Tasse-vor-1900-8-300x292.jpg 300w, https:\/\/museumek.eu\/wp-content\/uploads\/2012\/06\/Kgl.-PM-Kopenhagen-Tasse-vor-1900-8-150x146.jpg 150w, https:\/\/museumek.eu\/wp-content\/uploads\/2012\/06\/Kgl.-PM-Kopenhagen-Tasse-vor-1900-8-307x300.jpg 307w, https:\/\/museumek.eu\/wp-content\/uploads\/2012\/06\/Kgl.-PM-Kopenhagen-Tasse-vor-1900-8.jpg 492w\" sizes=\"(max-width: 300px) 100vw, 300px\" \/><\/a><\/p>\n<p><a href=\"http:\/\/museumek.eu\/?attachment_id=52734\" rel=\"attachment wp-att-52734\"><img loading=\"lazy\" src=\"http:\/\/museumek.eu\/wp-content\/uploads\/2012\/06\/Kgl.-PM-Kopenhagen-Tasse-vor-1900-9-200x300.jpg\" alt=\"\" title=\"Kgl. PM Kopenhagen Tasse vor 1900 9\" width=\"200\" height=\"300\" class=\"alignnone size-medium wp-image-52734\" srcset=\"https:\/\/museumek.eu\/wp-content\/uploads\/2012\/06\/Kgl.-PM-Kopenhagen-Tasse-vor-1900-9-200x300.jpg 200w, https:\/\/museumek.eu\/wp-content\/uploads\/2012\/06\/Kgl.-PM-Kopenhagen-Tasse-vor-1900-9-100x150.jpg 100w, https:\/\/museumek.eu\/wp-content\/uploads\/2012\/06\/Kgl.-PM-Kopenhagen-Tasse-vor-1900-9.jpg 427w\" sizes=\"(max-width: 200px) 100vw, 200px\" \/><\/a><\/p>\n<p><a href=\"http:\/\/museumek.eu\/?attachment_id=52735\" rel=\"attachment wp-att-52735\"><img loading=\"lazy\" src=\"http:\/\/museumek.eu\/wp-content\/uploads\/2012\/06\/Kgl.-PM-Kopenhagen-Tasse-vor-1900-10-199x300.jpg\" alt=\"\" title=\"Kgl. PM Kopenhagen Tasse vor 1900 10\" width=\"199\" height=\"300\" class=\"alignnone size-medium wp-image-52735\" srcset=\"https:\/\/museumek.eu\/wp-content\/uploads\/2012\/06\/Kgl.-PM-Kopenhagen-Tasse-vor-1900-10-199x300.jpg 199w, https:\/\/museumek.eu\/wp-content\/uploads\/2012\/06\/Kgl.-PM-Kopenhagen-Tasse-vor-1900-10-99x150.jpg 99w, https:\/\/museumek.eu\/wp-content\/uploads\/2012\/06\/Kgl.-PM-Kopenhagen-Tasse-vor-1900-10.jpg 426w\" sizes=\"(max-width: 199px) 100vw, 199px\" \/><\/a><\/p>\n","protected":false},"excerpt":{"rendered":"<p>Abteilung D\u00e4nemark, Keramik 1860 \u2013 1960, Inventarnummer D\u00e4\/III\/4 Beck &#038; Schou Fajencefabriken Aluminia und Kunglig dansk Porslinfabrik Kobenhavn (Royal Copenhagen), D\u00e4nemark, Kobenhavn und Frederiksberg, 1885- 1890, Tasse mit Unterteller, K\u00fcnstler unbekannt, Werks.-Nr. ohne, Exemplar Nr. ohne, gemarkt Firmenmarke drei untereinander &hellip; <a href=\"https:\/\/museumek.eu\/?page_id=52742\">Weiterlesen <span class=\"meta-nav\">&rarr;<\/span><\/a><\/p>\n","protected":false},"author":1,"featured_media":0,"parent":6821,"menu_order":4,"comment_status":"closed","ping_status":"open","template":"","meta":[],"_links":{"self":[{"href":"https:\/\/museumek.eu\/index.php?rest_route=\/wp\/v2\/pages\/52742"}],"collection":[{"href":"https:\/\/museumek.eu\/index.php?rest_route=\/wp\/v2\/pages"}],"about":[{"href":"https:\/\/museumek.eu\/index.php?rest_route=\/wp\/v2\/types\/page"}],"author":[{"embeddable":true,"href":"https:\/\/museumek.eu\/index.php?rest_route=\/wp\/v2\/users\/1"}],"replies":[{"embeddable":true,"href":"https:\/\/museumek.eu\/index.php?rest_route=%2Fwp%2Fv2%2Fcomments&post=52742"}],"version-history":[{"count":2,"href":"https:\/\/museumek.eu\/index.php?rest_route=\/wp\/v2\/pages\/52742\/revisions"}],"predecessor-version":[{"id":52744,"href":"https:\/\/museumek.eu\/index.php?rest_route=\/wp\/v2\/pages\/52742\/revisions\/52744"}],"up":[{"embeddable":true,"href":"https:\/\/museumek.eu\/index.php?rest_route=\/wp\/v2\/pages\/6821"}],"wp:attachment":[{"href":"https:\/\/museumek.eu\/index.php?rest_route=%2Fwp%2Fv2%2Fmedia&parent=52742"}],"curies":[{"name":"wp","href":"https:\/\/api.w.org\/{rel}","templated":true}]}}