{"id":5364,"date":"2011-09-29T23:57:38","date_gmt":"2011-09-29T21:57:38","guid":{"rendered":"http:\/\/museumek.eu\/?page_id=5364"},"modified":"2011-09-29T23:57:38","modified_gmt":"2011-09-29T21:57:38","slug":"aiii2","status":"publish","type":"page","link":"https:\/\/museumek.eu\/?page_id=5364","title":{"rendered":"A\/III\/2"},"content":{"rendered":"<p><strong>Abteilung Austria\/Ungarn\/B\u00f6hmen, Keramik 1860 \u2013 1960, Inventarnummer A\/III\/2<\/strong><\/p>\n<p>Manufaktur Vereinigte Ateliers f\u00fcr Kunst und Keramik Marcell Goldscheider, Austria, Wien, 1928 &#8211; 1939, Figur Elefant, K\u00fcnstler Karin Jarl, Werks.-Nr. 554, Exemplar Nr. ohne, gemarkt Marke Marcell Goldscheider Zusatz Porzellan sowie 554 gepresst, signiert K Jarl, Literatur: Robert E. Dechant\/Filipp Goldscheider, Firmengeschichte und Werkverzeichnis, ab Seite 547 dort noch nicht erfasst, Marken Seite 608 diese Marke dort noch nicht erfasst, Ausf\u00fchrung in Porzellan, Gold geh\u00f6ht, H\u00f6he 11 cm, Breite 8,7 cm<\/p>\n<p><a href=\"http:\/\/museumek.eu\/wp-content\/uploads\/2011\/09\/Museum-Europ\u00e4ischer-Keramikkunst-1097.jpg\"><img loading=\"lazy\" src=\"http:\/\/museumek.eu\/wp-content\/uploads\/2011\/09\/Museum-Europ\u00e4ischer-Keramikkunst-1097.jpg\" alt=\"\" title=\"Museum Europ\u00e4ischer Keramikkunst 1097\" width=\"235\" height=\"244\" class=\"alignnone size-full wp-image-5365\" \/><\/a><\/p>\n<p><a href=\"http:\/\/museumek.eu\/wp-content\/uploads\/2011\/09\/Museum-Europ\u00e4ischer-Keramikkunst-10951.jpg\"><img loading=\"lazy\" src=\"http:\/\/museumek.eu\/wp-content\/uploads\/2011\/09\/Museum-Europ\u00e4ischer-Keramikkunst-10951-267x300.jpg\" alt=\"\" title=\"Museum Europ\u00e4ischer Keramikkunst 1095\" width=\"267\" height=\"300\" class=\"alignnone size-medium wp-image-5367\" srcset=\"https:\/\/museumek.eu\/wp-content\/uploads\/2011\/09\/Museum-Europ\u00e4ischer-Keramikkunst-10951-267x300.jpg 267w, https:\/\/museumek.eu\/wp-content\/uploads\/2011\/09\/Museum-Europ\u00e4ischer-Keramikkunst-10951.jpg 502w\" sizes=\"(max-width: 267px) 100vw, 267px\" \/><\/a><\/p>\n<p><a href=\"http:\/\/museumek.eu\/wp-content\/uploads\/2011\/09\/Museum-Europ\u00e4ischer-Keramikkunst-1094.jpg\"><img loading=\"lazy\" src=\"http:\/\/museumek.eu\/wp-content\/uploads\/2011\/09\/Museum-Europ\u00e4ischer-Keramikkunst-1094-300x278.jpg\" alt=\"\" title=\"Museum Europ\u00e4ischer Keramikkunst 1094\" width=\"300\" height=\"278\" class=\"alignnone size-medium wp-image-5368\" srcset=\"https:\/\/museumek.eu\/wp-content\/uploads\/2011\/09\/Museum-Europ\u00e4ischer-Keramikkunst-1094-300x278.jpg 300w, https:\/\/museumek.eu\/wp-content\/uploads\/2011\/09\/Museum-Europ\u00e4ischer-Keramikkunst-1094-323x300.jpg 323w, https:\/\/museumek.eu\/wp-content\/uploads\/2011\/09\/Museum-Europ\u00e4ischer-Keramikkunst-1094.jpg 452w\" sizes=\"(max-width: 300px) 100vw, 300px\" \/><\/a><\/p>\n<p><a href=\"http:\/\/museumek.eu\/wp-content\/uploads\/2011\/09\/Museum-Europ\u00e4ischer-Keramikkunst-1104.jpg\"><img loading=\"lazy\" src=\"http:\/\/museumek.eu\/wp-content\/uploads\/2011\/09\/Museum-Europ\u00e4ischer-Keramikkunst-1104-300x127.jpg\" alt=\"\" title=\"Museum Europ\u00e4ischer Keramikkunst 1104\" width=\"300\" height=\"127\" class=\"alignnone size-medium wp-image-5369\" srcset=\"https:\/\/museumek.eu\/wp-content\/uploads\/2011\/09\/Museum-Europ\u00e4ischer-Keramikkunst-1104-300x127.jpg 300w, https:\/\/museumek.eu\/wp-content\/uploads\/2011\/09\/Museum-Europ\u00e4ischer-Keramikkunst-1104.jpg 486w\" sizes=\"(max-width: 300px) 100vw, 300px\" \/><\/a><\/p>\n","protected":false},"excerpt":{"rendered":"<p>Abteilung Austria\/Ungarn\/B\u00f6hmen, Keramik 1860 \u2013 1960, Inventarnummer A\/III\/2 Manufaktur Vereinigte Ateliers f\u00fcr Kunst und Keramik Marcell Goldscheider, Austria, Wien, 1928 &#8211; 1939, Figur Elefant, K\u00fcnstler Karin Jarl, Werks.-Nr. 554, Exemplar Nr. ohne, gemarkt Marke Marcell Goldscheider Zusatz Porzellan sowie 554 &hellip; <a href=\"https:\/\/museumek.eu\/?page_id=5364\">Weiterlesen <span class=\"meta-nav\">&rarr;<\/span><\/a><\/p>\n","protected":false},"author":1,"featured_media":0,"parent":679,"menu_order":2,"comment_status":"closed","ping_status":"closed","template":"","meta":[],"_links":{"self":[{"href":"https:\/\/museumek.eu\/index.php?rest_route=\/wp\/v2\/pages\/5364"}],"collection":[{"href":"https:\/\/museumek.eu\/index.php?rest_route=\/wp\/v2\/pages"}],"about":[{"href":"https:\/\/museumek.eu\/index.php?rest_route=\/wp\/v2\/types\/page"}],"author":[{"embeddable":true,"href":"https:\/\/museumek.eu\/index.php?rest_route=\/wp\/v2\/users\/1"}],"replies":[{"embeddable":true,"href":"https:\/\/museumek.eu\/index.php?rest_route=%2Fwp%2Fv2%2Fcomments&post=5364"}],"version-history":[{"count":2,"href":"https:\/\/museumek.eu\/index.php?rest_route=\/wp\/v2\/pages\/5364\/revisions"}],"predecessor-version":[{"id":5371,"href":"https:\/\/museumek.eu\/index.php?rest_route=\/wp\/v2\/pages\/5364\/revisions\/5371"}],"up":[{"embeddable":true,"href":"https:\/\/museumek.eu\/index.php?rest_route=\/wp\/v2\/pages\/679"}],"wp:attachment":[{"href":"https:\/\/museumek.eu\/index.php?rest_route=%2Fwp%2Fv2%2Fmedia&parent=5364"}],"curies":[{"name":"wp","href":"https:\/\/api.w.org\/{rel}","templated":true}]}}