{"id":54749,"date":"2021-03-21T15:19:05","date_gmt":"2021-03-21T14:19:05","guid":{"rendered":"http:\/\/museumek.eu\/?page_id=54749"},"modified":"2021-03-21T15:19:05","modified_gmt":"2021-03-21T14:19:05","slug":"dcxxviii3","status":"publish","type":"page","link":"https:\/\/museumek.eu\/?page_id=54749","title":{"rendered":"D\/CXXVIII\/3"},"content":{"rendered":"<p><strong>Abteilung Deutschland, Keramik 1860 \u2013 1960, Inventarnummer D\/CXXVIII\/3<\/strong><\/p>\n<p>Johann Haviland Porzellanfabrik Waldershof und Nachfolger Porzellanfabrik Waldershof AG vormals Johann Haviland, Deutschland, Waldershof, 1924 bis 1930, Kanne eines Kaffeekerns, K\u00fcnstler unbekannt, Werks.-Nr. ohne, Exemplar Nr. ohne, gemarkt Firmenmarke mit John Haviland (f\u00fcr Johann Haviland) als nach unten offener Halbkreis, darunter BAVARIA dunkelgr\u00fcner Stempel unter Glasur, nicht signiert, Literatur: Robert E. R\u00f6ntgen, Deutsche Porzellanmarken von 1710 bis heute, Seite 363, Marke Nr. 2880 identisch, weitere Literatur: Dieter Z\u00fchlsdorff, Markenlexikon, Porzellan und Keramikreport 1885 &#8211; 1935, Seite 157, Werkteil 1., Gruppennummer des Werkteils 2., laufende Nummer der Gruppe 877, dort Marke identisch (f\u00fcr die Zeit ab 1924 &#8211; 1930) sowie Seite 638, Werkteil 3., laufende Nummer des Werkteils 1343, dort Beschreibung der Fabrik, weitere Literatur: Ludwig Danckert, Handbuch des Europ\u00e4ischen Porzellans, 7. Auflage, Seite 739\/740, dort kurze Beschreibung der Fabrik sowie Seite 740, Marke 327 identisch (die Marke wurde am 09.03.1927 in das RWZR eingetragen), Oberingenieur Johann Haviland, Sohn von David Haviland, Inhaber der Porzellanfabriken Haviland &#038; Co., Limoges, Frankreich, gr\u00fcndete 1907 (handelsgerichtlicher Eintragungstag 19.07.1907) in Waldershof eine Porzellanfabrik, er firmierte als Johann Haviland Porzellanfabrik Waldershof, die Finanzierung wurde durch die o. g. v\u00e4terlichen Fabriken sichergestellt, die eigentliche Porzellanproduktion wurde ab 1910 aufgenommen, 1919 verstarb David Haviland und Erbauseinandersetzungen mit seinem Bruder George Haviland sowie die 1923 einsetzende Inflation f\u00fchrten dazu, dass Johann Haviland die Fabrik im Februar 1924, r\u00fcckwirkend zum 01.01.1924, an die Societa Ceramika Richard-Ginori verkaufte, Richard-Ginorie gr\u00fcndete daraufhin f\u00fcr die Fabrik eine AG, diese firmierte als Porzellanfabrik Waldershof AG, vormals Johann Haviland, die Fabrikate erhielten einen zus\u00e4tzlichen Stempel mit RICHARD GINORI, 1937 erwarb die Rosenthal Porzellan AG das gesamte Aktienpaket und wurde neuer Eigent\u00fcmer, Rosenthal behielt die Firmierung bei und f\u00fcgte der Marke JOHANN HAVILAND, Krone, BAVARIA lediglich Punkte, wie sie auch unter die Firmenmarke von Rosenthal gemalt worden sind und Zus\u00e4tze wie Buchstabe R und Germany zu,<br \/>\nH\u00f6he 20 cm, Breite 16 cm<\/p>\n<p><a href=\"http:\/\/museumek.eu\/?attachment_id=54707\" rel=\"attachment wp-att-54707\"><img loading=\"lazy\" src=\"http:\/\/museumek.eu\/wp-content\/uploads\/2015\/05\/Johann-Haviland-Bavaria-Kaffeekern-Foto-gesamtes-Service-2-274x300.jpg\" alt=\"\" title=\"Johann Haviland Bavaria Kaffeekern Foto gesamtes Service 2\" width=\"274\" height=\"300\" class=\"alignnone size-medium wp-image-54707\" srcset=\"https:\/\/museumek.eu\/wp-content\/uploads\/2015\/05\/Johann-Haviland-Bavaria-Kaffeekern-Foto-gesamtes-Service-2-274x300.jpg 274w, https:\/\/museumek.eu\/wp-content\/uploads\/2015\/05\/Johann-Haviland-Bavaria-Kaffeekern-Foto-gesamtes-Service-2-137x150.jpg 137w, https:\/\/museumek.eu\/wp-content\/uploads\/2015\/05\/Johann-Haviland-Bavaria-Kaffeekern-Foto-gesamtes-Service-2.jpg 480w\" sizes=\"(max-width: 274px) 100vw, 274px\" \/><\/a><\/p>\n<p><a href=\"http:\/\/museumek.eu\/?attachment_id=54710\" rel=\"attachment wp-att-54710\"><img loading=\"lazy\" src=\"http:\/\/museumek.eu\/wp-content\/uploads\/2015\/05\/Johann-Haviland-Bavaria-Kaffeekern-Kanne-2-238x300.jpg\" alt=\"\" title=\"Johann Haviland Bavaria Kaffeekern Kanne 2\" width=\"238\" height=\"300\" class=\"alignnone size-medium wp-image-54710\" srcset=\"https:\/\/museumek.eu\/wp-content\/uploads\/2015\/05\/Johann-Haviland-Bavaria-Kaffeekern-Kanne-2-238x300.jpg 238w, https:\/\/museumek.eu\/wp-content\/uploads\/2015\/05\/Johann-Haviland-Bavaria-Kaffeekern-Kanne-2-119x150.jpg 119w, https:\/\/museumek.eu\/wp-content\/uploads\/2015\/05\/Johann-Haviland-Bavaria-Kaffeekern-Kanne-2.jpg 480w\" sizes=\"(max-width: 238px) 100vw, 238px\" \/><\/a><\/p>\n<p><a href=\"http:\/\/museumek.eu\/?attachment_id=54711\" rel=\"attachment wp-att-54711\"><img loading=\"lazy\" src=\"http:\/\/museumek.eu\/wp-content\/uploads\/2015\/05\/Johann-Haviland-Bavaria-Kaffeekern-Kanne-3-253x300.jpg\" alt=\"\" title=\"Johann Haviland Bavaria Kaffeekern Kanne 3\" width=\"253\" height=\"300\" class=\"alignnone size-medium wp-image-54711\" srcset=\"https:\/\/museumek.eu\/wp-content\/uploads\/2015\/05\/Johann-Haviland-Bavaria-Kaffeekern-Kanne-3-253x300.jpg 253w, https:\/\/museumek.eu\/wp-content\/uploads\/2015\/05\/Johann-Haviland-Bavaria-Kaffeekern-Kanne-3-126x150.jpg 126w, https:\/\/museumek.eu\/wp-content\/uploads\/2015\/05\/Johann-Haviland-Bavaria-Kaffeekern-Kanne-3.jpg 480w\" sizes=\"(max-width: 253px) 100vw, 253px\" \/><\/a><\/p>\n<p><a href=\"http:\/\/museumek.eu\/?attachment_id=54712\" rel=\"attachment wp-att-54712\"><img loading=\"lazy\" src=\"http:\/\/museumek.eu\/wp-content\/uploads\/2015\/05\/Johann-Haviland-Bavaria-Kaffeekern-Kanne-4-197x300.jpg\" alt=\"\" title=\"Johann Haviland Bavaria Kaffeekern Kanne 4\" width=\"197\" height=\"300\" class=\"alignnone size-medium wp-image-54712\" srcset=\"https:\/\/museumek.eu\/wp-content\/uploads\/2015\/05\/Johann-Haviland-Bavaria-Kaffeekern-Kanne-4-197x300.jpg 197w, https:\/\/museumek.eu\/wp-content\/uploads\/2015\/05\/Johann-Haviland-Bavaria-Kaffeekern-Kanne-4-98x150.jpg 98w, https:\/\/museumek.eu\/wp-content\/uploads\/2015\/05\/Johann-Haviland-Bavaria-Kaffeekern-Kanne-4.jpg 421w\" sizes=\"(max-width: 197px) 100vw, 197px\" \/><\/a><\/p>\n<p><a href=\"http:\/\/museumek.eu\/?attachment_id=54713\" rel=\"attachment wp-att-54713\"><img loading=\"lazy\" src=\"http:\/\/museumek.eu\/wp-content\/uploads\/2015\/05\/Johann-Haviland-Bavaria-Kaffeekern-Kanne-5-191x300.jpg\" alt=\"\" title=\"Johann Haviland Bavaria Kaffeekern Kanne 5\" width=\"191\" height=\"300\" class=\"alignnone size-medium wp-image-54713\" srcset=\"https:\/\/museumek.eu\/wp-content\/uploads\/2015\/05\/Johann-Haviland-Bavaria-Kaffeekern-Kanne-5-191x300.jpg 191w, https:\/\/museumek.eu\/wp-content\/uploads\/2015\/05\/Johann-Haviland-Bavaria-Kaffeekern-Kanne-5-95x150.jpg 95w, https:\/\/museumek.eu\/wp-content\/uploads\/2015\/05\/Johann-Haviland-Bavaria-Kaffeekern-Kanne-5.jpg 408w\" sizes=\"(max-width: 191px) 100vw, 191px\" \/><\/a><\/p>\n<p><a href=\"http:\/\/museumek.eu\/?attachment_id=54714\" rel=\"attachment wp-att-54714\"><img loading=\"lazy\" src=\"http:\/\/museumek.eu\/wp-content\/uploads\/2015\/05\/Johann-Haviland-Bavaria-Kaffeekern-Kanne-6-195x300.jpg\" alt=\"\" title=\"Johann Haviland Bavaria Kaffeekern Kanne 6\" width=\"195\" height=\"300\" class=\"alignnone size-medium wp-image-54714\" srcset=\"https:\/\/museumek.eu\/wp-content\/uploads\/2015\/05\/Johann-Haviland-Bavaria-Kaffeekern-Kanne-6-195x300.jpg 195w, https:\/\/museumek.eu\/wp-content\/uploads\/2015\/05\/Johann-Haviland-Bavaria-Kaffeekern-Kanne-6-97x150.jpg 97w, https:\/\/museumek.eu\/wp-content\/uploads\/2015\/05\/Johann-Haviland-Bavaria-Kaffeekern-Kanne-6.jpg 418w\" sizes=\"(max-width: 195px) 100vw, 195px\" \/><\/a><\/p>\n<p><a href=\"http:\/\/museumek.eu\/?attachment_id=54715\" rel=\"attachment wp-att-54715\"><img loading=\"lazy\" src=\"http:\/\/museumek.eu\/wp-content\/uploads\/2015\/05\/Johann-Haviland-Bavaria-Kaffeekern-Kanne-7-224x300.jpg\" alt=\"\" title=\"Johann Haviland Bavaria Kaffeekern Kanne 7\" width=\"224\" height=\"300\" class=\"alignnone size-medium wp-image-54715\" srcset=\"https:\/\/museumek.eu\/wp-content\/uploads\/2015\/05\/Johann-Haviland-Bavaria-Kaffeekern-Kanne-7-224x300.jpg 224w, https:\/\/museumek.eu\/wp-content\/uploads\/2015\/05\/Johann-Haviland-Bavaria-Kaffeekern-Kanne-7-112x150.jpg 112w, https:\/\/museumek.eu\/wp-content\/uploads\/2015\/05\/Johann-Haviland-Bavaria-Kaffeekern-Kanne-7.jpg 479w\" sizes=\"(max-width: 224px) 100vw, 224px\" \/><\/a><\/p>\n<p><a href=\"http:\/\/museumek.eu\/?attachment_id=54716\" rel=\"attachment wp-att-54716\"><img loading=\"lazy\" src=\"http:\/\/museumek.eu\/wp-content\/uploads\/2015\/05\/Johann-Haviland-Bavaria-Kaffeekern-Kanne-8-252x300.jpg\" alt=\"\" title=\"Johann Haviland Bavaria Kaffeekern Kanne 8\" width=\"252\" height=\"300\" class=\"alignnone size-medium wp-image-54716\" srcset=\"https:\/\/museumek.eu\/wp-content\/uploads\/2015\/05\/Johann-Haviland-Bavaria-Kaffeekern-Kanne-8-252x300.jpg 252w, https:\/\/museumek.eu\/wp-content\/uploads\/2015\/05\/Johann-Haviland-Bavaria-Kaffeekern-Kanne-8-126x150.jpg 126w, https:\/\/museumek.eu\/wp-content\/uploads\/2015\/05\/Johann-Haviland-Bavaria-Kaffeekern-Kanne-8.jpg 480w\" sizes=\"(max-width: 252px) 100vw, 252px\" \/><\/a><\/p>\n<p><a href=\"http:\/\/museumek.eu\/?attachment_id=54717\" rel=\"attachment wp-att-54717\"><img loading=\"lazy\" src=\"http:\/\/museumek.eu\/wp-content\/uploads\/2015\/05\/Johann-Haviland-Bavaria-Kaffeekern-Kanne-9-300x237.jpg\" alt=\"\" title=\"Johann Haviland Bavaria Kaffeekern Kanne 9\" width=\"300\" height=\"237\" class=\"alignnone size-medium wp-image-54717\" srcset=\"https:\/\/museumek.eu\/wp-content\/uploads\/2015\/05\/Johann-Haviland-Bavaria-Kaffeekern-Kanne-9-300x237.jpg 300w, https:\/\/museumek.eu\/wp-content\/uploads\/2015\/05\/Johann-Haviland-Bavaria-Kaffeekern-Kanne-9-150x118.jpg 150w, https:\/\/museumek.eu\/wp-content\/uploads\/2015\/05\/Johann-Haviland-Bavaria-Kaffeekern-Kanne-9-379x300.jpg 379w, https:\/\/museumek.eu\/wp-content\/uploads\/2015\/05\/Johann-Haviland-Bavaria-Kaffeekern-Kanne-9.jpg 607w\" sizes=\"(max-width: 300px) 100vw, 300px\" \/><\/a><\/p>\n<p><a href=\"http:\/\/museumek.eu\/?attachment_id=54718\" rel=\"attachment wp-att-54718\"><img loading=\"lazy\" src=\"http:\/\/museumek.eu\/wp-content\/uploads\/2015\/05\/Johann-Haviland-Bavaria-Kaffeekern-Kanne-10-300x242.jpg\" alt=\"\" title=\"Johann Haviland Bavaria Kaffeekern Kanne 10\" width=\"300\" height=\"242\" class=\"alignnone size-medium wp-image-54718\" srcset=\"https:\/\/museumek.eu\/wp-content\/uploads\/2015\/05\/Johann-Haviland-Bavaria-Kaffeekern-Kanne-10-300x242.jpg 300w, https:\/\/museumek.eu\/wp-content\/uploads\/2015\/05\/Johann-Haviland-Bavaria-Kaffeekern-Kanne-10-150x121.jpg 150w, https:\/\/museumek.eu\/wp-content\/uploads\/2015\/05\/Johann-Haviland-Bavaria-Kaffeekern-Kanne-10-370x300.jpg 370w, https:\/\/museumek.eu\/wp-content\/uploads\/2015\/05\/Johann-Haviland-Bavaria-Kaffeekern-Kanne-10.jpg 593w\" sizes=\"(max-width: 300px) 100vw, 300px\" \/><\/a><\/p>\n","protected":false},"excerpt":{"rendered":"<p>Abteilung Deutschland, Keramik 1860 \u2013 1960, Inventarnummer D\/CXXVIII\/3 Johann Haviland Porzellanfabrik Waldershof und Nachfolger Porzellanfabrik Waldershof AG vormals Johann Haviland, Deutschland, Waldershof, 1924 bis 1930, Kanne eines Kaffeekerns, K\u00fcnstler unbekannt, Werks.-Nr. ohne, Exemplar Nr. ohne, gemarkt Firmenmarke mit John Haviland &hellip; <a href=\"https:\/\/museumek.eu\/?page_id=54749\">Weiterlesen <span class=\"meta-nav\">&rarr;<\/span><\/a><\/p>\n","protected":false},"author":1,"featured_media":0,"parent":40508,"menu_order":3,"comment_status":"closed","ping_status":"open","template":"","meta":[],"_links":{"self":[{"href":"https:\/\/museumek.eu\/index.php?rest_route=\/wp\/v2\/pages\/54749"}],"collection":[{"href":"https:\/\/museumek.eu\/index.php?rest_route=\/wp\/v2\/pages"}],"about":[{"href":"https:\/\/museumek.eu\/index.php?rest_route=\/wp\/v2\/types\/page"}],"author":[{"embeddable":true,"href":"https:\/\/museumek.eu\/index.php?rest_route=\/wp\/v2\/users\/1"}],"replies":[{"embeddable":true,"href":"https:\/\/museumek.eu\/index.php?rest_route=%2Fwp%2Fv2%2Fcomments&post=54749"}],"version-history":[{"count":2,"href":"https:\/\/museumek.eu\/index.php?rest_route=\/wp\/v2\/pages\/54749\/revisions"}],"predecessor-version":[{"id":54751,"href":"https:\/\/museumek.eu\/index.php?rest_route=\/wp\/v2\/pages\/54749\/revisions\/54751"}],"up":[{"embeddable":true,"href":"https:\/\/museumek.eu\/index.php?rest_route=\/wp\/v2\/pages\/40508"}],"wp:attachment":[{"href":"https:\/\/museumek.eu\/index.php?rest_route=%2Fwp%2Fv2%2Fmedia&parent=54749"}],"curies":[{"name":"wp","href":"https:\/\/api.w.org\/{rel}","templated":true}]}}