{"id":54830,"date":"2021-03-21T20:24:46","date_gmt":"2021-03-21T19:24:46","guid":{"rendered":"http:\/\/museumek.eu\/?page_id=54830"},"modified":"2021-03-27T17:02:33","modified_gmt":"2021-03-27T16:02:33","slug":"axvi7","status":"publish","type":"page","link":"https:\/\/museumek.eu\/?page_id=54830","title":{"rendered":"A\/XVI\/7"},"content":{"rendered":"<p><strong>Abteilung Austria\/Ungarn\/B\u00f6hmen, Keramik 1860 \u2013 1960, Inventarnummer A\/XVI\/7<\/strong><\/p>\n<p>Ernst Wahliss Kunst- Porzellan- Fayence und Terracotta \u2013 Fabrik, Austria, Turn\/Trnovany, um 1925, Deckeldose, K\u00fcnstler unbekannt, Werks.-Nr. ohne, Exemplar Nr. ohne, gemarkt Firmenmarke mit Krone, darunter vollst\u00e4ndiger Lorbeerkranz, in dem Lorbeerkranz UNION (siehe Erkl\u00e4rung unten), darunter T (f\u00fcr Turn), darunter Czecho-Slovakia gr\u00fcner Stempel unter Glasur sowie dicker roter Strich auf Glasur gemalt, nicht signiert, Literatur: Volker M\u00f6lle Riessner, Amphora Die Porzellan- und Keramik- Manufaktur in Nordb\u00f6hmen, Seite 33, dort beschrieben, dass Alfred Stellmacher 1894 seine Restfirma in Turn an Ernst Wahliss verkauft hat, Seite 175, dort noch einmal beschrieben, dass Ernst Wahliss 1894 in Turn eine Fabrik von Alfred Stellmacher gekauft hat, weitere Literatur: Europ\u00e4ische Keramik des Jugendstils, Ausstellung im Hetjen-Museum, D\u00fcsseldorf, 1974, Seite 221, Beschreibung der Manufaktur und Beschreibung, dass Ernst Wahliss eine Fabrik von Alfred Stellmacher \u00fcbernommen hat, weitere Literatur: Ludwig Danckert, Handbuch des Europ\u00e4ischen Porzellans, 7. Auflage, Seite 279, Beschreibung der Porzellan Union sowie identische Marke abgebildet (dort mit Buchstabe K statt mit Buchstabe T), weitere Literatur: Dieter Z\u00fchlsdorff, Markenlexikon, Porzellan und Keramik Report, 1885 &#8211; 1935, Seite 282, Werk-Teil 1., Gruppennummer des Werkteils 4., laufende Nummer innerhalb der Gruppe 908 identische Marke mit Buchstabe K statt Buchstabe T (dort g\u00fcltig f\u00fcr die Zeit 1921 &#8211; 1936 (?)) sowie Seite 534, Werk-Teil 3., laufende Nummer des Werkteils 608, dort Beschreibung der Porzellan Union, Erkl\u00e4rung zur Firmenmarke: ab 1921 geh\u00f6rte die Turner Fabrik von Wahliss zur Porzellan Union, die am 26.11.1921 als Gegengewicht zur EPIAG (vormals \u00d6PIAG) gegr\u00fcndet worden war aber dann doch (noch in den 1920&#8242; Jahren) in der EPIAG aufging, der Buchstabe T, steht f\u00fcr Turn, also f\u00fcr den Produktionsort von Wahliss, es gibt den Stempel auch noch mit dem Buchstaben K, K steht dann f\u00fcr die Porzellanfabrik Thun in Kl\u00f6sterle, ebenfalls ein Mitglied der Porzellan Union, H\u00f6he 13 cm, Breite 30,5 cm<\/p>\n<p><a href=\"http:\/\/museumek.eu\/?attachment_id=54853\" rel=\"attachment wp-att-54853\"><img loading=\"lazy\" src=\"http:\/\/museumek.eu\/wp-content\/uploads\/2011\/09\/Ernst-Wahliss-art-deco-Schale-7-300x157.jpg\" alt=\"\" title=\"Ernst Wahliss art deco Schale 7\" width=\"300\" height=\"157\" class=\"alignnone size-medium wp-image-54853\" srcset=\"https:\/\/museumek.eu\/wp-content\/uploads\/2011\/09\/Ernst-Wahliss-art-deco-Schale-7-300x157.jpg 300w, https:\/\/museumek.eu\/wp-content\/uploads\/2011\/09\/Ernst-Wahliss-art-deco-Schale-7-150x78.jpg 150w, https:\/\/museumek.eu\/wp-content\/uploads\/2011\/09\/Ernst-Wahliss-art-deco-Schale-7-1024x538.jpg 1024w, https:\/\/museumek.eu\/wp-content\/uploads\/2011\/09\/Ernst-Wahliss-art-deco-Schale-7-500x263.jpg 500w, https:\/\/museumek.eu\/wp-content\/uploads\/2011\/09\/Ernst-Wahliss-art-deco-Schale-7.jpg 1199w\" sizes=\"(max-width: 300px) 100vw, 300px\" \/><\/a><\/p>\n<p><a href=\"http:\/\/museumek.eu\/?attachment_id=54854\" rel=\"attachment wp-att-54854\"><img loading=\"lazy\" src=\"http:\/\/museumek.eu\/wp-content\/uploads\/2011\/09\/Ernst-Wahliss-art-deco-Schale-8-300x171.jpg\" alt=\"\" title=\"Ernst Wahliss art deco Schale 8\" width=\"300\" height=\"171\" class=\"alignnone size-medium wp-image-54854\" srcset=\"https:\/\/museumek.eu\/wp-content\/uploads\/2011\/09\/Ernst-Wahliss-art-deco-Schale-8-300x171.jpg 300w, https:\/\/museumek.eu\/wp-content\/uploads\/2011\/09\/Ernst-Wahliss-art-deco-Schale-8-150x85.jpg 150w, https:\/\/museumek.eu\/wp-content\/uploads\/2011\/09\/Ernst-Wahliss-art-deco-Schale-8-1024x585.jpg 1024w, https:\/\/museumek.eu\/wp-content\/uploads\/2011\/09\/Ernst-Wahliss-art-deco-Schale-8-500x285.jpg 500w, https:\/\/museumek.eu\/wp-content\/uploads\/2011\/09\/Ernst-Wahliss-art-deco-Schale-8.jpg 1135w\" sizes=\"(max-width: 300px) 100vw, 300px\" \/><\/a><\/p>\n<p><a href=\"http:\/\/museumek.eu\/?attachment_id=54818\" rel=\"attachment wp-att-54818\"><img loading=\"lazy\" src=\"http:\/\/museumek.eu\/wp-content\/uploads\/2011\/09\/Ernst-Wahliss-art-deco-Schale-3-262x300.jpg\" alt=\"\" title=\"Ernst Wahliss art deco Schale 3\" width=\"262\" height=\"300\" class=\"alignnone size-medium wp-image-54818\" srcset=\"https:\/\/museumek.eu\/wp-content\/uploads\/2011\/09\/Ernst-Wahliss-art-deco-Schale-3-262x300.jpg 262w, https:\/\/museumek.eu\/wp-content\/uploads\/2011\/09\/Ernst-Wahliss-art-deco-Schale-3-131x150.jpg 131w, https:\/\/museumek.eu\/wp-content\/uploads\/2011\/09\/Ernst-Wahliss-art-deco-Schale-3.jpg 480w\" sizes=\"(max-width: 262px) 100vw, 262px\" \/><\/a><\/p>\n<p><a href=\"http:\/\/museumek.eu\/?attachment_id=54819\" rel=\"attachment wp-att-54819\"><img loading=\"lazy\" src=\"http:\/\/museumek.eu\/wp-content\/uploads\/2011\/09\/Ernst-Wahliss-art-deco-Schale-4-253x300.jpg\" alt=\"\" title=\"Ernst Wahliss art deco Schale 4\" width=\"253\" height=\"300\" class=\"alignnone size-medium wp-image-54819\" srcset=\"https:\/\/museumek.eu\/wp-content\/uploads\/2011\/09\/Ernst-Wahliss-art-deco-Schale-4-253x300.jpg 253w, https:\/\/museumek.eu\/wp-content\/uploads\/2011\/09\/Ernst-Wahliss-art-deco-Schale-4-126x150.jpg 126w, https:\/\/museumek.eu\/wp-content\/uploads\/2011\/09\/Ernst-Wahliss-art-deco-Schale-4.jpg 480w\" sizes=\"(max-width: 253px) 100vw, 253px\" \/><\/a><\/p>\n<p><a href=\"http:\/\/museumek.eu\/?attachment_id=54820\" rel=\"attachment wp-att-54820\"><img loading=\"lazy\" src=\"http:\/\/museumek.eu\/wp-content\/uploads\/2011\/09\/Ernst-Wahliss-art-deco-Schale-5-300x184.jpg\" alt=\"\" title=\"Ernst Wahliss art deco Schale 5\" width=\"300\" height=\"184\" class=\"alignnone size-medium wp-image-54820\" srcset=\"https:\/\/museumek.eu\/wp-content\/uploads\/2011\/09\/Ernst-Wahliss-art-deco-Schale-5-300x184.jpg 300w, https:\/\/museumek.eu\/wp-content\/uploads\/2011\/09\/Ernst-Wahliss-art-deco-Schale-5-150x92.jpg 150w, https:\/\/museumek.eu\/wp-content\/uploads\/2011\/09\/Ernst-Wahliss-art-deco-Schale-5-488x300.jpg 488w, https:\/\/museumek.eu\/wp-content\/uploads\/2011\/09\/Ernst-Wahliss-art-deco-Schale-5.jpg 640w\" sizes=\"(max-width: 300px) 100vw, 300px\" \/><\/a><\/p>\n<p><a href=\"http:\/\/museumek.eu\/?attachment_id=54821\" rel=\"attachment wp-att-54821\"><img loading=\"lazy\" src=\"http:\/\/museumek.eu\/wp-content\/uploads\/2011\/09\/Ernst-Wahliss-art-deco-Schale-6-210x300.jpg\" alt=\"\" title=\"Ernst Wahliss art deco Schale 6\" width=\"210\" height=\"300\" class=\"alignnone size-medium wp-image-54821\" srcset=\"https:\/\/museumek.eu\/wp-content\/uploads\/2011\/09\/Ernst-Wahliss-art-deco-Schale-6-210x300.jpg 210w, https:\/\/museumek.eu\/wp-content\/uploads\/2011\/09\/Ernst-Wahliss-art-deco-Schale-6-105x150.jpg 105w, https:\/\/museumek.eu\/wp-content\/uploads\/2011\/09\/Ernst-Wahliss-art-deco-Schale-6.jpg 449w\" sizes=\"(max-width: 210px) 100vw, 210px\" \/><\/a><\/p>\n","protected":false},"excerpt":{"rendered":"<p>Abteilung Austria\/Ungarn\/B\u00f6hmen, Keramik 1860 \u2013 1960, Inventarnummer A\/XVI\/7 Ernst Wahliss Kunst- Porzellan- Fayence und Terracotta \u2013 Fabrik, Austria, Turn\/Trnovany, um 1925, Deckeldose, K\u00fcnstler unbekannt, Werks.-Nr. ohne, Exemplar Nr. ohne, gemarkt Firmenmarke mit Krone, darunter vollst\u00e4ndiger Lorbeerkranz, in dem Lorbeerkranz UNION &hellip; <a href=\"https:\/\/museumek.eu\/?page_id=54830\">Weiterlesen <span class=\"meta-nav\">&rarr;<\/span><\/a><\/p>\n","protected":false},"author":1,"featured_media":0,"parent":1184,"menu_order":7,"comment_status":"closed","ping_status":"open","template":"","meta":[],"_links":{"self":[{"href":"https:\/\/museumek.eu\/index.php?rest_route=\/wp\/v2\/pages\/54830"}],"collection":[{"href":"https:\/\/museumek.eu\/index.php?rest_route=\/wp\/v2\/pages"}],"about":[{"href":"https:\/\/museumek.eu\/index.php?rest_route=\/wp\/v2\/types\/page"}],"author":[{"embeddable":true,"href":"https:\/\/museumek.eu\/index.php?rest_route=\/wp\/v2\/users\/1"}],"replies":[{"embeddable":true,"href":"https:\/\/museumek.eu\/index.php?rest_route=%2Fwp%2Fv2%2Fcomments&post=54830"}],"version-history":[{"count":7,"href":"https:\/\/museumek.eu\/index.php?rest_route=\/wp\/v2\/pages\/54830\/revisions"}],"predecessor-version":[{"id":54860,"href":"https:\/\/museumek.eu\/index.php?rest_route=\/wp\/v2\/pages\/54830\/revisions\/54860"}],"up":[{"embeddable":true,"href":"https:\/\/museumek.eu\/index.php?rest_route=\/wp\/v2\/pages\/1184"}],"wp:attachment":[{"href":"https:\/\/museumek.eu\/index.php?rest_route=%2Fwp%2Fv2%2Fmedia&parent=54830"}],"curies":[{"name":"wp","href":"https:\/\/api.w.org\/{rel}","templated":true}]}}