{"id":55142,"date":"2021-04-03T12:19:59","date_gmt":"2021-04-03T10:19:59","guid":{"rendered":"http:\/\/museumek.eu\/?page_id=55142"},"modified":"2021-04-03T12:19:59","modified_gmt":"2021-04-03T10:19:59","slug":"dcxc2","status":"publish","type":"page","link":"https:\/\/museumek.eu\/?page_id=55142","title":{"rendered":"D\/CXC\/2"},"content":{"rendered":"<p><strong>Abteilung Deutschland, Keramik 1860 \u2013 1960, Inventarnummer D\/CXC\/2<\/strong><\/p>\n<p>Edelstein Porzellanfabrik AG, vormals Porzellanfabrik J. Edelstein AG, vormals Porzellanfabrik J. Edelstein GmbH, vormals Oberfr\u00e4nkische Porzellanfabrik Ohnem\u00fcller &#038; Ulrich, vormals Porzellanfabrik Wenk &#038; Zitzmann, vormals Porzellanfabrik und Porzellanmalerei Friedrich Wunder, Deutschland, K\u00fcps, nach 1930, Vase, K\u00fcnstler unbekannt, Werks.-Nr. ohne, Exemplar Nr. ohne, gemarkt Firmenmarke mit Edelstein, darunter ein waagerechter Strich, darunter BAVARIA (bei j\u00fcngeren Marken ist das BAVARIA kleiner und beginnt beim zweiten e), daneben ein Punkt (evtl. bedeutet der Punkt eine zeitliche Einordnung), grau gr\u00fcner Stempel unter Glasur, 15540 sowie 6 in Gold auf Glasur gestempelt, 15\/0 gepresst, nicht signiert, Literatur: Ludwig Danckert, Handbuch des Europ\u00e4ischen Porzellans, 7. Auflage, Seite 299, dort Fabrikbeschreibung, weitere Literatur: Dieter Z\u00fchlsdorff, Markenlexikon Band I, Porzellan und Keramik Report 1885 &#8211; 1935, Seite 143, Werk-Teil Nr. 1., Gruppennummer des Werkteils 2., laufende Nummer innerhalb der Gruppe 536 identische Marke (dort f\u00fcr die Zeit von 1930 &#8211; 1938 sowie Seite 542, Werk-Teil 3., laufende Nummer des Werkteils 666 und 668, dort Fabrikbeschreibung, weitere Literatur: Robert E. R\u00f6ntgen, Deutsche Porzellanmarken von 1710 bis heute, Seite 171, kurze Fabrikbeschreibung, 1879 errichtete der Porzellanmaler Friedrich Wunder eine kleine Porzellanfabrik in K\u00fcps, Firmierung wohl Porzellanfabrik und Porzellanmalerei Friedrich Wunder, Teilhaber war der aus Th\u00fcringen stammende Karl D\u00f6hler, 1882 wurde die Fabrik an Franz Wenk und dessen Schwager Albin Zitzmann verkauft, Firmierung Porzellanfabrik Wenk &#038; Zitzmann, Zitzmann trat wohl 1885 aus und Wenks Frau Emma trat als Mitbesitzerin ein, 1890 verkauften die Wenks die Fabrik an Friedrich Ohnem\u00fcller, Friedrich Ulrich und Emil Speiser, Speiser scheidet aber bereits nach kurzer Zeit wieder aus, die Firmierung \u00e4nderte sich in Oberfr\u00e4nkische Porzellanfabrik Ohnem\u00fcller &#038; Ulrich, die Inhaber bauten die Fabrik aus, 1919 erwarb der Berliner Porzellan- und Glas Gro\u00dfh\u00e4ndler Julius Edelstein (geb. 1882, gest. 1941, Edelstein und seine Frau Margaretha wurden 1941 nach Riga deportiert und dort ermordet) zusammen mit seinem Kompagnon Isodor Gr\u00fcnebaum f\u00fcr 280.000 Mark die Fabrik, Firmierung Porzellanfabrik J. Edelstein GmbH mit Hauptsitz in Berlin, 1921 Gro\u00dfbrand, danach baut Edelstein die Fabrik wieder auf und wandelt sie 1923 in eine AG um, Firmierung Porzellanfabrik J. Edelstein AG, der Modelleur Theodor Gack (1894\u20131984) war mit dem Unternehmen viele Jahre verbunden (von 1923 bis 1940), auch Richard Riemerschmid, fertigte Entw\u00fcrfe, wirtschaftliche Gr\u00fcnde zwingen Edelstein 1926 zu einer erheblichen Kapitalaufnahme bei der Steingutfarbik Colditz AG, ausserdem scheidet zu diesem Zeitpunkt Gr\u00fcnebaum aus der Fabrik aus, 1932 wird Edelstein von der Colditz AG in den Konkurs gezwungen, Neugr\u00fcndung der AG, Firmierung nun Edelstein Porzellanfabrik AG, die Fabrik arbeitete unter dem Eigent\u00fcmer Colditz Ag noch weiter bis nach WK II, H\u00f6he 12,2 cm, Breite 9 cm<\/p>\n<p><a href=\"http:\/\/museumek.eu\/?attachment_id=55133\" rel=\"attachment wp-att-55133\"><img loading=\"lazy\" src=\"http:\/\/museumek.eu\/wp-content\/uploads\/2021\/03\/Edelstein-vase-1-221x300.jpg\" alt=\"\" title=\"Edelstein vase 1\" width=\"221\" height=\"300\" class=\"alignnone size-medium wp-image-55133\" srcset=\"https:\/\/museumek.eu\/wp-content\/uploads\/2021\/03\/Edelstein-vase-1-221x300.jpg 221w, https:\/\/museumek.eu\/wp-content\/uploads\/2021\/03\/Edelstein-vase-1-110x150.jpg 110w, https:\/\/museumek.eu\/wp-content\/uploads\/2021\/03\/Edelstein-vase-1.jpg 473w\" sizes=\"(max-width: 221px) 100vw, 221px\" \/><\/a><\/p>\n<p><a href=\"http:\/\/museumek.eu\/?attachment_id=55134\" rel=\"attachment wp-att-55134\"><img loading=\"lazy\" src=\"http:\/\/museumek.eu\/wp-content\/uploads\/2021\/03\/Edelstein-vase-2-200x300.jpg\" alt=\"\" title=\"Edelstein vase 2\" width=\"200\" height=\"300\" class=\"alignnone size-medium wp-image-55134\" srcset=\"https:\/\/museumek.eu\/wp-content\/uploads\/2021\/03\/Edelstein-vase-2-200x300.jpg 200w, https:\/\/museumek.eu\/wp-content\/uploads\/2021\/03\/Edelstein-vase-2-100x150.jpg 100w, https:\/\/museumek.eu\/wp-content\/uploads\/2021\/03\/Edelstein-vase-2.jpg 427w\" sizes=\"(max-width: 200px) 100vw, 200px\" \/><\/a><\/p>\n<p><a href=\"http:\/\/museumek.eu\/?attachment_id=55135\" rel=\"attachment wp-att-55135\"><img loading=\"lazy\" src=\"http:\/\/museumek.eu\/wp-content\/uploads\/2021\/03\/Edelstein-vase-3-190x300.jpg\" alt=\"\" title=\"Edelstein vase 3\" width=\"190\" height=\"300\" class=\"alignnone size-medium wp-image-55135\" srcset=\"https:\/\/museumek.eu\/wp-content\/uploads\/2021\/03\/Edelstein-vase-3-190x300.jpg 190w, https:\/\/museumek.eu\/wp-content\/uploads\/2021\/03\/Edelstein-vase-3-95x150.jpg 95w, https:\/\/museumek.eu\/wp-content\/uploads\/2021\/03\/Edelstein-vase-3.jpg 406w\" sizes=\"(max-width: 190px) 100vw, 190px\" \/><\/a><\/p>\n<p><a href=\"http:\/\/museumek.eu\/?attachment_id=55136\" rel=\"attachment wp-att-55136\"><img loading=\"lazy\" src=\"http:\/\/museumek.eu\/wp-content\/uploads\/2021\/03\/Edelstein-vase-4-258x300.jpg\" alt=\"\" title=\"Edelstein vase 4\" width=\"258\" height=\"300\" class=\"alignnone size-medium wp-image-55136\" srcset=\"https:\/\/museumek.eu\/wp-content\/uploads\/2021\/03\/Edelstein-vase-4-258x300.jpg 258w, https:\/\/museumek.eu\/wp-content\/uploads\/2021\/03\/Edelstein-vase-4-129x150.jpg 129w, https:\/\/museumek.eu\/wp-content\/uploads\/2021\/03\/Edelstein-vase-4.jpg 480w\" sizes=\"(max-width: 258px) 100vw, 258px\" \/><\/a><\/p>\n<p><a href=\"http:\/\/museumek.eu\/?attachment_id=55137\" rel=\"attachment wp-att-55137\"><img loading=\"lazy\" src=\"http:\/\/museumek.eu\/wp-content\/uploads\/2021\/03\/Edelstein-vase-5-300x193.jpg\" alt=\"\" title=\"Edelstein vase 5\" width=\"300\" height=\"193\" class=\"alignnone size-medium wp-image-55137\" srcset=\"https:\/\/museumek.eu\/wp-content\/uploads\/2021\/03\/Edelstein-vase-5-300x193.jpg 300w, https:\/\/museumek.eu\/wp-content\/uploads\/2021\/03\/Edelstein-vase-5-150x96.jpg 150w, https:\/\/museumek.eu\/wp-content\/uploads\/2021\/03\/Edelstein-vase-5-466x300.jpg 466w, https:\/\/museumek.eu\/wp-content\/uploads\/2021\/03\/Edelstein-vase-5.jpg 640w\" sizes=\"(max-width: 300px) 100vw, 300px\" \/><\/a><\/p>\n<p><a href=\"http:\/\/museumek.eu\/?attachment_id=55138\" rel=\"attachment wp-att-55138\"><img loading=\"lazy\" src=\"http:\/\/museumek.eu\/wp-content\/uploads\/2021\/03\/Edelstein-vase-6-300x172.jpg\" alt=\"\" title=\"Edelstein vase 6\" width=\"300\" height=\"172\" class=\"alignnone size-medium wp-image-55138\" srcset=\"https:\/\/museumek.eu\/wp-content\/uploads\/2021\/03\/Edelstein-vase-6-300x172.jpg 300w, https:\/\/museumek.eu\/wp-content\/uploads\/2021\/03\/Edelstein-vase-6-150x86.jpg 150w, https:\/\/museumek.eu\/wp-content\/uploads\/2021\/03\/Edelstein-vase-6-500x287.jpg 500w, https:\/\/museumek.eu\/wp-content\/uploads\/2021\/03\/Edelstein-vase-6.jpg 640w\" sizes=\"(max-width: 300px) 100vw, 300px\" \/><\/a><\/p>\n<p><a href=\"http:\/\/museumek.eu\/?attachment_id=55139\" rel=\"attachment wp-att-55139\"><img loading=\"lazy\" src=\"http:\/\/museumek.eu\/wp-content\/uploads\/2021\/03\/Edelstein-vase-7-300x178.jpg\" alt=\"\" title=\"Edelstein vase 7\" width=\"300\" height=\"178\" class=\"alignnone size-medium wp-image-55139\" srcset=\"https:\/\/museumek.eu\/wp-content\/uploads\/2021\/03\/Edelstein-vase-7-300x178.jpg 300w, https:\/\/museumek.eu\/wp-content\/uploads\/2021\/03\/Edelstein-vase-7-150x89.jpg 150w, https:\/\/museumek.eu\/wp-content\/uploads\/2021\/03\/Edelstein-vase-7-500x297.jpg 500w, https:\/\/museumek.eu\/wp-content\/uploads\/2021\/03\/Edelstein-vase-7.jpg 640w\" sizes=\"(max-width: 300px) 100vw, 300px\" \/><\/a><\/p>\n","protected":false},"excerpt":{"rendered":"<p>Abteilung Deutschland, Keramik 1860 \u2013 1960, Inventarnummer D\/CXC\/2 Edelstein Porzellanfabrik AG, vormals Porzellanfabrik J. Edelstein AG, vormals Porzellanfabrik J. Edelstein GmbH, vormals Oberfr\u00e4nkische Porzellanfabrik Ohnem\u00fcller &#038; Ulrich, vormals Porzellanfabrik Wenk &#038; Zitzmann, vormals Porzellanfabrik und Porzellanmalerei Friedrich Wunder, Deutschland, K\u00fcps, &hellip; <a href=\"https:\/\/museumek.eu\/?page_id=55142\">Weiterlesen <span class=\"meta-nav\">&rarr;<\/span><\/a><\/p>\n","protected":false},"author":1,"featured_media":0,"parent":54936,"menu_order":2,"comment_status":"closed","ping_status":"open","template":"","meta":[],"_links":{"self":[{"href":"https:\/\/museumek.eu\/index.php?rest_route=\/wp\/v2\/pages\/55142"}],"collection":[{"href":"https:\/\/museumek.eu\/index.php?rest_route=\/wp\/v2\/pages"}],"about":[{"href":"https:\/\/museumek.eu\/index.php?rest_route=\/wp\/v2\/types\/page"}],"author":[{"embeddable":true,"href":"https:\/\/museumek.eu\/index.php?rest_route=\/wp\/v2\/users\/1"}],"replies":[{"embeddable":true,"href":"https:\/\/museumek.eu\/index.php?rest_route=%2Fwp%2Fv2%2Fcomments&post=55142"}],"version-history":[{"count":2,"href":"https:\/\/museumek.eu\/index.php?rest_route=\/wp\/v2\/pages\/55142\/revisions"}],"predecessor-version":[{"id":55144,"href":"https:\/\/museumek.eu\/index.php?rest_route=\/wp\/v2\/pages\/55142\/revisions\/55144"}],"up":[{"embeddable":true,"href":"https:\/\/museumek.eu\/index.php?rest_route=\/wp\/v2\/pages\/54936"}],"wp:attachment":[{"href":"https:\/\/museumek.eu\/index.php?rest_route=%2Fwp%2Fv2%2Fmedia&parent=55142"}],"curies":[{"name":"wp","href":"https:\/\/api.w.org\/{rel}","templated":true}]}}