{"id":55434,"date":"2021-04-05T12:06:49","date_gmt":"2021-04-05T10:06:49","guid":{"rendered":"http:\/\/museumek.eu\/?page_id=55434"},"modified":"2021-04-05T12:06:49","modified_gmt":"2021-04-05T10:06:49","slug":"fabrique-de-porcelaine-w-guerin-cie-und-nachf-fabrique-de-porcelaine-w-guerin-j-pouyat-cie-und-nachf-fabrique-de-porcelaine-guerin-pouyat-elite-ltd","status":"publish","type":"page","link":"https:\/\/museumek.eu\/?page_id=55434","title":{"rendered":"Fabrique de porcelaine W. Gu\u00e9rin &#038; Cie. und Nachf. Fabrique de porcelaine W. Gu\u00e9rin, J. Pouyat &#038; Cie. und Nachf.  Fabrique de porcelaine Gu\u00e9rin-Pouyat-Elite Ltd."},"content":{"rendered":"","protected":false},"excerpt":{"rendered":"","protected":false},"author":1,"featured_media":0,"parent":2157,"menu_order":59,"comment_status":"closed","ping_status":"open","template":"","meta":[],"_links":{"self":[{"href":"https:\/\/museumek.eu\/index.php?rest_route=\/wp\/v2\/pages\/55434"}],"collection":[{"href":"https:\/\/museumek.eu\/index.php?rest_route=\/wp\/v2\/pages"}],"about":[{"href":"https:\/\/museumek.eu\/index.php?rest_route=\/wp\/v2\/types\/page"}],"author":[{"embeddable":true,"href":"https:\/\/museumek.eu\/index.php?rest_route=\/wp\/v2\/users\/1"}],"replies":[{"embeddable":true,"href":"https:\/\/museumek.eu\/index.php?rest_route=%2Fwp%2Fv2%2Fcomments&post=55434"}],"version-history":[{"count":1,"href":"https:\/\/museumek.eu\/index.php?rest_route=\/wp\/v2\/pages\/55434\/revisions"}],"predecessor-version":[{"id":55435,"href":"https:\/\/museumek.eu\/index.php?rest_route=\/wp\/v2\/pages\/55434\/revisions\/55435"}],"up":[{"embeddable":true,"href":"https:\/\/museumek.eu\/index.php?rest_route=\/wp\/v2\/pages\/2157"}],"wp:attachment":[{"href":"https:\/\/museumek.eu\/index.php?rest_route=%2Fwp%2Fv2%2Fmedia&parent=55434"}],"curies":[{"name":"wp","href":"https:\/\/api.w.org\/{rel}","templated":true}]}}