{"id":55947,"date":"2021-04-19T19:11:44","date_gmt":"2021-04-19T17:11:44","guid":{"rendered":"http:\/\/museumek.eu\/?page_id=55947"},"modified":"2021-04-21T20:34:30","modified_gmt":"2021-04-21T18:34:30","slug":"fotos-und-beschreibung","status":"publish","type":"page","link":"https:\/\/museumek.eu\/?page_id=55947","title":{"rendered":"Fotos und Beschreibung"},"content":{"rendered":"<p><strong>Abteilung Deutschland, Keramik 1860 \u2013 1960, Inventarnummer D\/CXCIII\/1<\/strong><\/p>\n<p>Porzellanfabrik Wei\u00dfenstadt D\u00fcrrbeck &#038; Ruckd\u00e4schel, Deutschland, Wei\u00dfenstadt, vor 1950, Menage, K\u00fcnstler unbekannt, Werks.-Nr. ohne, Exemplar Nr. ohne, gemarkt Firmenmarke mit Krone, darunter Bavaria, darunter ein Dreieck, in dem Dreieck D &#038; R (f\u00fcr D\u00fcrrbeck und Ruckd\u00e4schel), darunter W (f\u00fcr Wei\u00dfenstadt), um das Dreieck drumherum Weissen = stadt dunkelgr\u00fcner Stempel unter Glasur, nicht signiert, Literatur: Robert E. R\u00f6ntgen, Deutsche Porzellanmarken von 1710 bis heute, Seite 373, Marke 2979 identisch (dort f\u00fcr die Zeit 1920 &#8211; 1964), weitere Literatur: Dieter Z\u00fchlsdorff, Markenlexikon, Band 1, Porzellan und Keramik Report 1885 &#8211; 1935, Seite 258, Werk- Teil 1., Gruppennummer des Werkteils 4., laufende Nummer innerhalb der Gruppe 305, identische Marke (dort f\u00fcr die Zeit ab 1920) sowie Seite 641, Werkteil 3., laufende Nummer des Werkteils 1360, dort kurze Beschreibung der Fabrik, weitere Literatur: Ludwig Danckert, Handbuch des Europ\u00e4ischen Porzellans, 7. Auflage, Seite 751, dort sehr kurze unvollst\u00e4ndige Beschreibung der Fabrik sowie Marke 345 identisch (die Marke wurde am 29.05.1928 ins RWZR eingetragen), weitere Literatur: Gustav Wei\u00df, Ullstein Porzellanbuch, Seite 316, Marke Nr. 5 identisch, weitere Literatur: Emanuel Poche, Porzellanmarken aus aller Welt, Marke 1704 identisch, die Fabrik wurde 1920 von Christian D\u00fcrrbeck und Heinrich Ruckd\u00e4schel gegr\u00fcndet, Firmierung Porzellanfabrik Wei\u00dfenstadt D\u00fcrrbeck &#038; Ruckd\u00e4schel, vorwiegend wird Gebrauchsgeschirr und Hotelgeschirr produziert, die Fabrik bleibt bis zur Aufl\u00f6sung ca. 1961 in Familienbesitz, H\u00f6he 10 cm, Breite 11 cm  <\/p>\n<p><a href=\"http:\/\/museumek.eu\/?attachment_id=55948\" rel=\"attachment wp-att-55948\"><img loading=\"lazy\" src=\"http:\/\/museumek.eu\/wp-content\/uploads\/2021\/04\/D\u00fcrrbeck-Ruckd\u00e4schel-Menage-1-272x300.jpg\" alt=\"\" title=\"D\u00fcrrbeck &amp; Ruckd\u00e4schel Menage 1\" width=\"272\" height=\"300\" class=\"alignnone size-medium wp-image-55948\" srcset=\"https:\/\/museumek.eu\/wp-content\/uploads\/2021\/04\/D\u00fcrrbeck-Ruckd\u00e4schel-Menage-1-272x300.jpg 272w, https:\/\/museumek.eu\/wp-content\/uploads\/2021\/04\/D\u00fcrrbeck-Ruckd\u00e4schel-Menage-1-136x150.jpg 136w, https:\/\/museumek.eu\/wp-content\/uploads\/2021\/04\/D\u00fcrrbeck-Ruckd\u00e4schel-Menage-1.jpg 480w\" sizes=\"(max-width: 272px) 100vw, 272px\" \/><\/a><\/p>\n<p><a href=\"http:\/\/museumek.eu\/?attachment_id=55949\" rel=\"attachment wp-att-55949\"><img loading=\"lazy\" src=\"http:\/\/museumek.eu\/wp-content\/uploads\/2021\/04\/D\u00fcrrbeck-Ruckd\u00e4schel-Menage-2-300x268.jpg\" alt=\"\" title=\"D\u00fcrrbeck &amp; Ruckd\u00e4schel  Menage 2\" width=\"300\" height=\"268\" class=\"alignnone size-medium wp-image-55949\" srcset=\"https:\/\/museumek.eu\/wp-content\/uploads\/2021\/04\/D\u00fcrrbeck-Ruckd\u00e4schel-Menage-2-300x268.jpg 300w, https:\/\/museumek.eu\/wp-content\/uploads\/2021\/04\/D\u00fcrrbeck-Ruckd\u00e4schel-Menage-2-150x134.jpg 150w, https:\/\/museumek.eu\/wp-content\/uploads\/2021\/04\/D\u00fcrrbeck-Ruckd\u00e4schel-Menage-2-335x300.jpg 335w, https:\/\/museumek.eu\/wp-content\/uploads\/2021\/04\/D\u00fcrrbeck-Ruckd\u00e4schel-Menage-2.jpg 536w\" sizes=\"(max-width: 300px) 100vw, 300px\" \/><\/a><\/p>\n<p><a href=\"http:\/\/museumek.eu\/?attachment_id=55950\" rel=\"attachment wp-att-55950\"><img loading=\"lazy\" src=\"http:\/\/museumek.eu\/wp-content\/uploads\/2021\/04\/D\u00fcrrbeck-Ruckd\u00e4schel-Menage-3-290x300.jpg\" alt=\"\" title=\"D\u00fcrrbeck &amp; Ruckd\u00e4schel  Menage 3\" width=\"290\" height=\"300\" class=\"alignnone size-medium wp-image-55950\" srcset=\"https:\/\/museumek.eu\/wp-content\/uploads\/2021\/04\/D\u00fcrrbeck-Ruckd\u00e4schel-Menage-3-290x300.jpg 290w, https:\/\/museumek.eu\/wp-content\/uploads\/2021\/04\/D\u00fcrrbeck-Ruckd\u00e4schel-Menage-3-145x150.jpg 145w, https:\/\/museumek.eu\/wp-content\/uploads\/2021\/04\/D\u00fcrrbeck-Ruckd\u00e4schel-Menage-3.jpg 480w\" sizes=\"(max-width: 290px) 100vw, 290px\" \/><\/a><\/p>\n<p><a href=\"http:\/\/museumek.eu\/?attachment_id=55951\" rel=\"attachment wp-att-55951\"><img loading=\"lazy\" src=\"http:\/\/museumek.eu\/wp-content\/uploads\/2021\/04\/D\u00fcrrbeck-Ruckd\u00e4schel-Menage-4-266x300.jpg\" alt=\"\" title=\"D\u00fcrrbeck &amp; Ruckd\u00e4schel  Menage 4\" width=\"266\" height=\"300\" class=\"alignnone size-medium wp-image-55951\" srcset=\"https:\/\/museumek.eu\/wp-content\/uploads\/2021\/04\/D\u00fcrrbeck-Ruckd\u00e4schel-Menage-4-266x300.jpg 266w, https:\/\/museumek.eu\/wp-content\/uploads\/2021\/04\/D\u00fcrrbeck-Ruckd\u00e4schel-Menage-4-133x150.jpg 133w, https:\/\/museumek.eu\/wp-content\/uploads\/2021\/04\/D\u00fcrrbeck-Ruckd\u00e4schel-Menage-4.jpg 480w\" sizes=\"(max-width: 266px) 100vw, 266px\" \/><\/a><\/p>\n<p><a href=\"http:\/\/museumek.eu\/?attachment_id=55952\" rel=\"attachment wp-att-55952\"><img loading=\"lazy\" src=\"http:\/\/museumek.eu\/wp-content\/uploads\/2021\/04\/D\u00fcrrbeck-Ruckd\u00e4schel-Menage-5-300x266.jpg\" alt=\"\" title=\"D\u00fcrrbeck &amp; Ruckd\u00e4schel  Menage 5\" width=\"300\" height=\"266\" class=\"alignnone size-medium wp-image-55952\" srcset=\"https:\/\/museumek.eu\/wp-content\/uploads\/2021\/04\/D\u00fcrrbeck-Ruckd\u00e4schel-Menage-5-300x266.jpg 300w, https:\/\/museumek.eu\/wp-content\/uploads\/2021\/04\/D\u00fcrrbeck-Ruckd\u00e4schel-Menage-5-150x133.jpg 150w, https:\/\/museumek.eu\/wp-content\/uploads\/2021\/04\/D\u00fcrrbeck-Ruckd\u00e4schel-Menage-5-337x300.jpg 337w, https:\/\/museumek.eu\/wp-content\/uploads\/2021\/04\/D\u00fcrrbeck-Ruckd\u00e4schel-Menage-5.jpg 540w\" sizes=\"(max-width: 300px) 100vw, 300px\" \/><\/a><\/p>\n<p><a href=\"http:\/\/museumek.eu\/?attachment_id=55953\" rel=\"attachment wp-att-55953\"><img loading=\"lazy\" src=\"http:\/\/museumek.eu\/wp-content\/uploads\/2021\/04\/D\u00fcrrbeck-Ruckd\u00e4schel-Menage-6-300x274.jpg\" alt=\"\" title=\"D\u00fcrrbeck &amp; Ruckd\u00e4schel  Menage 6\" width=\"300\" height=\"274\" class=\"alignnone size-medium wp-image-55953\" srcset=\"https:\/\/museumek.eu\/wp-content\/uploads\/2021\/04\/D\u00fcrrbeck-Ruckd\u00e4schel-Menage-6-300x274.jpg 300w, https:\/\/museumek.eu\/wp-content\/uploads\/2021\/04\/D\u00fcrrbeck-Ruckd\u00e4schel-Menage-6-150x137.jpg 150w, https:\/\/museumek.eu\/wp-content\/uploads\/2021\/04\/D\u00fcrrbeck-Ruckd\u00e4schel-Menage-6-328x300.jpg 328w, https:\/\/museumek.eu\/wp-content\/uploads\/2021\/04\/D\u00fcrrbeck-Ruckd\u00e4schel-Menage-6.jpg 525w\" sizes=\"(max-width: 300px) 100vw, 300px\" \/><\/a><\/p>\n","protected":false},"excerpt":{"rendered":"<p>Abteilung Deutschland, Keramik 1860 \u2013 1960, Inventarnummer D\/CXCIII\/1 Porzellanfabrik Wei\u00dfenstadt D\u00fcrrbeck &#038; Ruckd\u00e4schel, Deutschland, Wei\u00dfenstadt, vor 1950, Menage, K\u00fcnstler unbekannt, Werks.-Nr. ohne, Exemplar Nr. ohne, gemarkt Firmenmarke mit Krone, darunter Bavaria, darunter ein Dreieck, in dem Dreieck D &#038; R &hellip; <a href=\"https:\/\/museumek.eu\/?page_id=55947\">Weiterlesen <span class=\"meta-nav\">&rarr;<\/span><\/a><\/p>\n","protected":false},"author":1,"featured_media":0,"parent":55944,"menu_order":1,"comment_status":"closed","ping_status":"open","template":"","meta":[],"_links":{"self":[{"href":"https:\/\/museumek.eu\/index.php?rest_route=\/wp\/v2\/pages\/55947"}],"collection":[{"href":"https:\/\/museumek.eu\/index.php?rest_route=\/wp\/v2\/pages"}],"about":[{"href":"https:\/\/museumek.eu\/index.php?rest_route=\/wp\/v2\/types\/page"}],"author":[{"embeddable":true,"href":"https:\/\/museumek.eu\/index.php?rest_route=\/wp\/v2\/users\/1"}],"replies":[{"embeddable":true,"href":"https:\/\/museumek.eu\/index.php?rest_route=%2Fwp%2Fv2%2Fcomments&post=55947"}],"version-history":[{"count":7,"href":"https:\/\/museumek.eu\/index.php?rest_route=\/wp\/v2\/pages\/55947\/revisions"}],"predecessor-version":[{"id":55961,"href":"https:\/\/museumek.eu\/index.php?rest_route=\/wp\/v2\/pages\/55947\/revisions\/55961"}],"up":[{"embeddable":true,"href":"https:\/\/museumek.eu\/index.php?rest_route=\/wp\/v2\/pages\/55944"}],"wp:attachment":[{"href":"https:\/\/museumek.eu\/index.php?rest_route=%2Fwp%2Fv2%2Fmedia&parent=55947"}],"curies":[{"name":"wp","href":"https:\/\/api.w.org\/{rel}","templated":true}]}}