{"id":56004,"date":"2021-04-22T14:14:15","date_gmt":"2021-04-22T12:14:15","guid":{"rendered":"http:\/\/museumek.eu\/?page_id=56004"},"modified":"2021-04-22T14:14:15","modified_gmt":"2021-04-22T12:14:15","slug":"alxvi4","status":"publish","type":"page","link":"https:\/\/museumek.eu\/?page_id=56004","title":{"rendered":"A\/LXVI\/4"},"content":{"rendered":"<p><strong>Abteilung Austria, Keramik 1860 \u2013 1960, Inventarnummer A\/LXVI\/4<\/strong><\/p>\n<p>Porzellanfabrik Richter, Fenkl &#038; Hahn, Austria, Chodau, um 1920, Sch\u00fcssel mit Deckel eines Speiseservice, K\u00fcnstler unbekannt, Werks.-Nr. ohne, Exemplar Nr. ohne, gemarkt Firmenmarke mit RFH (f\u00fcr Richter, Fenkl und Hahn) darunter Czechoslovakia roter Stempel auf Glasur sowie 99 schwarz auf Glasur gemalt und im Deckel 99 sowie 19087 und aq (?) schwarz auf Glasur gemalt, nicht signiert, Literatur: Dieter Z\u00fchlsdorff, Markenlexikon Band 1, Porzellan und Keramik Report 1885 &#8211; 1935, Seite 59, Werk-Teil 1., Gruppennummer des Werkteils 1., laufende Nummer innerhalb der Gruppe 1058, identische Marke (dort f\u00fcr die Zeit ab 1918) sowie Seite 484, Werk-Teil 3., laufende Nummer des Werkteils 207, dort kurze Beschreibung der Fabrik, weitere Literatur: Ludwig Danckert, Handbuch des Europ\u00e4ischen Porzellans, 7. Auflage, Seite 109, kurze Beschreibung der Fabrik sowie Abbildung der identischen Marke, 1883 gr\u00fcndeten Albert Richter, Karl Fenkl und Alois Hahn eine Porzellanfabrik in Chodau bei Karlsbad, Firmierung Porzellanfabrik Richter, Fenkl &#038; Hahn, 1885 verstarb Hahn und Albert Richter \u00fcberlie\u00df seinen Anteil seinem Schwiegersohn Anton Langner, Inhaber waren jetzt Karl Fenkl und Anton Langner, die die Porzellanfabrik zu einer der gr\u00f6\u00dften im Karlsbader Raum ausbauten, ob sich die Firmierung in Fenkl &#038; Langner \u00e4nderte ist nicht bekannt, die Fabrik exportierte weltweit<br \/>\nund wurde 1947\/1948 still gelegt, H\u00f6he 12 cm, Breite 30 cm<\/p>\n<p><a href=\"http:\/\/museumek.eu\/?attachment_id=55976\" rel=\"attachment wp-att-55976\"><img loading=\"lazy\" src=\"http:\/\/museumek.eu\/wp-content\/uploads\/2021\/03\/Richter-Fenkl-und-Hahn-Teile-eines-Speiseservice-Sch\u00fcssel-mit-Deckel-1-300x205.jpg\" alt=\"\" title=\"Richter, Fenkl und Hahn Teile eines Speiseservice Sch\u00fcssel mit Deckel 1\" width=\"300\" height=\"205\" class=\"alignnone size-medium wp-image-55976\" srcset=\"https:\/\/museumek.eu\/wp-content\/uploads\/2021\/03\/Richter-Fenkl-und-Hahn-Teile-eines-Speiseservice-Sch\u00fcssel-mit-Deckel-1-300x205.jpg 300w, https:\/\/museumek.eu\/wp-content\/uploads\/2021\/03\/Richter-Fenkl-und-Hahn-Teile-eines-Speiseservice-Sch\u00fcssel-mit-Deckel-1-150x102.jpg 150w, https:\/\/museumek.eu\/wp-content\/uploads\/2021\/03\/Richter-Fenkl-und-Hahn-Teile-eines-Speiseservice-Sch\u00fcssel-mit-Deckel-1-438x300.jpg 438w, https:\/\/museumek.eu\/wp-content\/uploads\/2021\/03\/Richter-Fenkl-und-Hahn-Teile-eines-Speiseservice-Sch\u00fcssel-mit-Deckel-1.jpg 640w\" sizes=\"(max-width: 300px) 100vw, 300px\" \/><\/a><\/p>\n<p><a href=\"http:\/\/museumek.eu\/?attachment_id=55977\" rel=\"attachment wp-att-55977\"><img loading=\"lazy\" src=\"http:\/\/museumek.eu\/wp-content\/uploads\/2021\/03\/Richter-Fenkl-und-Hahn-Teile-eines-Speiseservice-Sch\u00fcssel-mit-Deckel-2-300x153.jpg\" alt=\"\" title=\"Richter, Fenkl und Hahn Teile eines Speiseservice Sch\u00fcssel mit Deckel 2\" width=\"300\" height=\"153\" class=\"alignnone size-medium wp-image-55977\" srcset=\"https:\/\/museumek.eu\/wp-content\/uploads\/2021\/03\/Richter-Fenkl-und-Hahn-Teile-eines-Speiseservice-Sch\u00fcssel-mit-Deckel-2-300x153.jpg 300w, https:\/\/museumek.eu\/wp-content\/uploads\/2021\/03\/Richter-Fenkl-und-Hahn-Teile-eines-Speiseservice-Sch\u00fcssel-mit-Deckel-2-150x76.jpg 150w, https:\/\/museumek.eu\/wp-content\/uploads\/2021\/03\/Richter-Fenkl-und-Hahn-Teile-eines-Speiseservice-Sch\u00fcssel-mit-Deckel-2-500x256.jpg 500w, https:\/\/museumek.eu\/wp-content\/uploads\/2021\/03\/Richter-Fenkl-und-Hahn-Teile-eines-Speiseservice-Sch\u00fcssel-mit-Deckel-2.jpg 640w\" sizes=\"(max-width: 300px) 100vw, 300px\" \/><\/a><\/p>\n<p><a href=\"http:\/\/museumek.eu\/?attachment_id=55978\" rel=\"attachment wp-att-55978\"><img loading=\"lazy\" src=\"http:\/\/museumek.eu\/wp-content\/uploads\/2021\/03\/Richter-Fenkl-und-Hahn-Teile-eines-Speiseservice-Sch\u00fcssel-mit-Deckel-3-300x194.jpg\" alt=\"\" title=\"Richter, Fenkl und Hahn Teile eines Speiseservice Sch\u00fcssel mit Deckel 3\" width=\"300\" height=\"194\" class=\"alignnone size-medium wp-image-55978\" srcset=\"https:\/\/museumek.eu\/wp-content\/uploads\/2021\/03\/Richter-Fenkl-und-Hahn-Teile-eines-Speiseservice-Sch\u00fcssel-mit-Deckel-3-300x194.jpg 300w, https:\/\/museumek.eu\/wp-content\/uploads\/2021\/03\/Richter-Fenkl-und-Hahn-Teile-eines-Speiseservice-Sch\u00fcssel-mit-Deckel-3-150x97.jpg 150w, https:\/\/museumek.eu\/wp-content\/uploads\/2021\/03\/Richter-Fenkl-und-Hahn-Teile-eines-Speiseservice-Sch\u00fcssel-mit-Deckel-3-463x300.jpg 463w, https:\/\/museumek.eu\/wp-content\/uploads\/2021\/03\/Richter-Fenkl-und-Hahn-Teile-eines-Speiseservice-Sch\u00fcssel-mit-Deckel-3.jpg 640w\" sizes=\"(max-width: 300px) 100vw, 300px\" \/><\/a><\/p>\n<p><a href=\"http:\/\/museumek.eu\/?attachment_id=55979\" rel=\"attachment wp-att-55979\"><img loading=\"lazy\" src=\"http:\/\/museumek.eu\/wp-content\/uploads\/2021\/03\/Richter-Fenkl-und-Hahn-Teile-eines-Speiseservice-Sch\u00fcssel-mit-Deckel-4-300x143.jpg\" alt=\"\" title=\"Richter, Fenkl und Hahn Teile eines Speiseservice Sch\u00fcssel mit Deckel 4\" width=\"300\" height=\"143\" class=\"alignnone size-medium wp-image-55979\" srcset=\"https:\/\/museumek.eu\/wp-content\/uploads\/2021\/03\/Richter-Fenkl-und-Hahn-Teile-eines-Speiseservice-Sch\u00fcssel-mit-Deckel-4-300x143.jpg 300w, https:\/\/museumek.eu\/wp-content\/uploads\/2021\/03\/Richter-Fenkl-und-Hahn-Teile-eines-Speiseservice-Sch\u00fcssel-mit-Deckel-4-150x71.jpg 150w, https:\/\/museumek.eu\/wp-content\/uploads\/2021\/03\/Richter-Fenkl-und-Hahn-Teile-eines-Speiseservice-Sch\u00fcssel-mit-Deckel-4-500x239.jpg 500w, https:\/\/museumek.eu\/wp-content\/uploads\/2021\/03\/Richter-Fenkl-und-Hahn-Teile-eines-Speiseservice-Sch\u00fcssel-mit-Deckel-4.jpg 640w\" sizes=\"(max-width: 300px) 100vw, 300px\" \/><\/a><\/p>\n<p><a href=\"http:\/\/museumek.eu\/?attachment_id=55980\" rel=\"attachment wp-att-55980\"><img loading=\"lazy\" src=\"http:\/\/museumek.eu\/wp-content\/uploads\/2021\/03\/Richter-Fenkl-und-Hahn-Teile-eines-Speiseservice-Sch\u00fcssel-mit-Deckel-5-300x167.jpg\" alt=\"\" title=\"Richter, Fenkl und Hahn Teile eines Speiseservice Sch\u00fcssel mit Deckel 5\" width=\"300\" height=\"167\" class=\"alignnone size-medium wp-image-55980\" srcset=\"https:\/\/museumek.eu\/wp-content\/uploads\/2021\/03\/Richter-Fenkl-und-Hahn-Teile-eines-Speiseservice-Sch\u00fcssel-mit-Deckel-5-300x167.jpg 300w, https:\/\/museumek.eu\/wp-content\/uploads\/2021\/03\/Richter-Fenkl-und-Hahn-Teile-eines-Speiseservice-Sch\u00fcssel-mit-Deckel-5-150x83.jpg 150w, https:\/\/museumek.eu\/wp-content\/uploads\/2021\/03\/Richter-Fenkl-und-Hahn-Teile-eines-Speiseservice-Sch\u00fcssel-mit-Deckel-5-500x278.jpg 500w, https:\/\/museumek.eu\/wp-content\/uploads\/2021\/03\/Richter-Fenkl-und-Hahn-Teile-eines-Speiseservice-Sch\u00fcssel-mit-Deckel-5.jpg 640w\" sizes=\"(max-width: 300px) 100vw, 300px\" \/><\/a><\/p>\n<p><a href=\"http:\/\/museumek.eu\/?attachment_id=55981\" rel=\"attachment wp-att-55981\"><img loading=\"lazy\" src=\"http:\/\/museumek.eu\/wp-content\/uploads\/2021\/03\/Richter-Fenkl-und-Hahn-Teile-eines-Speiseservice-Sch\u00fcssel-mit-Deckel-6-215x300.jpg\" alt=\"\" title=\"Richter, Fenkl und Hahn Teile eines Speiseservice Sch\u00fcssel mit Deckel 6\" width=\"215\" height=\"300\" class=\"alignnone size-medium wp-image-55981\" srcset=\"https:\/\/museumek.eu\/wp-content\/uploads\/2021\/03\/Richter-Fenkl-und-Hahn-Teile-eines-Speiseservice-Sch\u00fcssel-mit-Deckel-6-215x300.jpg 215w, https:\/\/museumek.eu\/wp-content\/uploads\/2021\/03\/Richter-Fenkl-und-Hahn-Teile-eines-Speiseservice-Sch\u00fcssel-mit-Deckel-6-107x150.jpg 107w, https:\/\/museumek.eu\/wp-content\/uploads\/2021\/03\/Richter-Fenkl-und-Hahn-Teile-eines-Speiseservice-Sch\u00fcssel-mit-Deckel-6.jpg 459w\" sizes=\"(max-width: 215px) 100vw, 215px\" \/><\/a><\/p>\n<p><a href=\"http:\/\/museumek.eu\/?attachment_id=55982\" rel=\"attachment wp-att-55982\"><img loading=\"lazy\" src=\"http:\/\/museumek.eu\/wp-content\/uploads\/2021\/03\/Richter-Fenkl-und-Hahn-Teile-eines-Speiseservice-Sch\u00fcssel-mit-Deckel-7-300x253.jpg\" alt=\"\" title=\"Richter, Fenkl und Hahn Teile eines Speiseservice Sch\u00fcssel mit Deckel 7\" width=\"300\" height=\"253\" class=\"alignnone size-medium wp-image-55982\" srcset=\"https:\/\/museumek.eu\/wp-content\/uploads\/2021\/03\/Richter-Fenkl-und-Hahn-Teile-eines-Speiseservice-Sch\u00fcssel-mit-Deckel-7-300x253.jpg 300w, https:\/\/museumek.eu\/wp-content\/uploads\/2021\/03\/Richter-Fenkl-und-Hahn-Teile-eines-Speiseservice-Sch\u00fcssel-mit-Deckel-7-150x126.jpg 150w, https:\/\/museumek.eu\/wp-content\/uploads\/2021\/03\/Richter-Fenkl-und-Hahn-Teile-eines-Speiseservice-Sch\u00fcssel-mit-Deckel-7-354x300.jpg 354w, https:\/\/museumek.eu\/wp-content\/uploads\/2021\/03\/Richter-Fenkl-und-Hahn-Teile-eines-Speiseservice-Sch\u00fcssel-mit-Deckel-7.jpg 567w\" sizes=\"(max-width: 300px) 100vw, 300px\" \/><\/a><\/p>\n<p><a href=\"http:\/\/museumek.eu\/?attachment_id=55983\" rel=\"attachment wp-att-55983\"><img loading=\"lazy\" src=\"http:\/\/museumek.eu\/wp-content\/uploads\/2021\/03\/Richter-Fenkl-und-Hahn-Teile-eines-Speiseservice-Sch\u00fcssel-mit-Deckel-8-295x300.jpg\" alt=\"\" title=\"Richter, Fenkl und Hahn Teile eines Speiseservice Sch\u00fcssel mit Deckel 8\" width=\"295\" height=\"300\" class=\"alignnone size-medium wp-image-55983\" srcset=\"https:\/\/museumek.eu\/wp-content\/uploads\/2021\/03\/Richter-Fenkl-und-Hahn-Teile-eines-Speiseservice-Sch\u00fcssel-mit-Deckel-8-295x300.jpg 295w, https:\/\/museumek.eu\/wp-content\/uploads\/2021\/03\/Richter-Fenkl-und-Hahn-Teile-eines-Speiseservice-Sch\u00fcssel-mit-Deckel-8-147x150.jpg 147w, https:\/\/museumek.eu\/wp-content\/uploads\/2021\/03\/Richter-Fenkl-und-Hahn-Teile-eines-Speiseservice-Sch\u00fcssel-mit-Deckel-8.jpg 480w\" sizes=\"(max-width: 295px) 100vw, 295px\" \/><\/a><\/p>\n<p>Deckel<\/p>\n<p><a href=\"http:\/\/museumek.eu\/?attachment_id=55984\" rel=\"attachment wp-att-55984\"><img loading=\"lazy\" src=\"http:\/\/museumek.eu\/wp-content\/uploads\/2021\/03\/Richter-Fenkl-und-Hahn-Teile-eines-Speiseservice-Sch\u00fcssel-mit-Deckel-9-146x300.jpg\" alt=\"\" title=\"Richter, Fenkl und Hahn Teile eines Speiseservice Sch\u00fcssel mit Deckel 9\" width=\"146\" height=\"300\" class=\"alignnone size-medium wp-image-55984\" srcset=\"https:\/\/museumek.eu\/wp-content\/uploads\/2021\/03\/Richter-Fenkl-und-Hahn-Teile-eines-Speiseservice-Sch\u00fcssel-mit-Deckel-9-146x300.jpg 146w, https:\/\/museumek.eu\/wp-content\/uploads\/2021\/03\/Richter-Fenkl-und-Hahn-Teile-eines-Speiseservice-Sch\u00fcssel-mit-Deckel-9-73x150.jpg 73w, https:\/\/museumek.eu\/wp-content\/uploads\/2021\/03\/Richter-Fenkl-und-Hahn-Teile-eines-Speiseservice-Sch\u00fcssel-mit-Deckel-9.jpg 313w\" sizes=\"(max-width: 146px) 100vw, 146px\" \/><\/a><\/p>\n<p><a href=\"http:\/\/museumek.eu\/?attachment_id=55985\" rel=\"attachment wp-att-55985\"><img loading=\"lazy\" src=\"http:\/\/museumek.eu\/wp-content\/uploads\/2021\/03\/Richter-Fenkl-und-Hahn-Teile-eines-Speiseservice-Sch\u00fcssel-mit-Deckel-10-300x281.jpg\" alt=\"\" title=\"Richter, Fenkl und Hahn Teile eines Speiseservice Sch\u00fcssel mit Deckel 10\" width=\"300\" height=\"281\" class=\"alignnone size-medium wp-image-55985\" srcset=\"https:\/\/museumek.eu\/wp-content\/uploads\/2021\/03\/Richter-Fenkl-und-Hahn-Teile-eines-Speiseservice-Sch\u00fcssel-mit-Deckel-10-300x281.jpg 300w, https:\/\/museumek.eu\/wp-content\/uploads\/2021\/03\/Richter-Fenkl-und-Hahn-Teile-eines-Speiseservice-Sch\u00fcssel-mit-Deckel-10-150x140.jpg 150w, https:\/\/museumek.eu\/wp-content\/uploads\/2021\/03\/Richter-Fenkl-und-Hahn-Teile-eines-Speiseservice-Sch\u00fcssel-mit-Deckel-10-320x300.jpg 320w, https:\/\/museumek.eu\/wp-content\/uploads\/2021\/03\/Richter-Fenkl-und-Hahn-Teile-eines-Speiseservice-Sch\u00fcssel-mit-Deckel-10.jpg 512w\" sizes=\"(max-width: 300px) 100vw, 300px\" \/><\/a><\/p>\n<p><a href=\"http:\/\/museumek.eu\/?attachment_id=55986\" rel=\"attachment wp-att-55986\"><img loading=\"lazy\" src=\"http:\/\/museumek.eu\/wp-content\/uploads\/2021\/03\/Richter-Fenkl-und-Hahn-Teile-eines-Speiseservice-Sch\u00fcssel-mit-Deckel-11-300x296.jpg\" alt=\"\" title=\"Richter, Fenkl und Hahn Teile eines Speiseservice Sch\u00fcssel mit Deckel 11\" width=\"300\" height=\"296\" class=\"alignnone size-medium wp-image-55986\" srcset=\"https:\/\/museumek.eu\/wp-content\/uploads\/2021\/03\/Richter-Fenkl-und-Hahn-Teile-eines-Speiseservice-Sch\u00fcssel-mit-Deckel-11-300x296.jpg 300w, https:\/\/museumek.eu\/wp-content\/uploads\/2021\/03\/Richter-Fenkl-und-Hahn-Teile-eines-Speiseservice-Sch\u00fcssel-mit-Deckel-11-150x148.jpg 150w, https:\/\/museumek.eu\/wp-content\/uploads\/2021\/03\/Richter-Fenkl-und-Hahn-Teile-eines-Speiseservice-Sch\u00fcssel-mit-Deckel-11-303x300.jpg 303w, https:\/\/museumek.eu\/wp-content\/uploads\/2021\/03\/Richter-Fenkl-und-Hahn-Teile-eines-Speiseservice-Sch\u00fcssel-mit-Deckel-11.jpg 486w\" sizes=\"(max-width: 300px) 100vw, 300px\" \/><\/a><\/p>\n","protected":false},"excerpt":{"rendered":"<p>Abteilung Austria, Keramik 1860 \u2013 1960, Inventarnummer A\/LXVI\/4 Porzellanfabrik Richter, Fenkl &#038; Hahn, Austria, Chodau, um 1920, Sch\u00fcssel mit Deckel eines Speiseservice, K\u00fcnstler unbekannt, Werks.-Nr. ohne, Exemplar Nr. ohne, gemarkt Firmenmarke mit RFH (f\u00fcr Richter, Fenkl und Hahn) darunter Czechoslovakia &hellip; <a href=\"https:\/\/museumek.eu\/?page_id=56004\">Weiterlesen <span class=\"meta-nav\">&rarr;<\/span><\/a><\/p>\n","protected":false},"author":1,"featured_media":0,"parent":54668,"menu_order":4,"comment_status":"closed","ping_status":"open","template":"","meta":[],"_links":{"self":[{"href":"https:\/\/museumek.eu\/index.php?rest_route=\/wp\/v2\/pages\/56004"}],"collection":[{"href":"https:\/\/museumek.eu\/index.php?rest_route=\/wp\/v2\/pages"}],"about":[{"href":"https:\/\/museumek.eu\/index.php?rest_route=\/wp\/v2\/types\/page"}],"author":[{"embeddable":true,"href":"https:\/\/museumek.eu\/index.php?rest_route=\/wp\/v2\/users\/1"}],"replies":[{"embeddable":true,"href":"https:\/\/museumek.eu\/index.php?rest_route=%2Fwp%2Fv2%2Fcomments&post=56004"}],"version-history":[{"count":2,"href":"https:\/\/museumek.eu\/index.php?rest_route=\/wp\/v2\/pages\/56004\/revisions"}],"predecessor-version":[{"id":56006,"href":"https:\/\/museumek.eu\/index.php?rest_route=\/wp\/v2\/pages\/56004\/revisions\/56006"}],"up":[{"embeddable":true,"href":"https:\/\/museumek.eu\/index.php?rest_route=\/wp\/v2\/pages\/54668"}],"wp:attachment":[{"href":"https:\/\/museumek.eu\/index.php?rest_route=%2Fwp%2Fv2%2Fmedia&parent=56004"}],"curies":[{"name":"wp","href":"https:\/\/api.w.org\/{rel}","templated":true}]}}