{"id":5790,"date":"2011-10-04T14:15:53","date_gmt":"2011-10-04T12:15:53","guid":{"rendered":"http:\/\/museumek.eu\/?page_id=5790"},"modified":"2013-05-10T19:55:26","modified_gmt":"2013-05-10T17:55:26","slug":"kurzbiografie-und-inventar-zum-kunstler","status":"publish","type":"page","link":"https:\/\/museumek.eu\/?page_id=5790","title":{"rendered":"Kurzbiografie und Inventar zum K\u00fcnstler"},"content":{"rendered":"<p>Emilie Schlei\u00df geb. Simandl wurde 1880 in Rothenburg geboren. Sie starb 1962 in Gmunden.<br \/>\nVon 1904 &#8211; 1908 studierte sie an der Wiener Kunstgewerbeschule unter Breitner, Metzner, Linke und Moser. Sie heiratete Franz Schlei\u00df, den Gr\u00fcnder der Gmunder Keramik. Sie schuf zahlreiche Modelle f\u00fcr die Gmundner Keramik sowie die Vereinigte Wiener und Gmundner Keramik und Tonwarenfabrik Schlei\u00df.<\/p>\n<p><strong>Abteilung Austria\/Ungarn\/B\u00f6hmen, Keramik 1860 \u2013 1960, Inventarnummer A\/X\/11<\/strong><\/p>\n<p>Gmundner Keramik GES.M.B.H., Austria, Gmunden, um 1925, Figur Madonna mit Kind, K\u00fcnstler Emilie Schlei\u00df (attr), Werksnummer ohne, Exemplar Nr. ohne, gemarkt Firmenmarke Quadrat mit Blumenst\u00f6ckl sowie GK, darunter Austria sowie H schwarz gemalt, Austria gepresst, nicht signiert, Literatur: Irmgard Gollner, Gmundner Keramik, T\u00f6pfertradition einst und jetzt, Seite 86, Markentafeln, dort identische Marke, weitere Literatur: Otto Pelka, Keramik der Neuzeit, Markentafel III, Markenkasten Nr. 45, rechte Marke identisch, Pelka beschreibt hier nicht die Einzelmarken, sondern gleichzeitig auch die Marke der Wiener Keramik, siehe auch Seite 210, Herstellerverzeichnis, Gmunden, Vereinigte Wiener und Gmundner Keramik und Gmundner Tonwarenfabrik Schlei\u00df sowie Seite 218, Namenverzeichnis, Gmunden, Vereinigte Wiener und Gmundner Keramik und Gmundner Tonwarenfabrik Schlei\u00df, M 45, weitere Literatur: J. G. Th. Graesse und E. Jaenicke, F\u00fchrer f\u00fcr Sammler von Porzellan und Fayence, Steinzeug, Steingut usw., Seite 721, Marke Nr. 6 fast identisch, sonst gleiche Markenbeschreibung wie bei Pelka, den Blumenst\u00f6ckelstempel gab es sowohl als Na\u00df- als auch als Trockenstempel, jeweils in unterschiedlichen Varianten (wenn im weiteren Bl\u00fctenstempel steht, dann ist der Bl\u00fctenstempel der Pflanze im botanischem Sinne gemeint), Na\u00dfstempel Variante 1: Bl\u00fctenstempel nicht mit Stempelfarbe ausgef\u00fcllt siehe MEK A\/X\/6, A\/X\/13 sowie A\/X\/15, Variante 2: Bl\u00fctenstempel mit Stempelfarbe ausgef\u00fcllt siehe MEK A\/X\/4 sowie A\/X\/12, Trockenstempel: Variante 1: um den Bl\u00fctenstempel auf 3, 6, 9 und 12 Uhr jeweils ein gepresster Strich siehe MEK A\/X\/7 sowie A\/X\/14, Variante 2: kein Bl\u00fctenstempel, sondern ein Mittelkreuz siehe MEK A\/X\/5, es gibt bisher keinerlei wissenschaftliche Recherche, ob die verschiedenen Stempel einem System unterlagen oder ob sich eine zeitliche Einordnung ergibt, in keiner der o. g. Literatur wird darauf verwiesen, dass die Fabrikmarke in Form dieser 4 verschiedenen Stempel aufgebracht worden ist, insofern sind die vom MEK festgestellten 4 Stempelvarianten nun dokumentiert, die K\u00fcnstlerzuordnung ist vorl\u00e4ufig, H\u00f6he 9 cm, Breite 10 cm<\/p>\n<p><a href=\"http:\/\/museumek.eu\/wp-content\/uploads\/2011\/10\/Museum-Europ\u00e4ischer-Keramikkunst-1171.jpg\"><img loading=\"lazy\" src=\"http:\/\/museumek.eu\/wp-content\/uploads\/2011\/10\/Museum-Europ\u00e4ischer-Keramikkunst-1171-271x300.jpg\" alt=\"\" title=\"Museum Europ\u00e4ischer Keramikkunst 1171\" width=\"271\" height=\"300\" class=\"alignnone size-medium wp-image-5767\" srcset=\"https:\/\/museumek.eu\/wp-content\/uploads\/2011\/10\/Museum-Europ\u00e4ischer-Keramikkunst-1171-271x300.jpg 271w, https:\/\/museumek.eu\/wp-content\/uploads\/2011\/10\/Museum-Europ\u00e4ischer-Keramikkunst-1171.jpg 614w\" sizes=\"(max-width: 271px) 100vw, 271px\" \/><\/a><\/p>\n<p><a href=\"http:\/\/museumek.eu\/wp-content\/uploads\/2011\/10\/Museum-Europ\u00e4ischer-Keramikkunst-1172.jpg\"><img loading=\"lazy\" src=\"http:\/\/museumek.eu\/wp-content\/uploads\/2011\/10\/Museum-Europ\u00e4ischer-Keramikkunst-1172-233x300.jpg\" alt=\"\" title=\"Museum Europ\u00e4ischer Keramikkunst 1172\" width=\"233\" height=\"300\" class=\"alignnone size-medium wp-image-5768\" srcset=\"https:\/\/museumek.eu\/wp-content\/uploads\/2011\/10\/Museum-Europ\u00e4ischer-Keramikkunst-1172-233x300.jpg 233w, https:\/\/museumek.eu\/wp-content\/uploads\/2011\/10\/Museum-Europ\u00e4ischer-Keramikkunst-1172.jpg 300w\" sizes=\"(max-width: 233px) 100vw, 233px\" \/><\/a><\/p>\n<p><a href=\"http:\/\/museumek.eu\/wp-content\/uploads\/2011\/10\/Museum-Europ\u00e4ischer-Keramikkunst-1173.jpg\"><img loading=\"lazy\" src=\"http:\/\/museumek.eu\/wp-content\/uploads\/2011\/10\/Museum-Europ\u00e4ischer-Keramikkunst-1173-300x86.jpg\" alt=\"\" title=\"Museum Europ\u00e4ischer Keramikkunst 1173\" width=\"300\" height=\"86\" class=\"alignnone size-medium wp-image-5769\" srcset=\"https:\/\/museumek.eu\/wp-content\/uploads\/2011\/10\/Museum-Europ\u00e4ischer-Keramikkunst-1173-300x86.jpg 300w, https:\/\/museumek.eu\/wp-content\/uploads\/2011\/10\/Museum-Europ\u00e4ischer-Keramikkunst-1173-500x143.jpg 500w, https:\/\/museumek.eu\/wp-content\/uploads\/2011\/10\/Museum-Europ\u00e4ischer-Keramikkunst-1173.jpg 713w\" sizes=\"(max-width: 300px) 100vw, 300px\" \/><\/a><\/p>\n<p><strong>Abteilung Austria\/Ungarn\/B\u00f6hmen, Keramik 1860 \u2013 1960, Inventarnummer A\/X\/12<\/strong><\/p>\n<p>Gmundner Keramik GES.M.B.H., Austria, Gmunden, um 1920, Schale mit zwei schmalen seitlichen Handhaben, K\u00fcnstler Emilie Schlei\u00df (attr.), Werksnummer 673, gemarkt Quadrat mit Blumenst\u00f6ckl sowie GK, darunter Austria schwarzer Gummistempel (Marke ab 1910 verwendet), 673 sowie nicht lesbarer Ovalstempel gepresst, (B ? oder ES ?) 220 gemalt, unbekanntes Zeichen \u00e4hnlich Buchstabe S gemalt, nicht signiert, Literatur: Original Verkaufskatalog um 1920 (MEK Inventar), Schale dort mit Nr. 673 abgebildet, weitere Literatur: Irmgard Gollner, Gmundner Keramik, T\u00f6pfertradition einst und jetzt, Seite 86, Markentafeln, dort \u00e4hnliche Marke, weitere Literatur: Irmgard Gollner, Gmundner Keramik, Kunst aus Ton, Feuer &#038; Farbe, Seite 153, fast identische Marke, weitere Literatur: Otto Pelka, Keramik der Neuzeit, Markentafel III, Markenkasten Nr. 45, rechte Marke fast identisch, Pelka beschreibt hier nicht die Einzelmarken, sondern gleichzeitig auch die Marke der Wiener Keramik, siehe auch Seite 210, Herstellerverzeichnis, Gmunden, Vereinigte Wiener und Gmundner Keramik und Gmundner Tonwarenfabrik Schlei\u00df sowie Seite 218, Namenverzeichnis, Gmunden, Vereinigte Wiener und Gmundner Keramik und Gmundner Tonwarenfabrik Schlei\u00df, M 45, weitere Literatur: J. G. Th. Graesse und E. Jaenicke, F\u00fchrer f\u00fcr Sammler von Porzellan und Fayence, Steinzeug, Steingut usw., Seite 721, Marke Nr. 6 fast identisch, sonst gleiche Markenbeschreibung wie bei Pelka, den Blumenst\u00f6ckelstempel gab es sowohl als Na\u00df- als auch als Trockenstempel, jeweils in unterschiedlichen Varianten (wenn im weiteren Bl\u00fctenstempel steht, dann ist der Bl\u00fctenstempel der Pflanze im botanischem Sinne gemeint), Na\u00dfstempel Variante 1: Bl\u00fctenstempel nicht mit Stempelfarbe ausgef\u00fcllt siehe MEK A\/X\/6, A\/X\/13 sowie A\/X\/15, Variante 2: Bl\u00fctenstempel mit Stempelfarbe ausgef\u00fcllt siehe MEK A\/X\/4 sowie A\/X\/12, Trockenstempel: Variante 1: um den Bl\u00fctenstempel auf 3, 6, 9 und 12 Uhr jeweils ein gepresster Strich siehe MEK A\/X\/7 sowie A\/X\/14, Variante 2: kein Bl\u00fctenstempel, sondern ein Mittelkreuz siehe MEK A\/X\/5, es gibt bisher keinerlei wissenschaftliche Recherche, ob die verschiedenen Stempel einem System unterlagen oder ob sich eine zeitliche Einordnung ergibt, in keiner der o. g. Literatur wird darauf verwiesen, dass die Fabrikmarke in Form dieser 4 verschiedenen Stempel aufgebracht worden ist, insofern sind die vom MEK festgestellten 4 Stempelvarianten nun dokumentiert, die K\u00fcnstlerzuordnung ist vorl\u00e4ufig, H\u00f6he 10 cm, Breite 23,5 <\/p>\n<p><a href=\"http:\/\/museumek.eu\/wp-content\/uploads\/2011\/10\/Museum-Europ\u00e4ischer-Keramikkunst-1247.jpg\"><img loading=\"lazy\" src=\"http:\/\/museumek.eu\/wp-content\/uploads\/2011\/10\/Museum-Europ\u00e4ischer-Keramikkunst-1247-300x170.jpg\" alt=\"\" title=\"Museum Europ\u00e4ischer Keramikkunst 1247\" width=\"300\" height=\"170\" class=\"alignnone size-medium wp-image-6456\" srcset=\"https:\/\/museumek.eu\/wp-content\/uploads\/2011\/10\/Museum-Europ\u00e4ischer-Keramikkunst-1247-300x170.jpg 300w, https:\/\/museumek.eu\/wp-content\/uploads\/2011\/10\/Museum-Europ\u00e4ischer-Keramikkunst-1247-500x284.jpg 500w, https:\/\/museumek.eu\/wp-content\/uploads\/2011\/10\/Museum-Europ\u00e4ischer-Keramikkunst-1247.jpg 873w\" sizes=\"(max-width: 300px) 100vw, 300px\" \/><\/a><\/p>\n<p><a href=\"http:\/\/museumek.eu\/wp-content\/uploads\/2011\/10\/Museum-Europ\u00e4ischer-Keramikkunst-1248.jpg\"><img loading=\"lazy\" src=\"http:\/\/museumek.eu\/wp-content\/uploads\/2011\/10\/Museum-Europ\u00e4ischer-Keramikkunst-1248-206x300.jpg\" alt=\"\" title=\"Museum Europ\u00e4ischer Keramikkunst 1248\" width=\"206\" height=\"300\" class=\"alignnone size-medium wp-image-6457\" srcset=\"https:\/\/museumek.eu\/wp-content\/uploads\/2011\/10\/Museum-Europ\u00e4ischer-Keramikkunst-1248-206x300.jpg 206w, https:\/\/museumek.eu\/wp-content\/uploads\/2011\/10\/Museum-Europ\u00e4ischer-Keramikkunst-1248.jpg 366w\" sizes=\"(max-width: 206px) 100vw, 206px\" \/><\/a><\/p>\n<p><a href=\"http:\/\/museumek.eu\/wp-content\/uploads\/2011\/10\/Museum-Europ\u00e4ischer-Keramikkunst-1249.jpg\"><img loading=\"lazy\" src=\"http:\/\/museumek.eu\/wp-content\/uploads\/2011\/10\/Museum-Europ\u00e4ischer-Keramikkunst-1249-207x300.jpg\" alt=\"\" title=\"Museum Europ\u00e4ischer Keramikkunst 1249\" width=\"207\" height=\"300\" class=\"alignnone size-medium wp-image-6458\" srcset=\"https:\/\/museumek.eu\/wp-content\/uploads\/2011\/10\/Museum-Europ\u00e4ischer-Keramikkunst-1249-207x300.jpg 207w, https:\/\/museumek.eu\/wp-content\/uploads\/2011\/10\/Museum-Europ\u00e4ischer-Keramikkunst-1249.jpg 238w\" sizes=\"(max-width: 207px) 100vw, 207px\" \/><\/a><\/p>\n<p><a href=\"http:\/\/museumek.eu\/wp-content\/uploads\/2011\/10\/Museum-Europ\u00e4ischer-Keramikkunst-1252.jpg\"><img loading=\"lazy\" src=\"http:\/\/museumek.eu\/wp-content\/uploads\/2011\/10\/Museum-Europ\u00e4ischer-Keramikkunst-1252-300x84.jpg\" alt=\"\" title=\"Museum Europ\u00e4ischer Keramikkunst 1252\" width=\"300\" height=\"84\" class=\"alignnone size-medium wp-image-6459\" srcset=\"https:\/\/museumek.eu\/wp-content\/uploads\/2011\/10\/Museum-Europ\u00e4ischer-Keramikkunst-1252-300x84.jpg 300w, https:\/\/museumek.eu\/wp-content\/uploads\/2011\/10\/Museum-Europ\u00e4ischer-Keramikkunst-1252-500x141.jpg 500w, https:\/\/museumek.eu\/wp-content\/uploads\/2011\/10\/Museum-Europ\u00e4ischer-Keramikkunst-1252.jpg 925w\" sizes=\"(max-width: 300px) 100vw, 300px\" \/><\/a><\/p>\n<p><a href=\"http:\/\/museumek.eu\/wp-content\/uploads\/2011\/10\/Museum-Europ\u00e4ischer-Keramikkunst-1254.jpg\"><img loading=\"lazy\" src=\"http:\/\/museumek.eu\/wp-content\/uploads\/2011\/10\/Museum-Europ\u00e4ischer-Keramikkunst-1254-300x191.jpg\" alt=\"\" title=\"Museum Europ\u00e4ischer Keramikkunst 1254\" width=\"300\" height=\"191\" class=\"alignnone size-medium wp-image-6460\" srcset=\"https:\/\/museumek.eu\/wp-content\/uploads\/2011\/10\/Museum-Europ\u00e4ischer-Keramikkunst-1254-300x191.jpg 300w, https:\/\/museumek.eu\/wp-content\/uploads\/2011\/10\/Museum-Europ\u00e4ischer-Keramikkunst-1254-470x300.jpg 470w, https:\/\/museumek.eu\/wp-content\/uploads\/2011\/10\/Museum-Europ\u00e4ischer-Keramikkunst-1254.jpg 843w\" sizes=\"(max-width: 300px) 100vw, 300px\" \/><\/a><\/p>\n","protected":false},"excerpt":{"rendered":"<p>Emilie Schlei\u00df geb. Simandl wurde 1880 in Rothenburg geboren. Sie starb 1962 in Gmunden. Von 1904 &#8211; 1908 studierte sie an der Wiener Kunstgewerbeschule unter Breitner, Metzner, Linke und Moser. Sie heiratete Franz Schlei\u00df, den Gr\u00fcnder der Gmunder Keramik. Sie &hellip; <a href=\"https:\/\/museumek.eu\/?page_id=5790\">Weiterlesen <span class=\"meta-nav\">&rarr;<\/span><\/a><\/p>\n","protected":false},"author":1,"featured_media":0,"parent":5778,"menu_order":0,"comment_status":"closed","ping_status":"closed","template":"","meta":[],"_links":{"self":[{"href":"https:\/\/museumek.eu\/index.php?rest_route=\/wp\/v2\/pages\/5790"}],"collection":[{"href":"https:\/\/museumek.eu\/index.php?rest_route=\/wp\/v2\/pages"}],"about":[{"href":"https:\/\/museumek.eu\/index.php?rest_route=\/wp\/v2\/types\/page"}],"author":[{"embeddable":true,"href":"https:\/\/museumek.eu\/index.php?rest_route=\/wp\/v2\/users\/1"}],"replies":[{"embeddable":true,"href":"https:\/\/museumek.eu\/index.php?rest_route=%2Fwp%2Fv2%2Fcomments&post=5790"}],"version-history":[{"count":6,"href":"https:\/\/museumek.eu\/index.php?rest_route=\/wp\/v2\/pages\/5790\/revisions"}],"predecessor-version":[{"id":21646,"href":"https:\/\/museumek.eu\/index.php?rest_route=\/wp\/v2\/pages\/5790\/revisions\/21646"}],"up":[{"embeddable":true,"href":"https:\/\/museumek.eu\/index.php?rest_route=\/wp\/v2\/pages\/5778"}],"wp:attachment":[{"href":"https:\/\/museumek.eu\/index.php?rest_route=%2Fwp%2Fv2%2Fmedia&parent=5790"}],"curies":[{"name":"wp","href":"https:\/\/api.w.org\/{rel}","templated":true}]}}