{"id":58666,"date":"2021-07-21T20:41:29","date_gmt":"2021-07-21T18:41:29","guid":{"rendered":"http:\/\/museumek.eu\/?page_id=58666"},"modified":"2021-07-21T20:41:29","modified_gmt":"2021-07-21T18:41:29","slug":"ai189","status":"publish","type":"page","link":"https:\/\/museumek.eu\/?page_id=58666","title":{"rendered":"A\/I\/189"},"content":{"rendered":"<p><strong>Abteilung Austria\/Ungarn\/B\u00f6hmen, Keramik 1860 \u2013 1960, Inventarnummer A\/I\/189<\/strong><\/p>\n<p>Erste Wiener Terrakottafabrik und Atelier f\u00fcr k\u00fcnstlerische Fayencen Friedrich Goldscheider, Austria, Wien, ca. 1905, Figur Stehendes Biedermeierm\u00e4dchen, K\u00fcnstler Eduard Telcs, Werks.-Nr. 3067\/Exemplar Nr. 227\/Modelleur Nr. 11, gemarkt Firmenmarke mit F. G. darunter Doppeladler, darunter VIENNA schwarzer Stempel unter Glasur sowie 3067, 227 und 11 gepresst, E. Telcs geritzt, signiert Telcs, Literatur: Robert E. Dechant\/Filipp Goldscheider, Firmengeschichte und Werkverzeichnis, Seite 368, dort abgebildet sowie Seite 604, Firmenmarke GS Adler 15 identisch (f\u00fcr die Zeit ca. 1905 \u2013 1910), weitere Literatur: Brigitte Reuter, Museum f\u00fcr Kunst und Gewerbe, Die Jugendstilsammlung, Band 4: K\u00fcnstler S \u2013 Z, Seite 160, Kurzbiografie des K\u00fcnstlers sowie Abbildung 2042 Ritzsignatur Telcs, weitere Literatur: Waltraud Neuwirth, Wiener Keramik, Seite 58, dort Modellverzeichnis, dort unter 3067: Tell, M\u00e4dchen verzeichnet sowie Seite 75, K\u00fcnstler E. Tell verzeichnet, die Urspr\u00fcnge der Firma gehen zur\u00fcck auf das Pilsener Handelsunternehmen Moritz Goldscheider der 1860\u2018 Jahre, nach dem Tode von Moritz Goldscheider werden die Br\u00fcder Eduard und Friedrich Goldscheider Eigent\u00fcmer und firmieren ab 1877 als M. Goldscheider\u2019s Erben, Thon-und Kunststeinmanufactur Werk Moldau und ab 1878 als Br\u00fcder Goldscheider, im Jahre 1878 wandert Friedrich Goldscheider nach Wien aus und Eduard f\u00fchrt die Firma in Pilsen bis zum Konkurs 1892 allein weiter, Friedrich Goldscheider firmiert in Wien ab 1880 als Goldscheider\u2019sche Porzellan-Manufaktur und Porzellanmalerei, neben Handelsgesch\u00e4ften betreibt die Firma vorwiegend die Porzellanmalerei, das Porzellan wird von b\u00f6hmischen Manufakturen bezogen und teilweise auch in B\u00f6hmen bemalt, ab 1885 \u00e4ndert sich die Firmierung in Goldscheider\u2019sche Porzellan-Manufaktur und Majolicafabrik, das Jahr 1885 gilt als das offizielle Gr\u00fcndungsjahr, ab 1887 bezeichnet Friedrich Goldscheider seine Fabrik als Erste Wiener Terracotta- und Majolika-Fabrik Friedrich Goldscheider oder als Erste Wiener Kunst-Terracotta-Fabrik und kunstgewerbliche Ateliers Friedrich Goldscheider und offiziell ab 1894 als Friedrich Goldscheider Erste Wiener Terrakottafabrik, Friedrich Goldscheider stirbt im Jahre 1897, seine Ehefrau Regine Goldscheider wird Alleineigent\u00fcmer und firmiert ab 1899 als Friedrich Goldscheider in Wien, Berlin und Leipzig, ab 1907 firmiert die Firma als Erste Wiener Terrakottafabrik und Atelier f\u00fcr k\u00fcnstlerische Fayencen Friedrich Goldscheider, im Jahre 1918 stirbt Regine und die S\u00f6hne Walter und Marcell Goldscheider werden Inhaber, ab 1921 \u00e4ndert sich die Firmierung in Wiener Manufaktur Friedrich Goldscheider, 1928 scheidet Marcell Goldscheider aus und gr\u00fcndet seine eigene Firma in Wien, 1939 wird die Firma arisiert und Josef Schuster wird Inhaber, Firmierung ab 1939, Wiener Manufaktur Friedrich Goldscheider Nachf., Inhaber Josef Schuster, ab 1941 lautet die Firmierung Wiener Manufaktur Josef Schuster, vorm. Friedrich Goldscheider, nach dem WK II erh\u00e4lt Friedrich Goldscheider seine Firma zur\u00fcck und firmiert ab 1950 wieder als Wiener Manufaktur Friedrich Goldscheider, in dieser Zeit verkauft er die Firma an die Majolikafabrik Carstens, in Fredelsloh, die in Fredelsloh Wiederauflagen alter Modelle in minderwertigem braunem Ton aber auch neue Modelle ebenfalls in dieser Tonart produziert, ab 1953 firmiert die Firma als Kunstkeramische Manufaktur Goldscheider GmbH und 1960 wird die Produktion in Fredelsloh eingestellt, H\u00f6he 18,5 cm, Breite 10,5 cm<\/p>\n<p><a href=\"http:\/\/museumek.eu\/?attachment_id=58652\" rel=\"attachment wp-att-58652\"><img loading=\"lazy\" src=\"http:\/\/museumek.eu\/wp-content\/uploads\/2020\/04\/Goldscheider-E.-Tell-M\u00e4dchen-Nr.-3067-1-147x300.jpg\" alt=\"\" title=\"Goldscheider E. Tell M\u00e4dchen Nr. 3067 1\" width=\"147\" height=\"300\" class=\"alignnone size-medium wp-image-58652\" srcset=\"https:\/\/museumek.eu\/wp-content\/uploads\/2020\/04\/Goldscheider-E.-Tell-M\u00e4dchen-Nr.-3067-1-147x300.jpg 147w, https:\/\/museumek.eu\/wp-content\/uploads\/2020\/04\/Goldscheider-E.-Tell-M\u00e4dchen-Nr.-3067-1-73x150.jpg 73w, https:\/\/museumek.eu\/wp-content\/uploads\/2020\/04\/Goldscheider-E.-Tell-M\u00e4dchen-Nr.-3067-1.jpg 314w\" sizes=\"(max-width: 147px) 100vw, 147px\" \/><\/a><\/p>\n<p><a href=\"http:\/\/museumek.eu\/?attachment_id=58653\" rel=\"attachment wp-att-58653\"><img loading=\"lazy\" src=\"http:\/\/museumek.eu\/wp-content\/uploads\/2020\/04\/Goldscheider-E.-Tell-M\u00e4dchen-Nr.-3067-2-135x300.jpg\" alt=\"\" title=\"Goldscheider E. Tell M\u00e4dchen Nr. 3067 2\" width=\"135\" height=\"300\" class=\"alignnone size-medium wp-image-58653\" srcset=\"https:\/\/museumek.eu\/wp-content\/uploads\/2020\/04\/Goldscheider-E.-Tell-M\u00e4dchen-Nr.-3067-2-135x300.jpg 135w, https:\/\/museumek.eu\/wp-content\/uploads\/2020\/04\/Goldscheider-E.-Tell-M\u00e4dchen-Nr.-3067-2-67x150.jpg 67w, https:\/\/museumek.eu\/wp-content\/uploads\/2020\/04\/Goldscheider-E.-Tell-M\u00e4dchen-Nr.-3067-2.jpg 288w\" sizes=\"(max-width: 135px) 100vw, 135px\" \/><\/a><\/p>\n<p><a href=\"http:\/\/museumek.eu\/?attachment_id=58654\" rel=\"attachment wp-att-58654\"><img loading=\"lazy\" src=\"http:\/\/museumek.eu\/wp-content\/uploads\/2020\/04\/Goldscheider-E.-Tell-M\u00e4dchen-Nr.-3067-3-163x300.jpg\" alt=\"\" title=\"Goldscheider E. Tell M\u00e4dchen Nr. 3067 3\" width=\"163\" height=\"300\" class=\"alignnone size-medium wp-image-58654\" srcset=\"https:\/\/museumek.eu\/wp-content\/uploads\/2020\/04\/Goldscheider-E.-Tell-M\u00e4dchen-Nr.-3067-3-163x300.jpg 163w, https:\/\/museumek.eu\/wp-content\/uploads\/2020\/04\/Goldscheider-E.-Tell-M\u00e4dchen-Nr.-3067-3-81x150.jpg 81w, https:\/\/museumek.eu\/wp-content\/uploads\/2020\/04\/Goldscheider-E.-Tell-M\u00e4dchen-Nr.-3067-3.jpg 348w\" sizes=\"(max-width: 163px) 100vw, 163px\" \/><\/a><\/p>\n<p><a href=\"http:\/\/museumek.eu\/?attachment_id=58655\" rel=\"attachment wp-att-58655\"><img loading=\"lazy\" src=\"http:\/\/museumek.eu\/wp-content\/uploads\/2020\/04\/Goldscheider-E.-Tell-M\u00e4dchen-Nr.-3067-4-300x191.jpg\" alt=\"\" title=\"Goldscheider E. Tell M\u00e4dchen Nr. 3067 4\" width=\"300\" height=\"191\" class=\"alignnone size-medium wp-image-58655\" srcset=\"https:\/\/museumek.eu\/wp-content\/uploads\/2020\/04\/Goldscheider-E.-Tell-M\u00e4dchen-Nr.-3067-4-300x191.jpg 300w, https:\/\/museumek.eu\/wp-content\/uploads\/2020\/04\/Goldscheider-E.-Tell-M\u00e4dchen-Nr.-3067-4-150x95.jpg 150w, https:\/\/museumek.eu\/wp-content\/uploads\/2020\/04\/Goldscheider-E.-Tell-M\u00e4dchen-Nr.-3067-4-469x300.jpg 469w, https:\/\/museumek.eu\/wp-content\/uploads\/2020\/04\/Goldscheider-E.-Tell-M\u00e4dchen-Nr.-3067-4.jpg 640w\" sizes=\"(max-width: 300px) 100vw, 300px\" \/><\/a><\/p>\n<p><a href=\"http:\/\/museumek.eu\/?attachment_id=58656\" rel=\"attachment wp-att-58656\"><img loading=\"lazy\" src=\"http:\/\/museumek.eu\/wp-content\/uploads\/2020\/04\/Goldscheider-E.-Tell-M\u00e4dchen-Nr.-3067-5-223x300.jpg\" alt=\"\" title=\"Goldscheider E. Tell M\u00e4dchen Nr. 3067 5\" width=\"223\" height=\"300\" class=\"alignnone size-medium wp-image-58656\" srcset=\"https:\/\/museumek.eu\/wp-content\/uploads\/2020\/04\/Goldscheider-E.-Tell-M\u00e4dchen-Nr.-3067-5-223x300.jpg 223w, https:\/\/museumek.eu\/wp-content\/uploads\/2020\/04\/Goldscheider-E.-Tell-M\u00e4dchen-Nr.-3067-5-111x150.jpg 111w, https:\/\/museumek.eu\/wp-content\/uploads\/2020\/04\/Goldscheider-E.-Tell-M\u00e4dchen-Nr.-3067-5.jpg 476w\" sizes=\"(max-width: 223px) 100vw, 223px\" \/><\/a><\/p>\n<p><a href=\"http:\/\/museumek.eu\/?attachment_id=58657\" rel=\"attachment wp-att-58657\"><img loading=\"lazy\" src=\"http:\/\/museumek.eu\/wp-content\/uploads\/2020\/04\/Goldscheider-E.-Tell-M\u00e4dchen-Nr.-3067-6-274x300.jpg\" alt=\"\" title=\"Goldscheider E. Tell M\u00e4dchen Nr. 3067 6\" width=\"274\" height=\"300\" class=\"alignnone size-medium wp-image-58657\" srcset=\"https:\/\/museumek.eu\/wp-content\/uploads\/2020\/04\/Goldscheider-E.-Tell-M\u00e4dchen-Nr.-3067-6-274x300.jpg 274w, https:\/\/museumek.eu\/wp-content\/uploads\/2020\/04\/Goldscheider-E.-Tell-M\u00e4dchen-Nr.-3067-6-137x150.jpg 137w, https:\/\/museumek.eu\/wp-content\/uploads\/2020\/04\/Goldscheider-E.-Tell-M\u00e4dchen-Nr.-3067-6.jpg 480w\" sizes=\"(max-width: 274px) 100vw, 274px\" \/><\/a><\/p>\n<p><a href=\"http:\/\/museumek.eu\/?attachment_id=58658\" rel=\"attachment wp-att-58658\"><img loading=\"lazy\" src=\"http:\/\/museumek.eu\/wp-content\/uploads\/2020\/04\/Goldscheider-E.-Tell-M\u00e4dchen-Nr.-3067-7-300x205.jpg\" alt=\"\" title=\"Goldscheider E. Tell M\u00e4dchen Nr. 3067 7\" width=\"300\" height=\"205\" class=\"alignnone size-medium wp-image-58658\" srcset=\"https:\/\/museumek.eu\/wp-content\/uploads\/2020\/04\/Goldscheider-E.-Tell-M\u00e4dchen-Nr.-3067-7-300x205.jpg 300w, https:\/\/museumek.eu\/wp-content\/uploads\/2020\/04\/Goldscheider-E.-Tell-M\u00e4dchen-Nr.-3067-7-150x102.jpg 150w, https:\/\/museumek.eu\/wp-content\/uploads\/2020\/04\/Goldscheider-E.-Tell-M\u00e4dchen-Nr.-3067-7-437x300.jpg 437w, https:\/\/museumek.eu\/wp-content\/uploads\/2020\/04\/Goldscheider-E.-Tell-M\u00e4dchen-Nr.-3067-7.jpg 640w\" sizes=\"(max-width: 300px) 100vw, 300px\" \/><\/a><\/p>\n<p><a href=\"http:\/\/museumek.eu\/?attachment_id=58659\" rel=\"attachment wp-att-58659\"><img loading=\"lazy\" src=\"http:\/\/museumek.eu\/wp-content\/uploads\/2020\/04\/Goldscheider-E.-Tell-M\u00e4dchen-Nr.-3067-8-277x300.jpg\" alt=\"\" title=\"Goldscheider E. Tell M\u00e4dchen Nr. 3067 8\" width=\"277\" height=\"300\" class=\"alignnone size-medium wp-image-58659\" srcset=\"https:\/\/museumek.eu\/wp-content\/uploads\/2020\/04\/Goldscheider-E.-Tell-M\u00e4dchen-Nr.-3067-8-277x300.jpg 277w, https:\/\/museumek.eu\/wp-content\/uploads\/2020\/04\/Goldscheider-E.-Tell-M\u00e4dchen-Nr.-3067-8-138x150.jpg 138w, https:\/\/museumek.eu\/wp-content\/uploads\/2020\/04\/Goldscheider-E.-Tell-M\u00e4dchen-Nr.-3067-8.jpg 480w\" sizes=\"(max-width: 277px) 100vw, 277px\" \/><\/a><\/p>\n","protected":false},"excerpt":{"rendered":"<p>Abteilung Austria\/Ungarn\/B\u00f6hmen, Keramik 1860 \u2013 1960, Inventarnummer A\/I\/189 Erste Wiener Terrakottafabrik und Atelier f\u00fcr k\u00fcnstlerische Fayencen Friedrich Goldscheider, Austria, Wien, ca. 1905, Figur Stehendes Biedermeierm\u00e4dchen, K\u00fcnstler Eduard Telcs, Werks.-Nr. 3067\/Exemplar Nr. 227\/Modelleur Nr. 11, gemarkt Firmenmarke mit F. G. darunter &hellip; <a href=\"https:\/\/museumek.eu\/?page_id=58666\">Weiterlesen <span class=\"meta-nav\">&rarr;<\/span><\/a><\/p>\n","protected":false},"author":1,"featured_media":0,"parent":45965,"menu_order":189,"comment_status":"closed","ping_status":"open","template":"","meta":[],"_links":{"self":[{"href":"https:\/\/museumek.eu\/index.php?rest_route=\/wp\/v2\/pages\/58666"}],"collection":[{"href":"https:\/\/museumek.eu\/index.php?rest_route=\/wp\/v2\/pages"}],"about":[{"href":"https:\/\/museumek.eu\/index.php?rest_route=\/wp\/v2\/types\/page"}],"author":[{"embeddable":true,"href":"https:\/\/museumek.eu\/index.php?rest_route=\/wp\/v2\/users\/1"}],"replies":[{"embeddable":true,"href":"https:\/\/museumek.eu\/index.php?rest_route=%2Fwp%2Fv2%2Fcomments&post=58666"}],"version-history":[{"count":2,"href":"https:\/\/museumek.eu\/index.php?rest_route=\/wp\/v2\/pages\/58666\/revisions"}],"predecessor-version":[{"id":58668,"href":"https:\/\/museumek.eu\/index.php?rest_route=\/wp\/v2\/pages\/58666\/revisions\/58668"}],"up":[{"embeddable":true,"href":"https:\/\/museumek.eu\/index.php?rest_route=\/wp\/v2\/pages\/45965"}],"wp:attachment":[{"href":"https:\/\/museumek.eu\/index.php?rest_route=%2Fwp%2Fv2%2Fmedia&parent=58666"}],"curies":[{"name":"wp","href":"https:\/\/api.w.org\/{rel}","templated":true}]}}