{"id":59002,"date":"2021-07-25T12:25:18","date_gmt":"2021-07-25T10:25:18","guid":{"rendered":"http:\/\/museumek.eu\/?page_id=59002"},"modified":"2021-07-25T12:27:24","modified_gmt":"2021-07-25T10:27:24","slug":"dcciv1","status":"publish","type":"page","link":"https:\/\/museumek.eu\/?page_id=59002","title":{"rendered":"D\/CCIV\/1"},"content":{"rendered":"<p><strong>Abteilung Deutschland, Keramik 1860 \u2013 1960, Inventarnummer D\/CCIV\/1<\/strong><\/p>\n<p>Porzellan-Manufaktur Geiersthal Langer &#038; Jahn, Deutschland, Geiersthal, um 1935, Vase, K\u00fcnstler unbekannt, Werks.-Nr. ohne, Exemplar Nr. ohne, gemarkt Firmenmarke mit MALEREI, darunter eine Vase, auf der Vase und \u00fcber diese hinaus LJ ineinander ligiert (f\u00fcr Langer &#038; Jahn), darunter GEIERSTHAL gr\u00fcner Stempel auf Glasur sowie Handgemalt in gr\u00fcn auf Glasur geschrieben, 1 in Gold auf die Glasur gemalt, nicht signiert, Literatur: Dieter Z\u00fchlsdorff, Markenlexikon, Band 1, Porzellan und Keramik Report 1885 &#8211; 1935, Seite 102, Werk-Teil 1., Gruppennummer des Werkteils 1., laufende Nummer innerhalb der Gruppe 2142, fast identische Marke (dort f\u00fcr die Zeit ab 1933) sowie Seite 505, Werk-Teil 3., laufende Nummer des Werkteils 402, dort kurze unvollst\u00e4ndige Beschreibung der Fabrik, die Fabrik, die sich selbst als Manufaktur bezeichnete, war eigentlich &#8222;nur&#8220; eine Porzellanmalerei aber da Manufaktur Handarbeit bedeutet und Handmalerei Handarbeit ist, mag dies die Bezeichnung Manufaktur rechtfertigen, die Manufaktur ging aus der Konkursmasse der Porzellanmalerei Sontag &#038; S\u00f6hne in Geiersthal (ein Ortsteil von Lichte) hervor, der eingesetzte Konkursverwalter Max Langer \u00fcbernahm aus der Konkursmasse der Firma Sontag &#038; S\u00f6hne Ende der 1920er Jahre das Werklager und baute mit einer kleinen Gemeinschaft von Arbeitern und Herrn Max Jahn unter der Regie der Sparkasse Saalfeld die Porzellanmalerei unter der neuen Firmierung Porzellan-Manufaktur Geiersthal Langer &#038; Jahn auf, Max Langer, gelernter Kaufmann, arbeitete vorher als B\u00fcrochef der Porzellanfabrik in Wallendorf, als sein Sohn Hans Langer 1945 aus dem Krieg zur\u00fcck kam, arbeitete auch dieser in der Firma seines Vater mit, genau wie seine junge Frau Gisela, nach und nach stieg die Anzahl der Mitarbeiter und bald waren in der Manufaktur ca. 30 Arbeiter besch\u00e4ftigt, Heimarbeiter eingeschlossen, es entstand ein gut florierender Betrieb, der auch auf Messen vertreten war, das Wei\u00dfporzellan, das in der Malerei dekoriert und dann auf eigene Rechnung verkauft wurde, kam aus Porzellanfabriken der Umgebung, aus Tettau, Gr\u00e4fenthal, Ilmenau (Henneberg), Martinroda, Gr\u00e4fenroda, aus Lichte und anderen Betrieben, die Qualit\u00e4t der Bemalung und Dekoration war hervorragend, es wurden in gro\u00dfem Ma\u00dfe Souvenierporzellane dekoriert, die Stahlplatten mit Dekoren f\u00fcr die Ansichten der St\u00e4dte und touristischen Ziele standen im Eigentum der Firma, die Stahldruckdekore wurden teilweise noch farbig ausgestaltet, der Dekorbrand erfolgte in elektrischen Brenn\u00f6fen, desweiteren wurden auch Kaffee- und Speiseservice bemalt, so wurde zum Beispiel, das gesamte Porzellan f\u00fcr den Hapag-Lloyd Dampfer &#8222;Deutschland&#8220; wurde von Langer und Jahn geliefert, die Manufaktur endete zu DDR-Zeiten mit ihrer Eingliederung in die Vereinigten Zierporzellanwerke Lichte,<br \/>\nH\u00f6he 13,5 cm, Breite 11,5 cm  <\/p>\n<p><a href=\"http:\/\/museumek.eu\/?attachment_id=58987\" rel=\"attachment wp-att-58987\"><img loading=\"lazy\" src=\"http:\/\/museumek.eu\/wp-content\/uploads\/2021\/07\/Geiersthal-Langer-Jahn-Vase-1-217x300.jpg\" alt=\"\" title=\"Geiersthal Langer &amp; Jahn Vase 1\" width=\"217\" height=\"300\" class=\"alignnone size-medium wp-image-58987\" srcset=\"https:\/\/museumek.eu\/wp-content\/uploads\/2021\/07\/Geiersthal-Langer-Jahn-Vase-1-217x300.jpg 217w, https:\/\/museumek.eu\/wp-content\/uploads\/2021\/07\/Geiersthal-Langer-Jahn-Vase-1-108x150.jpg 108w, https:\/\/museumek.eu\/wp-content\/uploads\/2021\/07\/Geiersthal-Langer-Jahn-Vase-1.jpg 463w\" sizes=\"(max-width: 217px) 100vw, 217px\" \/><\/a><\/p>\n<p><a href=\"http:\/\/museumek.eu\/?attachment_id=58988\" rel=\"attachment wp-att-58988\"><img loading=\"lazy\" src=\"http:\/\/museumek.eu\/wp-content\/uploads\/2021\/07\/Geiersthal-Langer-Jahn-Vase-2-234x300.jpg\" alt=\"\" title=\"Geiersthal Langer &amp; Jahn Vase 2\" width=\"234\" height=\"300\" class=\"alignnone size-medium wp-image-58988\" srcset=\"https:\/\/museumek.eu\/wp-content\/uploads\/2021\/07\/Geiersthal-Langer-Jahn-Vase-2-234x300.jpg 234w, https:\/\/museumek.eu\/wp-content\/uploads\/2021\/07\/Geiersthal-Langer-Jahn-Vase-2-117x150.jpg 117w, https:\/\/museumek.eu\/wp-content\/uploads\/2021\/07\/Geiersthal-Langer-Jahn-Vase-2.jpg 480w\" sizes=\"(max-width: 234px) 100vw, 234px\" \/><\/a><\/p>\n<p><a href=\"http:\/\/museumek.eu\/?attachment_id=58989\" rel=\"attachment wp-att-58989\"><img loading=\"lazy\" src=\"http:\/\/museumek.eu\/wp-content\/uploads\/2021\/07\/Geiersthal-Langer-Jahn-Vase-3-241x300.jpg\" alt=\"\" title=\"Geiersthal Langer &amp; Jahn Vase 3\" width=\"241\" height=\"300\" class=\"alignnone size-medium wp-image-58989\" srcset=\"https:\/\/museumek.eu\/wp-content\/uploads\/2021\/07\/Geiersthal-Langer-Jahn-Vase-3-241x300.jpg 241w, https:\/\/museumek.eu\/wp-content\/uploads\/2021\/07\/Geiersthal-Langer-Jahn-Vase-3-120x150.jpg 120w, https:\/\/museumek.eu\/wp-content\/uploads\/2021\/07\/Geiersthal-Langer-Jahn-Vase-3.jpg 480w\" sizes=\"(max-width: 241px) 100vw, 241px\" \/><\/a><\/p>\n<p><a href=\"http:\/\/museumek.eu\/?attachment_id=58990\" rel=\"attachment wp-att-58990\"><img loading=\"lazy\" src=\"http:\/\/museumek.eu\/wp-content\/uploads\/2021\/07\/Geiersthal-Langer-Jahn-Vase-4-300x252.jpg\" alt=\"\" title=\"Geiersthal Langer &amp; Jahn Vase 4\" width=\"300\" height=\"252\" class=\"alignnone size-medium wp-image-58990\" srcset=\"https:\/\/museumek.eu\/wp-content\/uploads\/2021\/07\/Geiersthal-Langer-Jahn-Vase-4-300x252.jpg 300w, https:\/\/museumek.eu\/wp-content\/uploads\/2021\/07\/Geiersthal-Langer-Jahn-Vase-4-150x126.jpg 150w, https:\/\/museumek.eu\/wp-content\/uploads\/2021\/07\/Geiersthal-Langer-Jahn-Vase-4-356x300.jpg 356w, https:\/\/museumek.eu\/wp-content\/uploads\/2021\/07\/Geiersthal-Langer-Jahn-Vase-4.jpg 571w\" sizes=\"(max-width: 300px) 100vw, 300px\" \/><\/a><\/p>\n<p><a href=\"http:\/\/museumek.eu\/?attachment_id=58991\" rel=\"attachment wp-att-58991\"><img loading=\"lazy\" src=\"http:\/\/museumek.eu\/wp-content\/uploads\/2021\/07\/Geiersthal-Langer-Jahn-Vase-5-263x300.jpg\" alt=\"\" title=\"Geiersthal Langer &amp; Jahn Vase 5\" width=\"263\" height=\"300\" class=\"alignnone size-medium wp-image-58991\" srcset=\"https:\/\/museumek.eu\/wp-content\/uploads\/2021\/07\/Geiersthal-Langer-Jahn-Vase-5-263x300.jpg 263w, https:\/\/museumek.eu\/wp-content\/uploads\/2021\/07\/Geiersthal-Langer-Jahn-Vase-5-131x150.jpg 131w, https:\/\/museumek.eu\/wp-content\/uploads\/2021\/07\/Geiersthal-Langer-Jahn-Vase-5.jpg 480w\" sizes=\"(max-width: 263px) 100vw, 263px\" \/><\/a> <\/p>\n<p><a href=\"http:\/\/museumek.eu\/?attachment_id=58992\" rel=\"attachment wp-att-58992\"><img loading=\"lazy\" src=\"http:\/\/museumek.eu\/wp-content\/uploads\/2021\/07\/Geiersthal-Langer-Jahn-Vase-6-300x290.jpg\" alt=\"\" title=\"Geiersthal Langer &amp; Jahn Vase 6\" width=\"300\" height=\"290\" class=\"alignnone size-medium wp-image-58992\" srcset=\"https:\/\/museumek.eu\/wp-content\/uploads\/2021\/07\/Geiersthal-Langer-Jahn-Vase-6-300x290.jpg 300w, https:\/\/museumek.eu\/wp-content\/uploads\/2021\/07\/Geiersthal-Langer-Jahn-Vase-6-150x145.jpg 150w, https:\/\/museumek.eu\/wp-content\/uploads\/2021\/07\/Geiersthal-Langer-Jahn-Vase-6-309x300.jpg 309w, https:\/\/museumek.eu\/wp-content\/uploads\/2021\/07\/Geiersthal-Langer-Jahn-Vase-6.jpg 495w\" sizes=\"(max-width: 300px) 100vw, 300px\" \/><\/a><\/p>\n","protected":false},"excerpt":{"rendered":"<p>Abteilung Deutschland, Keramik 1860 \u2013 1960, Inventarnummer D\/CCIV\/1 Porzellan-Manufaktur Geiersthal Langer &#038; Jahn, Deutschland, Geiersthal, um 1935, Vase, K\u00fcnstler unbekannt, Werks.-Nr. ohne, Exemplar Nr. ohne, gemarkt Firmenmarke mit MALEREI, darunter eine Vase, auf der Vase und \u00fcber diese hinaus LJ &hellip; <a href=\"https:\/\/museumek.eu\/?page_id=59002\">Weiterlesen <span class=\"meta-nav\">&rarr;<\/span><\/a><\/p>\n","protected":false},"author":1,"featured_media":0,"parent":58976,"menu_order":1,"comment_status":"closed","ping_status":"open","template":"","meta":[],"_links":{"self":[{"href":"https:\/\/museumek.eu\/index.php?rest_route=\/wp\/v2\/pages\/59002"}],"collection":[{"href":"https:\/\/museumek.eu\/index.php?rest_route=\/wp\/v2\/pages"}],"about":[{"href":"https:\/\/museumek.eu\/index.php?rest_route=\/wp\/v2\/types\/page"}],"author":[{"embeddable":true,"href":"https:\/\/museumek.eu\/index.php?rest_route=\/wp\/v2\/users\/1"}],"replies":[{"embeddable":true,"href":"https:\/\/museumek.eu\/index.php?rest_route=%2Fwp%2Fv2%2Fcomments&post=59002"}],"version-history":[{"count":4,"href":"https:\/\/museumek.eu\/index.php?rest_route=\/wp\/v2\/pages\/59002\/revisions"}],"predecessor-version":[{"id":59006,"href":"https:\/\/museumek.eu\/index.php?rest_route=\/wp\/v2\/pages\/59002\/revisions\/59006"}],"up":[{"embeddable":true,"href":"https:\/\/museumek.eu\/index.php?rest_route=\/wp\/v2\/pages\/58976"}],"wp:attachment":[{"href":"https:\/\/museumek.eu\/index.php?rest_route=%2Fwp%2Fv2%2Fmedia&parent=59002"}],"curies":[{"name":"wp","href":"https:\/\/api.w.org\/{rel}","templated":true}]}}