{"id":59353,"date":"2021-08-02T20:23:33","date_gmt":"2021-08-02T18:23:33","guid":{"rendered":"http:\/\/museumek.eu\/?page_id=59353"},"modified":"2021-08-02T20:23:33","modified_gmt":"2021-08-02T18:23:33","slug":"axxxiii18","status":"publish","type":"page","link":"https:\/\/museumek.eu\/?page_id=59353","title":{"rendered":"A\/XXXIII\/18"},"content":{"rendered":"<p><strong>Abteilung Austria\/Ungarn\/B\u00f6hmen, Keramik 1860 \u2013 1960, Inventarnummer A\/XXXIII\/18<\/strong><\/p>\n<p>Haas &#038; Czjzek K.K. privilegierte Porzellanfabrik und Nachf. Porzellanfabrik Haas &#038; Czjzek AG, B\u00f6hmen\/Austria, Schlaggenwald\/Horni Slavkov und Chodau\/Chodov, 1916 bis 1918, Unterteller einer Souciere, K\u00fcnstler unbekannt, Werks.-Nr. ohne, Exemplar Nr. ohne, gemarkt Firmenmarke mit 17 daneben eine Krone, daneben 92 (f\u00fcr 1792) darunter der \u00f6sterreichsiche Doppelkopfadler, im Adler der Buchstabe S (f\u00fcr Schlaggenwald), darunter H &#038; C (f\u00fcr Haas &#038; Czjzek, wobei &#038; C fast nicht mehr sichtbar ist) gr\u00fcner Stempel auf Glasur, 4 sowie 1840 gepresst und S 93 (?) gepresst, nicht signiert, Literatur: Dieter Z\u00fchlsdorff, Markenlexikon, Porzellan und Keramik Report 1885 &#8211; 1935, Seite 313, Werk-Teil 1., Gruppennummer des Werkteils 11., laufende Nummer innerhalb der Gruppe 32 identische Marke (dort f\u00fcr die Zeit 1916 bis 1918) sowie Seite 602, Werk-Teil 3., laufende Nummer innerhalb des Werkteils 1126, dort Beschreibung der Fabrik, weitere Literatur: Ludwig Danckert, Handbuch des Europ\u00e4ischen Porzellans, 7. Auflage, Seite 623, Beschreibung der Fabrik, Johann Georg Paulus gr\u00fcndete 1792 eine Porzellanfabrik, welche als Paulus Porzellan firmierte, nach kurzer Zeit wird, wohl noch vor Ende 1800, Luise Sophie Greiner Eigent\u00fcmerin, Ihr Schwiegersohn der Arzt Johann Georg Lippert tritt in die Fabrik ein und holt sich Wenzel Haas aus Prag als Partner, Firmierung sp\u00e4testens 1836 als Haas &#038; Lippert, Wenzel Haas Sohn August Eusebius Haas war Grundbesitzer und trat zu Wenzel Haas Tod in die Fabrik ein, 1843 Tod von Johann Georg Lippert, dessen Tochter Emilie und deren Ehemann Johann M\u00f6hring erben die Anteile der Fabrik und verkaufen sie an Haas, der nun Alleineigent\u00fcmer ist, 1867 \u00fcbergibt August Eusebius Haas seine Fabrik an seinen Sohn Georg Haas (ab 1908 Freiherr von Hasenfels) und seinen Neffen Johann Czjzek (sp\u00e4ter Edler von Smidaich), Firmierung ab 1867 Haas &#038; Czjzek K.K. Porzellanfabrik, 1871 kauft die Familie Porges von Portheim die Porzellanfabrik in Chodau, Firmierung wohl identisch, lediglich Ortunterscheidung in den Stempeln, Georg Haas stirbt 1914 und seine Witwe Olga tritt in die Fabrik ein, 1923 \u00fcbergibt Johann Czjzek seine Anteile an seinen Sohn Felix, 1930 wird eine Aktiengesellschaft gegr\u00fcndet und 1945 wird die Fabrik enteignet, in Schlaggenwald wird feinstes Porzellan f\u00fcr die Kaiserh\u00e4user, den Papst und F\u00fcrstenh\u00e4user produziert, in Chodau vorwiegend einfaches Gebrauchsgeschirr, Breite 23 cm, Tiefe 15,7 cm<\/p>\n<p><a href=\"http:\/\/museumek.eu\/?attachment_id=59334\" rel=\"attachment wp-att-59334\"><img loading=\"lazy\" src=\"http:\/\/museumek.eu\/wp-content\/uploads\/2013\/05\/Haas-Cicek-Unterteller-eine-Souciere-1-213x300.jpg\" alt=\"\" title=\"Haas &amp; Cicek Unterteller eine Souciere 1\" width=\"213\" height=\"300\" class=\"alignnone size-medium wp-image-59334\" srcset=\"https:\/\/museumek.eu\/wp-content\/uploads\/2013\/05\/Haas-Cicek-Unterteller-eine-Souciere-1-213x300.jpg 213w, https:\/\/museumek.eu\/wp-content\/uploads\/2013\/05\/Haas-Cicek-Unterteller-eine-Souciere-1-106x150.jpg 106w, https:\/\/museumek.eu\/wp-content\/uploads\/2013\/05\/Haas-Cicek-Unterteller-eine-Souciere-1.jpg 455w\" sizes=\"(max-width: 213px) 100vw, 213px\" \/><\/a><\/p>\n<p><a href=\"http:\/\/museumek.eu\/?attachment_id=59335\" rel=\"attachment wp-att-59335\"><img loading=\"lazy\" src=\"http:\/\/museumek.eu\/wp-content\/uploads\/2013\/05\/Haas-Cicek-Unterteller-eine-Souciere-2-173x300.jpg\" alt=\"\" title=\"Haas &amp; Cicek Unterteller eine Souciere 2\" width=\"173\" height=\"300\" class=\"alignnone size-medium wp-image-59335\" srcset=\"https:\/\/museumek.eu\/wp-content\/uploads\/2013\/05\/Haas-Cicek-Unterteller-eine-Souciere-2-173x300.jpg 173w, https:\/\/museumek.eu\/wp-content\/uploads\/2013\/05\/Haas-Cicek-Unterteller-eine-Souciere-2-86x150.jpg 86w\" sizes=\"(max-width: 173px) 100vw, 173px\" \/><\/a><\/p>\n<p><a href=\"http:\/\/museumek.eu\/?attachment_id=59336\" rel=\"attachment wp-att-59336\"><img loading=\"lazy\" src=\"http:\/\/museumek.eu\/wp-content\/uploads\/2013\/05\/Haas-Cicek-Unterteller-eine-Souciere-3-205x300.jpg\" alt=\"\" title=\"Haas &amp; Cicek Unterteller eine Souciere 3\" width=\"205\" height=\"300\" class=\"alignnone size-medium wp-image-59336\" srcset=\"https:\/\/museumek.eu\/wp-content\/uploads\/2013\/05\/Haas-Cicek-Unterteller-eine-Souciere-3-205x300.jpg 205w, https:\/\/museumek.eu\/wp-content\/uploads\/2013\/05\/Haas-Cicek-Unterteller-eine-Souciere-3-102x150.jpg 102w, https:\/\/museumek.eu\/wp-content\/uploads\/2013\/05\/Haas-Cicek-Unterteller-eine-Souciere-3.jpg 438w\" sizes=\"(max-width: 205px) 100vw, 205px\" \/><\/a><\/p>\n<p><a href=\"http:\/\/museumek.eu\/?attachment_id=59337\" rel=\"attachment wp-att-59337\"><img loading=\"lazy\" src=\"http:\/\/museumek.eu\/wp-content\/uploads\/2013\/05\/Haas-Cicek-Unterteller-eine-Souciere-4-105x300.jpg\" alt=\"\" title=\"Haas &amp; Cicek Unterteller eine Souciere 4\" width=\"105\" height=\"300\" class=\"alignnone size-medium wp-image-59337\" srcset=\"https:\/\/museumek.eu\/wp-content\/uploads\/2013\/05\/Haas-Cicek-Unterteller-eine-Souciere-4-105x300.jpg 105w, https:\/\/museumek.eu\/wp-content\/uploads\/2013\/05\/Haas-Cicek-Unterteller-eine-Souciere-4-52x150.jpg 52w, https:\/\/museumek.eu\/wp-content\/uploads\/2013\/05\/Haas-Cicek-Unterteller-eine-Souciere-4.jpg 224w\" sizes=\"(max-width: 105px) 100vw, 105px\" \/><\/a><\/p>\n<p><a href=\"http:\/\/museumek.eu\/?attachment_id=59338\" rel=\"attachment wp-att-59338\"><img loading=\"lazy\" src=\"http:\/\/museumek.eu\/wp-content\/uploads\/2013\/05\/Haas-Cicek-Unterteller-eine-Souciere-5-300x294.jpg\" alt=\"\" title=\"Haas &amp; Cicek Unterteller eine Souciere 5\" width=\"300\" height=\"294\" class=\"alignnone size-medium wp-image-59338\" srcset=\"https:\/\/museumek.eu\/wp-content\/uploads\/2013\/05\/Haas-Cicek-Unterteller-eine-Souciere-5-300x294.jpg 300w, https:\/\/museumek.eu\/wp-content\/uploads\/2013\/05\/Haas-Cicek-Unterteller-eine-Souciere-5-150x147.jpg 150w, https:\/\/museumek.eu\/wp-content\/uploads\/2013\/05\/Haas-Cicek-Unterteller-eine-Souciere-5-305x300.jpg 305w, https:\/\/museumek.eu\/wp-content\/uploads\/2013\/05\/Haas-Cicek-Unterteller-eine-Souciere-5.jpg 489w\" sizes=\"(max-width: 300px) 100vw, 300px\" \/><\/a> <\/p>\n<p><a href=\"http:\/\/museumek.eu\/?attachment_id=59339\" rel=\"attachment wp-att-59339\"><img loading=\"lazy\" src=\"http:\/\/museumek.eu\/wp-content\/uploads\/2013\/05\/Haas-Cicek-Unterteller-eine-Souciere-6-300x176.jpg\" alt=\"\" title=\"Haas &amp; Cicek Unterteller eine Souciere 6\" width=\"300\" height=\"176\" class=\"alignnone size-medium wp-image-59339\" srcset=\"https:\/\/museumek.eu\/wp-content\/uploads\/2013\/05\/Haas-Cicek-Unterteller-eine-Souciere-6-300x176.jpg 300w, https:\/\/museumek.eu\/wp-content\/uploads\/2013\/05\/Haas-Cicek-Unterteller-eine-Souciere-6-150x88.jpg 150w, https:\/\/museumek.eu\/wp-content\/uploads\/2013\/05\/Haas-Cicek-Unterteller-eine-Souciere-6-500x294.jpg 500w, https:\/\/museumek.eu\/wp-content\/uploads\/2013\/05\/Haas-Cicek-Unterteller-eine-Souciere-6.jpg 640w\" sizes=\"(max-width: 300px) 100vw, 300px\" \/><\/a><\/p>\n<p><a href=\"http:\/\/museumek.eu\/?attachment_id=59340\" rel=\"attachment wp-att-59340\"><img loading=\"lazy\" src=\"http:\/\/museumek.eu\/wp-content\/uploads\/2013\/05\/Haas-Cicek-Unterteller-eine-Souciere-7-150x300.jpg\" alt=\"\" title=\"Haas &amp; Cicek Unterteller eine Souciere 7\" width=\"150\" height=\"300\" class=\"alignnone size-medium wp-image-59340\" srcset=\"https:\/\/museumek.eu\/wp-content\/uploads\/2013\/05\/Haas-Cicek-Unterteller-eine-Souciere-7-150x300.jpg 150w, https:\/\/museumek.eu\/wp-content\/uploads\/2013\/05\/Haas-Cicek-Unterteller-eine-Souciere-7-75x150.jpg 75w, https:\/\/museumek.eu\/wp-content\/uploads\/2013\/05\/Haas-Cicek-Unterteller-eine-Souciere-7.jpg 320w\" sizes=\"(max-width: 150px) 100vw, 150px\" \/><\/a><\/p>\n","protected":false},"excerpt":{"rendered":"<p>Abteilung Austria\/Ungarn\/B\u00f6hmen, Keramik 1860 \u2013 1960, Inventarnummer A\/XXXIII\/18 Haas &#038; Czjzek K.K. privilegierte Porzellanfabrik und Nachf. Porzellanfabrik Haas &#038; Czjzek AG, B\u00f6hmen\/Austria, Schlaggenwald\/Horni Slavkov und Chodau\/Chodov, 1916 bis 1918, Unterteller einer Souciere, K\u00fcnstler unbekannt, Werks.-Nr. ohne, Exemplar Nr. ohne, gemarkt &hellip; <a href=\"https:\/\/museumek.eu\/?page_id=59353\">Weiterlesen <span class=\"meta-nav\">&rarr;<\/span><\/a><\/p>\n","protected":false},"author":1,"featured_media":0,"parent":15737,"menu_order":18,"comment_status":"closed","ping_status":"open","template":"","meta":[],"_links":{"self":[{"href":"https:\/\/museumek.eu\/index.php?rest_route=\/wp\/v2\/pages\/59353"}],"collection":[{"href":"https:\/\/museumek.eu\/index.php?rest_route=\/wp\/v2\/pages"}],"about":[{"href":"https:\/\/museumek.eu\/index.php?rest_route=\/wp\/v2\/types\/page"}],"author":[{"embeddable":true,"href":"https:\/\/museumek.eu\/index.php?rest_route=\/wp\/v2\/users\/1"}],"replies":[{"embeddable":true,"href":"https:\/\/museumek.eu\/index.php?rest_route=%2Fwp%2Fv2%2Fcomments&post=59353"}],"version-history":[{"count":2,"href":"https:\/\/museumek.eu\/index.php?rest_route=\/wp\/v2\/pages\/59353\/revisions"}],"predecessor-version":[{"id":59355,"href":"https:\/\/museumek.eu\/index.php?rest_route=\/wp\/v2\/pages\/59353\/revisions\/59355"}],"up":[{"embeddable":true,"href":"https:\/\/museumek.eu\/index.php?rest_route=\/wp\/v2\/pages\/15737"}],"wp:attachment":[{"href":"https:\/\/museumek.eu\/index.php?rest_route=%2Fwp%2Fv2%2Fmedia&parent=59353"}],"curies":[{"name":"wp","href":"https:\/\/api.w.org\/{rel}","templated":true}]}}