{"id":6597,"date":"2011-10-21T18:24:36","date_gmt":"2011-10-21T16:24:36","guid":{"rendered":"http:\/\/museumek.eu\/?page_id=6597"},"modified":"2011-10-21T18:24:36","modified_gmt":"2011-10-21T16:24:36","slug":"fii12","status":"publish","type":"page","link":"https:\/\/museumek.eu\/?page_id=6597","title":{"rendered":"F\/II\/12"},"content":{"rendered":"<p><strong>Abteilung Frankreich, Keramik 1860 \u2013 1960, Inventarnummer F\/II\/12<\/strong><\/p>\n<p>Manufaktur Keller &#038; Gu\u00e9rin, Frankreich, Lun\u00e9ville, um 1900, Jardiniere, K\u00fcnstler unbekannt, Werks.-Nr. 132.2, Exemplar Nr. ohne, gemarkt K &#038; G Lun\u00e9ville France gr\u00fcner Farbstempel, 132.2 sowie L gepresst, Gold geh\u00f6ht, Literatur: Annabelle H\u00e9ry, La Faiencerie de Lun\u00e9ville 1786 \u2013 1923, Les Keller &#038; Gu\u00e9rin, Seite 138, Marke Type 14, um 1900 entwarfen die K\u00fcnstler der \u00c9cole de Nancy, Louis Majorelle, Ernest Bussi\u00e8re, Edmond Lachenal, Emile Gall\u00e9 Modelle f\u00fcr K &#038; G, wobei eine Zuordnung mangels Werksverzeichnis selten m\u00f6glich ist, H\u00f6he 10 cm, Breite 26 cm<\/p>\n<p><a href=\"http:\/\/museumek.eu\/wp-content\/uploads\/2011\/10\/Museum-Europ\u00e4ischer-Keramikkunst-1290.jpg\"><img loading=\"lazy\" src=\"http:\/\/museumek.eu\/wp-content\/uploads\/2011\/10\/Museum-Europ\u00e4ischer-Keramikkunst-1290-300x146.jpg\" alt=\"\" title=\"Museum Europ\u00e4ischer Keramikkunst 1290\" width=\"300\" height=\"146\" class=\"alignnone size-medium wp-image-6598\" srcset=\"https:\/\/museumek.eu\/wp-content\/uploads\/2011\/10\/Museum-Europ\u00e4ischer-Keramikkunst-1290-300x146.jpg 300w, https:\/\/museumek.eu\/wp-content\/uploads\/2011\/10\/Museum-Europ\u00e4ischer-Keramikkunst-1290-500x243.jpg 500w, https:\/\/museumek.eu\/wp-content\/uploads\/2011\/10\/Museum-Europ\u00e4ischer-Keramikkunst-1290.jpg 927w\" sizes=\"(max-width: 300px) 100vw, 300px\" \/><\/a><\/p>\n<p><a href=\"http:\/\/museumek.eu\/wp-content\/uploads\/2011\/10\/Museum-Europ\u00e4ischer-Keramikkunst-1292.jpg\"><img loading=\"lazy\" src=\"http:\/\/museumek.eu\/wp-content\/uploads\/2011\/10\/Museum-Europ\u00e4ischer-Keramikkunst-1292-300x220.jpg\" alt=\"\" title=\"Museum Europ\u00e4ischer Keramikkunst 1292\" width=\"300\" height=\"220\" class=\"alignnone size-medium wp-image-6599\" srcset=\"https:\/\/museumek.eu\/wp-content\/uploads\/2011\/10\/Museum-Europ\u00e4ischer-Keramikkunst-1292-300x220.jpg 300w, https:\/\/museumek.eu\/wp-content\/uploads\/2011\/10\/Museum-Europ\u00e4ischer-Keramikkunst-1292-408x300.jpg 408w, https:\/\/museumek.eu\/wp-content\/uploads\/2011\/10\/Museum-Europ\u00e4ischer-Keramikkunst-1292.jpg 647w\" sizes=\"(max-width: 300px) 100vw, 300px\" \/><\/a><\/p>\n","protected":false},"excerpt":{"rendered":"<p>Abteilung Frankreich, Keramik 1860 \u2013 1960, Inventarnummer F\/II\/12 Manufaktur Keller &#038; Gu\u00e9rin, Frankreich, Lun\u00e9ville, um 1900, Jardiniere, K\u00fcnstler unbekannt, Werks.-Nr. 132.2, Exemplar Nr. ohne, gemarkt K &#038; G Lun\u00e9ville France gr\u00fcner Farbstempel, 132.2 sowie L gepresst, Gold geh\u00f6ht, Literatur: Annabelle &hellip; <a href=\"https:\/\/museumek.eu\/?page_id=6597\">Weiterlesen <span class=\"meta-nav\">&rarr;<\/span><\/a><\/p>\n","protected":false},"author":1,"featured_media":0,"parent":6216,"menu_order":12,"comment_status":"closed","ping_status":"closed","template":"","meta":[],"_links":{"self":[{"href":"https:\/\/museumek.eu\/index.php?rest_route=\/wp\/v2\/pages\/6597"}],"collection":[{"href":"https:\/\/museumek.eu\/index.php?rest_route=\/wp\/v2\/pages"}],"about":[{"href":"https:\/\/museumek.eu\/index.php?rest_route=\/wp\/v2\/types\/page"}],"author":[{"embeddable":true,"href":"https:\/\/museumek.eu\/index.php?rest_route=\/wp\/v2\/users\/1"}],"replies":[{"embeddable":true,"href":"https:\/\/museumek.eu\/index.php?rest_route=%2Fwp%2Fv2%2Fcomments&post=6597"}],"version-history":[{"count":2,"href":"https:\/\/museumek.eu\/index.php?rest_route=\/wp\/v2\/pages\/6597\/revisions"}],"predecessor-version":[{"id":6601,"href":"https:\/\/museumek.eu\/index.php?rest_route=\/wp\/v2\/pages\/6597\/revisions\/6601"}],"up":[{"embeddable":true,"href":"https:\/\/museumek.eu\/index.php?rest_route=\/wp\/v2\/pages\/6216"}],"wp:attachment":[{"href":"https:\/\/museumek.eu\/index.php?rest_route=%2Fwp%2Fv2%2Fmedia&parent=6597"}],"curies":[{"name":"wp","href":"https:\/\/api.w.org\/{rel}","templated":true}]}}