{"id":6669,"date":"2011-10-21T22:24:21","date_gmt":"2011-10-21T20:24:21","guid":{"rendered":"http:\/\/museumek.eu\/?page_id=6669"},"modified":"2015-08-18T18:13:07","modified_gmt":"2015-08-18T16:13:07","slug":"oz21","status":"publish","type":"page","link":"https:\/\/museumek.eu\/?page_id=6669","title":{"rendered":"OZ\/19"},"content":{"rendered":"<p><strong>Abteilung Ohne Zuordnung, Keramik 1860 \u2013 1960, Inventarnummer OZ\/19<\/strong><\/p>\n<p>Runder Wandteller, um 1900, Werks.-Nr. 1044 (?), Exemplar-Nr. ohne, Firmenmarke eine Schale oder eine \u00d6llampe rotbraun auf Glasur gemalt, gesetzlich gesch\u00fctzt sowie Nr. 52 rotbraun auf Glasur gemalt, 1044, 34 sowie V gepresst, nicht signiert, Hersteller der Wei\u00dfware evtl. W\u00e4chtersbach, Hand bemalt auf Glasur, Durchmesser 22 cm<\/p>\n<p><a href=\"http:\/\/museumek.eu\/?attachment_id=44141\" rel=\"attachment wp-att-44141\"><img loading=\"lazy\" src=\"http:\/\/museumek.eu\/wp-content\/uploads\/2011\/10\/3214-300x297.jpg\" alt=\"\" title=\"3214\" width=\"300\" height=\"297\" class=\"alignnone size-medium wp-image-44141\" srcset=\"https:\/\/museumek.eu\/wp-content\/uploads\/2011\/10\/3214-300x297.jpg 300w, https:\/\/museumek.eu\/wp-content\/uploads\/2011\/10\/3214-150x148.jpg 150w, https:\/\/museumek.eu\/wp-content\/uploads\/2011\/10\/3214-303x300.jpg 303w, https:\/\/museumek.eu\/wp-content\/uploads\/2011\/10\/3214.jpg 606w\" sizes=\"(max-width: 300px) 100vw, 300px\" \/><\/a><\/p>\n<p><a href=\"http:\/\/museumek.eu\/?attachment_id=44142\" rel=\"attachment wp-att-44142\"><img loading=\"lazy\" src=\"http:\/\/museumek.eu\/wp-content\/uploads\/2011\/10\/3215-293x300.jpg\" alt=\"\" title=\"3215\" width=\"293\" height=\"300\" class=\"alignnone size-medium wp-image-44142\" srcset=\"https:\/\/museumek.eu\/wp-content\/uploads\/2011\/10\/3215-293x300.jpg 293w, https:\/\/museumek.eu\/wp-content\/uploads\/2011\/10\/3215-146x150.jpg 146w, https:\/\/museumek.eu\/wp-content\/uploads\/2011\/10\/3215.jpg 600w\" sizes=\"(max-width: 293px) 100vw, 293px\" \/><\/a\n\n<a href=\"http:\/\/museumek.eu\/?attachment_id=44143\" rel=\"attachment wp-att-44143\"><img loading=\"lazy\" src=\"http:\/\/museumek.eu\/wp-content\/uploads\/2011\/10\/3216-300x298.jpg\" alt=\"\" title=\"3216\" width=\"300\" height=\"298\" class=\"alignnone size-medium wp-image-44143\" srcset=\"https:\/\/museumek.eu\/wp-content\/uploads\/2011\/10\/3216-300x298.jpg 300w, https:\/\/museumek.eu\/wp-content\/uploads\/2011\/10\/3216-150x150.jpg 150w, https:\/\/museumek.eu\/wp-content\/uploads\/2011\/10\/3216-301x300.jpg 301w, https:\/\/museumek.eu\/wp-content\/uploads\/2011\/10\/3216.jpg 603w\" sizes=\"(max-width: 300px) 100vw, 300px\" \/><\/a><\/p>\n<p><a href=\"http:\/\/museumek.eu\/?attachment_id=44144\" rel=\"attachment wp-att-44144\"><img loading=\"lazy\" src=\"http:\/\/museumek.eu\/wp-content\/uploads\/2011\/10\/3217-208x300.jpg\" alt=\"\" title=\"3217\" width=\"208\" height=\"300\" class=\"alignnone size-medium wp-image-44144\" srcset=\"https:\/\/museumek.eu\/wp-content\/uploads\/2011\/10\/3217-208x300.jpg 208w, https:\/\/museumek.eu\/wp-content\/uploads\/2011\/10\/3217-104x150.jpg 104w, https:\/\/museumek.eu\/wp-content\/uploads\/2011\/10\/3217.jpg 557w\" sizes=\"(max-width: 208px) 100vw, 208px\" \/><\/a><\/p>\n<p><a href=\"http:\/\/museumek.eu\/?attachment_id=44145\" rel=\"attachment wp-att-44145\"><img loading=\"lazy\" src=\"http:\/\/museumek.eu\/wp-content\/uploads\/2011\/10\/3218-233x300.jpg\" alt=\"\" title=\"3218\" width=\"233\" height=\"300\" class=\"alignnone size-medium wp-image-44145\" srcset=\"https:\/\/museumek.eu\/wp-content\/uploads\/2011\/10\/3218-233x300.jpg 233w, https:\/\/museumek.eu\/wp-content\/uploads\/2011\/10\/3218-116x150.jpg 116w, https:\/\/museumek.eu\/wp-content\/uploads\/2011\/10\/3218.jpg 600w\" sizes=\"(max-width: 233px) 100vw, 233px\" \/><\/a><\/p>\n","protected":false},"excerpt":{"rendered":"<p>Abteilung Ohne Zuordnung, Keramik 1860 \u2013 1960, Inventarnummer OZ\/19 Runder Wandteller, um 1900, Werks.-Nr. 1044 (?), Exemplar-Nr. ohne, Firmenmarke eine Schale oder eine \u00d6llampe rotbraun auf Glasur gemalt, gesetzlich gesch\u00fctzt sowie Nr. 52 rotbraun auf Glasur gemalt, 1044, 34 sowie &hellip; <a href=\"https:\/\/museumek.eu\/?page_id=6669\">Weiterlesen <span class=\"meta-nav\">&rarr;<\/span><\/a><\/p>\n","protected":false},"author":1,"featured_media":0,"parent":2895,"menu_order":19,"comment_status":"closed","ping_status":"closed","template":"","meta":[],"_links":{"self":[{"href":"https:\/\/museumek.eu\/index.php?rest_route=\/wp\/v2\/pages\/6669"}],"collection":[{"href":"https:\/\/museumek.eu\/index.php?rest_route=\/wp\/v2\/pages"}],"about":[{"href":"https:\/\/museumek.eu\/index.php?rest_route=\/wp\/v2\/types\/page"}],"author":[{"embeddable":true,"href":"https:\/\/museumek.eu\/index.php?rest_route=\/wp\/v2\/users\/1"}],"replies":[{"embeddable":true,"href":"https:\/\/museumek.eu\/index.php?rest_route=%2Fwp%2Fv2%2Fcomments&post=6669"}],"version-history":[{"count":12,"href":"https:\/\/museumek.eu\/index.php?rest_route=\/wp\/v2\/pages\/6669\/revisions"}],"predecessor-version":[{"id":44147,"href":"https:\/\/museumek.eu\/index.php?rest_route=\/wp\/v2\/pages\/6669\/revisions\/44147"}],"up":[{"embeddable":true,"href":"https:\/\/museumek.eu\/index.php?rest_route=\/wp\/v2\/pages\/2895"}],"wp:attachment":[{"href":"https:\/\/museumek.eu\/index.php?rest_route=%2Fwp%2Fv2%2Fmedia&parent=6669"}],"curies":[{"name":"wp","href":"https:\/\/api.w.org\/{rel}","templated":true}]}}