{"id":6850,"date":"2011-11-07T13:47:07","date_gmt":"2011-11-07T12:47:07","guid":{"rendered":"http:\/\/museumek.eu\/?page_id=6850"},"modified":"2015-08-18T19:43:01","modified_gmt":"2015-08-18T17:43:01","slug":"oz22","status":"publish","type":"page","link":"https:\/\/museumek.eu\/?page_id=6850","title":{"rendered":"OZ\/20"},"content":{"rendered":"<p><strong>Abteilung Ohne Zuordnung, Keramik 1860 \u2013 1960, Inventarnummer OZ\/20<\/strong><\/p>\n<p>Schale, um 1930, Werks.-Nr. ohne, Exemplar-Nr. ohne, Firmenmarke zwei gekreuzte \u00c4xte dar\u00fcber S, darunter R schwarzer Stempel auf unglasiertem Boden, nicht signiert,<br \/>\nH\u00f6he 4 cm, Breite 12,4 cm<\/p>\n<p><a href=\"http:\/\/museumek.eu\/?attachment_id=44156\" rel=\"attachment wp-att-44156\"><img loading=\"lazy\" src=\"http:\/\/museumek.eu\/wp-content\/uploads\/2011\/11\/4482-300x298.jpg\" alt=\"\" title=\"4482\" width=\"300\" height=\"298\" class=\"alignnone size-medium wp-image-44156\" srcset=\"https:\/\/museumek.eu\/wp-content\/uploads\/2011\/11\/4482-300x298.jpg 300w, https:\/\/museumek.eu\/wp-content\/uploads\/2011\/11\/4482-150x150.jpg 150w, https:\/\/museumek.eu\/wp-content\/uploads\/2011\/11\/4482-301x300.jpg 301w, https:\/\/museumek.eu\/wp-content\/uploads\/2011\/11\/4482.jpg 603w\" sizes=\"(max-width: 300px) 100vw, 300px\" \/><\/a><\/p>\n<p><a href=\"http:\/\/museumek.eu\/?attachment_id=44157\" rel=\"attachment wp-att-44157\"><img loading=\"lazy\" src=\"http:\/\/museumek.eu\/wp-content\/uploads\/2011\/11\/4483-288x300.jpg\" alt=\"\" title=\"4483\" width=\"288\" height=\"300\" class=\"alignnone size-medium wp-image-44157\" srcset=\"https:\/\/museumek.eu\/wp-content\/uploads\/2011\/11\/4483-288x300.jpg 288w, https:\/\/museumek.eu\/wp-content\/uploads\/2011\/11\/4483-144x150.jpg 144w, https:\/\/museumek.eu\/wp-content\/uploads\/2011\/11\/4483.jpg 600w\" sizes=\"(max-width: 288px) 100vw, 288px\" \/><\/a><\/p>\n<p><a href=\"http:\/\/museumek.eu\/?attachment_id=44158\" rel=\"attachment wp-att-44158\"><img loading=\"lazy\" src=\"http:\/\/museumek.eu\/wp-content\/uploads\/2011\/11\/4484-232x300.jpg\" alt=\"\" title=\"4484\" width=\"232\" height=\"300\" class=\"alignnone size-medium wp-image-44158\" srcset=\"https:\/\/museumek.eu\/wp-content\/uploads\/2011\/11\/4484-232x300.jpg 232w, https:\/\/museumek.eu\/wp-content\/uploads\/2011\/11\/4484-116x150.jpg 116w, https:\/\/museumek.eu\/wp-content\/uploads\/2011\/11\/4484.jpg 377w\" sizes=\"(max-width: 232px) 100vw, 232px\" \/><\/a><\/p>\n","protected":false},"excerpt":{"rendered":"<p>Abteilung Ohne Zuordnung, Keramik 1860 \u2013 1960, Inventarnummer OZ\/20 Schale, um 1930, Werks.-Nr. ohne, Exemplar-Nr. ohne, Firmenmarke zwei gekreuzte \u00c4xte dar\u00fcber S, darunter R schwarzer Stempel auf unglasiertem Boden, nicht signiert, H\u00f6he 4 cm, Breite 12,4 cm<\/p>\n","protected":false},"author":1,"featured_media":0,"parent":2895,"menu_order":20,"comment_status":"closed","ping_status":"closed","template":"","meta":[],"_links":{"self":[{"href":"https:\/\/museumek.eu\/index.php?rest_route=\/wp\/v2\/pages\/6850"}],"collection":[{"href":"https:\/\/museumek.eu\/index.php?rest_route=\/wp\/v2\/pages"}],"about":[{"href":"https:\/\/museumek.eu\/index.php?rest_route=\/wp\/v2\/types\/page"}],"author":[{"embeddable":true,"href":"https:\/\/museumek.eu\/index.php?rest_route=\/wp\/v2\/users\/1"}],"replies":[{"embeddable":true,"href":"https:\/\/museumek.eu\/index.php?rest_route=%2Fwp%2Fv2%2Fcomments&post=6850"}],"version-history":[{"count":9,"href":"https:\/\/museumek.eu\/index.php?rest_route=\/wp\/v2\/pages\/6850\/revisions"}],"predecessor-version":[{"id":44161,"href":"https:\/\/museumek.eu\/index.php?rest_route=\/wp\/v2\/pages\/6850\/revisions\/44161"}],"up":[{"embeddable":true,"href":"https:\/\/museumek.eu\/index.php?rest_route=\/wp\/v2\/pages\/2895"}],"wp:attachment":[{"href":"https:\/\/museumek.eu\/index.php?rest_route=%2Fwp%2Fv2%2Fmedia&parent=6850"}],"curies":[{"name":"wp","href":"https:\/\/api.w.org\/{rel}","templated":true}]}}