{"id":7308,"date":"2011-12-23T15:55:48","date_gmt":"2011-12-23T14:55:48","guid":{"rendered":"http:\/\/museumek.eu\/?page_id=7308"},"modified":"2012-04-19T14:15:39","modified_gmt":"2012-04-19T12:15:39","slug":"oz24","status":"publish","type":"page","link":"https:\/\/museumek.eu\/?page_id=7308","title":{"rendered":"OZ\/22"},"content":{"rendered":"<p><strong>Abteilung Ohne Zuordnung, Keramik 1860 \u2013 1960, Inventarnummer OZ\/22<\/strong><\/p>\n<p>B\u00fcste Kreolin, roter Scherben, um 1900, Werks.-Nr. 2033, Exemplar Nr. ohne, gemarkt Lahregees (Manufaktur, K\u00fcnstler oder andere Bedeutung), 2033 sowie Gesch\u00fctzt gepresst, nicht signiert, H\u00f6he 24 cm, Breite 13 cm<\/p>\n<p><a href=\"http:\/\/museumek.eu\/wp-content\/uploads\/2011\/12\/Museum-Europ\u00e4ischer-Keramikkunst-1452.jpg\"><img loading=\"lazy\" src=\"http:\/\/museumek.eu\/wp-content\/uploads\/2011\/12\/Museum-Europ\u00e4ischer-Keramikkunst-1452-155x300.jpg\" alt=\"\" title=\"Museum Europ\u00e4ischer Keramikkunst 1452\" width=\"155\" height=\"300\" class=\"alignnone size-medium wp-image-7309\" srcset=\"https:\/\/museumek.eu\/wp-content\/uploads\/2011\/12\/Museum-Europ\u00e4ischer-Keramikkunst-1452-155x300.jpg 155w, https:\/\/museumek.eu\/wp-content\/uploads\/2011\/12\/Museum-Europ\u00e4ischer-Keramikkunst-1452.jpg 443w\" sizes=\"(max-width: 155px) 100vw, 155px\" \/><\/a><\/p>\n<p><a href=\"http:\/\/museumek.eu\/wp-content\/uploads\/2011\/12\/Museum-Europ\u00e4ischer-Keramikkunst-1453.jpg\"><img loading=\"lazy\" src=\"http:\/\/museumek.eu\/wp-content\/uploads\/2011\/12\/Museum-Europ\u00e4ischer-Keramikkunst-1453-300x276.jpg\" alt=\"\" title=\"Museum Europ\u00e4ischer Keramikkunst 1453\" width=\"300\" height=\"276\" class=\"alignnone size-medium wp-image-7310\" srcset=\"https:\/\/museumek.eu\/wp-content\/uploads\/2011\/12\/Museum-Europ\u00e4ischer-Keramikkunst-1453-300x276.jpg 300w, https:\/\/museumek.eu\/wp-content\/uploads\/2011\/12\/Museum-Europ\u00e4ischer-Keramikkunst-1453-325x300.jpg 325w, https:\/\/museumek.eu\/wp-content\/uploads\/2011\/12\/Museum-Europ\u00e4ischer-Keramikkunst-1453.jpg 475w\" sizes=\"(max-width: 300px) 100vw, 300px\" \/><\/a><\/p>\n<p><a href=\"http:\/\/museumek.eu\/wp-content\/uploads\/2011\/12\/Museum-Europ\u00e4ischer-Keramikkunst-1454.jpg\"><img loading=\"lazy\" src=\"http:\/\/museumek.eu\/wp-content\/uploads\/2011\/12\/Museum-Europ\u00e4ischer-Keramikkunst-1454-300x281.jpg\" alt=\"\" title=\"Museum Europ\u00e4ischer Keramikkunst 1454\" width=\"300\" height=\"281\" class=\"alignnone size-medium wp-image-7311\" srcset=\"https:\/\/museumek.eu\/wp-content\/uploads\/2011\/12\/Museum-Europ\u00e4ischer-Keramikkunst-1454-300x281.jpg 300w, https:\/\/museumek.eu\/wp-content\/uploads\/2011\/12\/Museum-Europ\u00e4ischer-Keramikkunst-1454-319x300.jpg 319w, https:\/\/museumek.eu\/wp-content\/uploads\/2011\/12\/Museum-Europ\u00e4ischer-Keramikkunst-1454.jpg 670w\" sizes=\"(max-width: 300px) 100vw, 300px\" \/><\/a><\/p>\n","protected":false},"excerpt":{"rendered":"<p>Abteilung Ohne Zuordnung, Keramik 1860 \u2013 1960, Inventarnummer OZ\/22 B\u00fcste Kreolin, roter Scherben, um 1900, Werks.-Nr. 2033, Exemplar Nr. ohne, gemarkt Lahregees (Manufaktur, K\u00fcnstler oder andere Bedeutung), 2033 sowie Gesch\u00fctzt gepresst, nicht signiert, H\u00f6he 24 cm, Breite 13 cm<\/p>\n","protected":false},"author":1,"featured_media":0,"parent":6666,"menu_order":22,"comment_status":"closed","ping_status":"closed","template":"","meta":[],"_links":{"self":[{"href":"https:\/\/museumek.eu\/index.php?rest_route=\/wp\/v2\/pages\/7308"}],"collection":[{"href":"https:\/\/museumek.eu\/index.php?rest_route=\/wp\/v2\/pages"}],"about":[{"href":"https:\/\/museumek.eu\/index.php?rest_route=\/wp\/v2\/types\/page"}],"author":[{"embeddable":true,"href":"https:\/\/museumek.eu\/index.php?rest_route=\/wp\/v2\/users\/1"}],"replies":[{"embeddable":true,"href":"https:\/\/museumek.eu\/index.php?rest_route=%2Fwp%2Fv2%2Fcomments&post=7308"}],"version-history":[{"count":4,"href":"https:\/\/museumek.eu\/index.php?rest_route=\/wp\/v2\/pages\/7308\/revisions"}],"predecessor-version":[{"id":8980,"href":"https:\/\/museumek.eu\/index.php?rest_route=\/wp\/v2\/pages\/7308\/revisions\/8980"}],"up":[{"embeddable":true,"href":"https:\/\/museumek.eu\/index.php?rest_route=\/wp\/v2\/pages\/6666"}],"wp:attachment":[{"href":"https:\/\/museumek.eu\/index.php?rest_route=%2Fwp%2Fv2%2Fmedia&parent=7308"}],"curies":[{"name":"wp","href":"https:\/\/api.w.org\/{rel}","templated":true}]}}