{"id":7348,"date":"2011-12-30T16:52:11","date_gmt":"2011-12-30T15:52:11","guid":{"rendered":"http:\/\/museumek.eu\/?page_id=7348"},"modified":"2012-10-12T19:14:16","modified_gmt":"2012-10-12T17:14:16","slug":"ruii1","status":"publish","type":"page","link":"https:\/\/museumek.eu\/?page_id=7348","title":{"rendered":"Ru\/II\/1"},"content":{"rendered":"<p><strong>Abteilung Russland, Keramik 1860 \u2013 1960, Inventarnummer Ru\/II\/1<\/strong><\/p>\n<p>Manufaktur Kaiserliche Porzellanmanufaktur (KPM), ab 1917 Staatliche Porzellanmanufaktur (SPM), ab 1925 Lomonosov Porzellanmanufaktur, Russland, Sankt Petersburg\/Petrograd, 1906 und 1920, Teller Revolutionskeramik (Agitationsporzellan), K\u00fcnstler Alexandra Vasilievna Shchekotikhina-Pototskaya , Werks.-Nr. ohne, Exemplar Nr. ohne, gemarkt gr\u00fcnes KPM Monogramm f\u00fcr Zar Nikolaus II. sowie 1906, SPM Zeichen mit Hammer, Sichel, Zahnrad sowie Jahreszahl 1920, po ris. (nach Entwurf, nach Zeichnung von) A. Shchekotikhina schwarz gemalt, signiert A. Shchekotikhina, Literatur: Nina Lobanov-Rostovsky, Revolutionskeramik, Sowjetisches Porzellan 1917 &#8211; 1927, Seite 145 ff., K\u00fcnstlerbiographien und Markenverzeichnis, weitere Literatur: Emanuel Poche, Porzellanmarken aus aller Welt, Marke 1791 und Marke 1801 identisch, reichliche Goldbemalung, der Teller ist eine Kopie, die als Museumsinventar Ru\/II\/1 Nachweis- und Belegzwecken dient, da dieser Teller nicht bei Lobanov-Rostovsky verzeichnet ist und das Original wohl verschollen ist, in letzter Zeit werden Originalteller, soweit noch gehandelt, von russischen Milliard\u00e4ren zu hohen f\u00fcnfstelligen Summen aufgekauft,<br \/>\nDurchmesser 26,5 cm<\/p>\n<p><a href=\"http:\/\/museumek.eu\/wp-content\/uploads\/2011\/12\/Museum-Europ\u00e4ischer-Keramikkunst-1477.jpg\"><img loading=\"lazy\" src=\"http:\/\/museumek.eu\/wp-content\/uploads\/2011\/12\/Museum-Europ\u00e4ischer-Keramikkunst-1477-290x300.jpg\" alt=\"\" title=\"Museum Europ\u00e4ischer Keramikkunst 1477\" width=\"290\" height=\"300\" class=\"alignnone size-medium wp-image-7349\" srcset=\"https:\/\/museumek.eu\/wp-content\/uploads\/2011\/12\/Museum-Europ\u00e4ischer-Keramikkunst-1477-290x300.jpg 290w, https:\/\/museumek.eu\/wp-content\/uploads\/2011\/12\/Museum-Europ\u00e4ischer-Keramikkunst-1477.jpg 696w\" sizes=\"(max-width: 290px) 100vw, 290px\" \/><\/a><\/p>\n<p><a href=\"http:\/\/museumek.eu\/wp-content\/uploads\/2011\/12\/Museum-Europ\u00e4ischer-Keramikkunst-1473.jpg\"><img loading=\"lazy\" src=\"http:\/\/museumek.eu\/wp-content\/uploads\/2011\/12\/Museum-Europ\u00e4ischer-Keramikkunst-1473-217x300.jpg\" alt=\"\" title=\"Museum Europ\u00e4ischer Keramikkunst 1473\" width=\"217\" height=\"300\" class=\"alignnone size-medium wp-image-7350\" srcset=\"https:\/\/museumek.eu\/wp-content\/uploads\/2011\/12\/Museum-Europ\u00e4ischer-Keramikkunst-1473-217x300.jpg 217w, https:\/\/museumek.eu\/wp-content\/uploads\/2011\/12\/Museum-Europ\u00e4ischer-Keramikkunst-1473.jpg 555w\" sizes=\"(max-width: 217px) 100vw, 217px\" \/><\/a><\/p>\n<p><a href=\"http:\/\/museumek.eu\/wp-content\/uploads\/2011\/12\/Museum-Europ\u00e4ischer-Keramikkunst-1467.jpg\"><img loading=\"lazy\" src=\"http:\/\/museumek.eu\/wp-content\/uploads\/2011\/12\/Museum-Europ\u00e4ischer-Keramikkunst-1467-300x275.jpg\" alt=\"\" title=\"Museum Europ\u00e4ischer Keramikkunst 1467\" width=\"300\" height=\"275\" class=\"alignnone size-medium wp-image-7351\" srcset=\"https:\/\/museumek.eu\/wp-content\/uploads\/2011\/12\/Museum-Europ\u00e4ischer-Keramikkunst-1467-300x275.jpg 300w, https:\/\/museumek.eu\/wp-content\/uploads\/2011\/12\/Museum-Europ\u00e4ischer-Keramikkunst-1467-326x300.jpg 326w, https:\/\/museumek.eu\/wp-content\/uploads\/2011\/12\/Museum-Europ\u00e4ischer-Keramikkunst-1467.jpg 418w\" sizes=\"(max-width: 300px) 100vw, 300px\" \/><\/a><\/p>\n","protected":false},"excerpt":{"rendered":"<p>Abteilung Russland, Keramik 1860 \u2013 1960, Inventarnummer Ru\/II\/1 Manufaktur Kaiserliche Porzellanmanufaktur (KPM), ab 1917 Staatliche Porzellanmanufaktur (SPM), ab 1925 Lomonosov Porzellanmanufaktur, Russland, Sankt Petersburg\/Petrograd, 1906 und 1920, Teller Revolutionskeramik (Agitationsporzellan), K\u00fcnstler Alexandra Vasilievna Shchekotikhina-Pototskaya , Werks.-Nr. ohne, Exemplar Nr. ohne, &hellip; <a href=\"https:\/\/museumek.eu\/?page_id=7348\">Weiterlesen <span class=\"meta-nav\">&rarr;<\/span><\/a><\/p>\n","protected":false},"author":1,"featured_media":0,"parent":7345,"menu_order":1,"comment_status":"closed","ping_status":"closed","template":"","meta":[],"_links":{"self":[{"href":"https:\/\/museumek.eu\/index.php?rest_route=\/wp\/v2\/pages\/7348"}],"collection":[{"href":"https:\/\/museumek.eu\/index.php?rest_route=\/wp\/v2\/pages"}],"about":[{"href":"https:\/\/museumek.eu\/index.php?rest_route=\/wp\/v2\/types\/page"}],"author":[{"embeddable":true,"href":"https:\/\/museumek.eu\/index.php?rest_route=\/wp\/v2\/users\/1"}],"replies":[{"embeddable":true,"href":"https:\/\/museumek.eu\/index.php?rest_route=%2Fwp%2Fv2%2Fcomments&post=7348"}],"version-history":[{"count":3,"href":"https:\/\/museumek.eu\/index.php?rest_route=\/wp\/v2\/pages\/7348\/revisions"}],"predecessor-version":[{"id":15029,"href":"https:\/\/museumek.eu\/index.php?rest_route=\/wp\/v2\/pages\/7348\/revisions\/15029"}],"up":[{"embeddable":true,"href":"https:\/\/museumek.eu\/index.php?rest_route=\/wp\/v2\/pages\/7345"}],"wp:attachment":[{"href":"https:\/\/museumek.eu\/index.php?rest_route=%2Fwp%2Fv2%2Fmedia&parent=7348"}],"curies":[{"name":"wp","href":"https:\/\/api.w.org\/{rel}","templated":true}]}}