{"id":7541,"date":"2012-01-10T23:44:25","date_gmt":"2012-01-10T22:44:25","guid":{"rendered":"http:\/\/museumek.eu\/?page_id=7541"},"modified":"2012-01-10T23:44:59","modified_gmt":"2012-01-10T22:44:59","slug":"fv14","status":"publish","type":"page","link":"https:\/\/museumek.eu\/?page_id=7541","title":{"rendered":"F\/V\/14"},"content":{"rendered":"<p><strong>Abteilung Frankreich, Keramik 1860 \u2013 1960, Inventarnummer F\/V\/14<\/strong><\/p>\n<p>Manufaktur Massier, Frankreich, Vallauris, um 1890, Jardiniere, K\u00fcnstler J\u00e9rome Massier, Werks.-Nr. ohne, Exemplar Nr. ohne, gemarkt J\u00e9rome Massier, schwarz unter Glasur gemalt, nicht signiert, die Jardiniere ist Teil eines Dreier Ensemble, bestehend aus zwei Vasen und einer Jardiniere, siehe MEK F\/V\/13 und MEK F\/V\/15, etwas l\u00fcstrierende Verlaufsglasur, Literatur: Dieter Z\u00fchlsdorf, Keramik-Marken-Lexikon, Nr. 1303,<br \/>\nH 20 cm, B 41 cm<\/p>\n<p><a href=\"http:\/\/museumek.eu\/wp-content\/uploads\/2012\/01\/Museum-Europ\u00e4ischer-Keramikkunst-1508.jpg\"><img loading=\"lazy\" src=\"http:\/\/museumek.eu\/wp-content\/uploads\/2012\/01\/Museum-Europ\u00e4ischer-Keramikkunst-1508-300x199.jpg\" alt=\"\" title=\"Museum Europ\u00e4ischer Keramikkunst 1508\" width=\"300\" height=\"199\" class=\"alignnone size-medium wp-image-7542\" srcset=\"https:\/\/museumek.eu\/wp-content\/uploads\/2012\/01\/Museum-Europ\u00e4ischer-Keramikkunst-1508-300x199.jpg 300w, https:\/\/museumek.eu\/wp-content\/uploads\/2012\/01\/Museum-Europ\u00e4ischer-Keramikkunst-1508-451x300.jpg 451w, https:\/\/museumek.eu\/wp-content\/uploads\/2012\/01\/Museum-Europ\u00e4ischer-Keramikkunst-1508.jpg 772w\" sizes=\"(max-width: 300px) 100vw, 300px\" \/><\/a><\/p>\n<p><a href=\"http:\/\/museumek.eu\/wp-content\/uploads\/2012\/01\/Museum-Europ\u00e4ischer-Keramikkunst-1510.jpg\"><img loading=\"lazy\" src=\"http:\/\/museumek.eu\/wp-content\/uploads\/2012\/01\/Museum-Europ\u00e4ischer-Keramikkunst-1510-300x162.jpg\" alt=\"\" title=\"Museum Europ\u00e4ischer Keramikkunst 1510\" width=\"300\" height=\"162\" class=\"alignnone size-medium wp-image-7543\" srcset=\"https:\/\/museumek.eu\/wp-content\/uploads\/2012\/01\/Museum-Europ\u00e4ischer-Keramikkunst-1510-300x162.jpg 300w, https:\/\/museumek.eu\/wp-content\/uploads\/2012\/01\/Museum-Europ\u00e4ischer-Keramikkunst-1510-500x270.jpg 500w, https:\/\/museumek.eu\/wp-content\/uploads\/2012\/01\/Museum-Europ\u00e4ischer-Keramikkunst-1510.jpg 837w\" sizes=\"(max-width: 300px) 100vw, 300px\" \/><\/a><\/p>\n<p><a href=\"http:\/\/museumek.eu\/wp-content\/uploads\/2012\/01\/Museum-Europ\u00e4ischer-Keramikkunst-15001.jpg\"><img loading=\"lazy\" src=\"http:\/\/museumek.eu\/wp-content\/uploads\/2012\/01\/Museum-Europ\u00e4ischer-Keramikkunst-15001-300x169.jpg\" alt=\"\" title=\"Museum Europ\u00e4ischer Keramikkunst 1500\" width=\"300\" height=\"169\" class=\"alignnone size-medium wp-image-7544\" srcset=\"https:\/\/museumek.eu\/wp-content\/uploads\/2012\/01\/Museum-Europ\u00e4ischer-Keramikkunst-15001-300x169.jpg 300w, https:\/\/museumek.eu\/wp-content\/uploads\/2012\/01\/Museum-Europ\u00e4ischer-Keramikkunst-15001-500x283.jpg 500w, https:\/\/museumek.eu\/wp-content\/uploads\/2012\/01\/Museum-Europ\u00e4ischer-Keramikkunst-15001.jpg 934w\" sizes=\"(max-width: 300px) 100vw, 300px\" \/><\/a><\/p>\n","protected":false},"excerpt":{"rendered":"<p>Abteilung Frankreich, Keramik 1860 \u2013 1960, Inventarnummer F\/V\/14 Manufaktur Massier, Frankreich, Vallauris, um 1890, Jardiniere, K\u00fcnstler J\u00e9rome Massier, Werks.-Nr. ohne, Exemplar Nr. ohne, gemarkt J\u00e9rome Massier, schwarz unter Glasur gemalt, nicht signiert, die Jardiniere ist Teil eines Dreier Ensemble, bestehend &hellip; <a href=\"https:\/\/museumek.eu\/?page_id=7541\">Weiterlesen <span class=\"meta-nav\">&rarr;<\/span><\/a><\/p>\n","protected":false},"author":1,"featured_media":0,"parent":3292,"menu_order":14,"comment_status":"closed","ping_status":"closed","template":"","meta":[],"_links":{"self":[{"href":"https:\/\/museumek.eu\/index.php?rest_route=\/wp\/v2\/pages\/7541"}],"collection":[{"href":"https:\/\/museumek.eu\/index.php?rest_route=\/wp\/v2\/pages"}],"about":[{"href":"https:\/\/museumek.eu\/index.php?rest_route=\/wp\/v2\/types\/page"}],"author":[{"embeddable":true,"href":"https:\/\/museumek.eu\/index.php?rest_route=\/wp\/v2\/users\/1"}],"replies":[{"embeddable":true,"href":"https:\/\/museumek.eu\/index.php?rest_route=%2Fwp%2Fv2%2Fcomments&post=7541"}],"version-history":[{"count":3,"href":"https:\/\/museumek.eu\/index.php?rest_route=\/wp\/v2\/pages\/7541\/revisions"}],"predecessor-version":[{"id":7547,"href":"https:\/\/museumek.eu\/index.php?rest_route=\/wp\/v2\/pages\/7541\/revisions\/7547"}],"up":[{"embeddable":true,"href":"https:\/\/museumek.eu\/index.php?rest_route=\/wp\/v2\/pages\/3292"}],"wp:attachment":[{"href":"https:\/\/museumek.eu\/index.php?rest_route=%2Fwp%2Fv2%2Fmedia&parent=7541"}],"curies":[{"name":"wp","href":"https:\/\/api.w.org\/{rel}","templated":true}]}}