{"id":773,"date":"2011-08-09T00:50:41","date_gmt":"2011-08-08T22:50:41","guid":{"rendered":"http:\/\/museumek.eu\/?page_id=773"},"modified":"2012-11-12T23:46:19","modified_gmt":"2012-11-12T22:46:19","slug":"av2","status":"publish","type":"page","link":"https:\/\/museumek.eu\/?page_id=773","title":{"rendered":"A\/V\/2"},"content":{"rendered":"<p><strong>Abteilung Austria\/Ungarn\/B\u00f6hmen, Keramik 1860 \u2013 1960, Inventarnummer A\/V\/2<\/strong><\/p>\n<p>Manufaktur Kunstkeramische Fabrik A. F\u00f6rster und Kunstkeramische Fabrik A. F\u00f6rster &#038; Co., Austria, Wien, um 1905, Figur Schnitter, K\u00fcnstler unbekannt, Werks.-Nr. 9279, Exemplar Nr. ohne, gemarkt Firmenmarke Biene im Kreis brauner Stempel, 9279 gepresst, nicht signiert, Literatur: Waltraud Neuwirth, Wiener Keramik, Seite 145, Manufakturbeschreibung sowie Seite 471, Marke Nr. 109 identisch, Ausf\u00fchrung als Fayence, die Kunstkeramische Fabrik A. F\u00f6rster wurde 1899 gegr\u00fcndet, Inhaber Alexander F\u00f6rster, sie wurde 1905 in Kunstkeramische Fabrik A. F\u00f6rster &#038; Co. umbenannt, Inhaber Alexander F\u00f6rster und Rudolf Schaller, 1908 wurde die Firma liquidiert und von der Wiener Kunstkeramische Werkst\u00e4tte Busch und Ludescher, WKKW (beide vorher Mitarbeiter bei F\u00f6rster, die 1908 die WKKW gr\u00fcndeten), \u00fcbernommen,<br \/>\nH\u00f6he 31,5 cm, Breite 32,5 cm<\/p>\n<p><a href=\"http:\/\/museumek.eu\/wp-content\/uploads\/2011\/08\/Museum-Europ\u00e4ischer-Keramikkunst-Qualit\u00e4tsfotos-141.jpg\"><img loading=\"lazy\" src=\"http:\/\/museumek.eu\/wp-content\/uploads\/2011\/08\/Museum-Europ\u00e4ischer-Keramikkunst-Qualit\u00e4tsfotos-141-237x300.jpg\" alt=\"\" title=\"Museum Europ\u00e4ischer Keramikkunst Qualit\u00e4tsfotos 141\" width=\"237\" height=\"300\" class=\"alignnone size-medium wp-image-774\" srcset=\"https:\/\/museumek.eu\/wp-content\/uploads\/2011\/08\/Museum-Europ\u00e4ischer-Keramikkunst-Qualit\u00e4tsfotos-141-237x300.jpg 237w, https:\/\/museumek.eu\/wp-content\/uploads\/2011\/08\/Museum-Europ\u00e4ischer-Keramikkunst-Qualit\u00e4tsfotos-141.jpg 569w\" sizes=\"(max-width: 237px) 100vw, 237px\" \/><\/a><\/p>\n<p><a href=\"http:\/\/museumek.eu\/wp-content\/uploads\/2011\/08\/Museum-Europ\u00e4ischer-Keramikkunst-2501.jpg\"><img loading=\"lazy\" src=\"http:\/\/museumek.eu\/wp-content\/uploads\/2011\/08\/Museum-Europ\u00e4ischer-Keramikkunst-2501-300x274.jpg\" alt=\"\" title=\"Museum Europ\u00e4ischer Keramikkunst 250\" width=\"300\" height=\"274\" class=\"alignnone size-medium wp-image-776\" srcset=\"https:\/\/museumek.eu\/wp-content\/uploads\/2011\/08\/Museum-Europ\u00e4ischer-Keramikkunst-2501-300x274.jpg 300w, https:\/\/museumek.eu\/wp-content\/uploads\/2011\/08\/Museum-Europ\u00e4ischer-Keramikkunst-2501-328x300.jpg 328w, https:\/\/museumek.eu\/wp-content\/uploads\/2011\/08\/Museum-Europ\u00e4ischer-Keramikkunst-2501.jpg 442w\" sizes=\"(max-width: 300px) 100vw, 300px\" \/><\/a><\/p>\n<p><a href=\"http:\/\/museumek.eu\/wp-content\/uploads\/2011\/08\/Museum-Europ\u00e4ischer-Keramikkunst-252.jpg\"><img loading=\"lazy\" src=\"http:\/\/museumek.eu\/wp-content\/uploads\/2011\/08\/Museum-Europ\u00e4ischer-Keramikkunst-252-300x176.jpg\" alt=\"\" title=\"Museum Europ\u00e4ischer Keramikkunst 252\" width=\"300\" height=\"176\" class=\"alignnone size-medium wp-image-777\" srcset=\"https:\/\/museumek.eu\/wp-content\/uploads\/2011\/08\/Museum-Europ\u00e4ischer-Keramikkunst-252-300x176.jpg 300w, https:\/\/museumek.eu\/wp-content\/uploads\/2011\/08\/Museum-Europ\u00e4ischer-Keramikkunst-252-500x293.jpg 500w, https:\/\/museumek.eu\/wp-content\/uploads\/2011\/08\/Museum-Europ\u00e4ischer-Keramikkunst-252.jpg 693w\" sizes=\"(max-width: 300px) 100vw, 300px\" \/><\/a><\/p>\n","protected":false},"excerpt":{"rendered":"<p>Abteilung Austria\/Ungarn\/B\u00f6hmen, Keramik 1860 \u2013 1960, Inventarnummer A\/V\/2 Manufaktur Kunstkeramische Fabrik A. F\u00f6rster und Kunstkeramische Fabrik A. F\u00f6rster &#038; Co., Austria, Wien, um 1905, Figur Schnitter, K\u00fcnstler unbekannt, Werks.-Nr. 9279, Exemplar Nr. ohne, gemarkt Firmenmarke Biene im Kreis brauner Stempel, &hellip; <a href=\"https:\/\/museumek.eu\/?page_id=773\">Weiterlesen <span class=\"meta-nav\">&rarr;<\/span><\/a><\/p>\n","protected":false},"author":1,"featured_media":0,"parent":764,"menu_order":2,"comment_status":"closed","ping_status":"closed","template":"","meta":[],"_links":{"self":[{"href":"https:\/\/museumek.eu\/index.php?rest_route=\/wp\/v2\/pages\/773"}],"collection":[{"href":"https:\/\/museumek.eu\/index.php?rest_route=\/wp\/v2\/pages"}],"about":[{"href":"https:\/\/museumek.eu\/index.php?rest_route=\/wp\/v2\/types\/page"}],"author":[{"embeddable":true,"href":"https:\/\/museumek.eu\/index.php?rest_route=\/wp\/v2\/users\/1"}],"replies":[{"embeddable":true,"href":"https:\/\/museumek.eu\/index.php?rest_route=%2Fwp%2Fv2%2Fcomments&post=773"}],"version-history":[{"count":7,"href":"https:\/\/museumek.eu\/index.php?rest_route=\/wp\/v2\/pages\/773\/revisions"}],"predecessor-version":[{"id":16624,"href":"https:\/\/museumek.eu\/index.php?rest_route=\/wp\/v2\/pages\/773\/revisions\/16624"}],"up":[{"embeddable":true,"href":"https:\/\/museumek.eu\/index.php?rest_route=\/wp\/v2\/pages\/764"}],"wp:attachment":[{"href":"https:\/\/museumek.eu\/index.php?rest_route=%2Fwp%2Fv2%2Fmedia&parent=773"}],"curies":[{"name":"wp","href":"https:\/\/api.w.org\/{rel}","templated":true}]}}