{"id":8543,"date":"2012-01-27T23:13:13","date_gmt":"2012-01-27T22:13:13","guid":{"rendered":"http:\/\/museumek.eu\/?page_id=8543"},"modified":"2021-01-31T22:02:07","modified_gmt":"2021-01-31T21:02:07","slug":"fxviii2","status":"publish","type":"page","link":"https:\/\/museumek.eu\/?page_id=8543","title":{"rendered":"F\/XVIII\/2"},"content":{"rendered":"<p><strong>Abteilung Frankreich, Keramik 1860 \u2013 1960, Inventarnummer F\/XVIII\/2<\/strong><\/p>\n<p>Manufacture de Faiences d\u2019Art de Saint Clement, um 1874, Schale oder Ascher mit 4 Ablagen, K\u00fcnstler Emile Gall\u00e9, Werks.-Nr. ohne, Exemplar Nr. ohne, gemarkt St. Cl\u00e9ment, Gall\u00e9 in Nancy Stempelautograph sowie F (f\u00fcr France), blau unter Glasur, signiert = gemarkt, Ausf\u00fchrung als Fayence mit wei\u00dfer Zinnglasur und kobaltblauem Scharffeuerdekor, im Spiegel Wappenkartusche von Nancy mit Distel und Lothringischen Adlern unter Stadtkrone, Lorbeerzweig und Palmwedel sowie Schriftzug Non Inultus Premor (sinngem\u00e4\u00df: Niemand ber\u00fchrt mich ungestraft oder Wer mich ber\u00fchrt sticht sich), auf dem Schalenrand kobaltblaue Scharffeuerbemalung, hergestellt im Auftrag der Firma Veuve Reinemer et Gall\u00e9, Frankreich, Nancy (Inhaber der Vater von Emile Gall\u00e9, Charles Gall\u00e9-Reinemer), Wei\u00dfmasse hergestellt in der Faiencerie St. Clement, Dekorausf\u00fchrung von Emile Gall\u00e9 im Atelier der Firma des Vaters in Nancy, Datierung: nach 1871 (der Annektion durch das Wilhelminische Deutschland), Gall\u00e9 dr\u00fcckt mit dem Dekor im Spiegel seinen lothringischen Patriotismus aus, bis 1875, da ab diesem Jahr Emile Gall\u00e9 mit E. Gall\u00e9 signierte und er ab diesem Jahr die Gestaltung der Firmenprodukte allein verantwortete, Literatur: J. A. Schmoll genannt Eisenwerth und Helga Schmoll genannt Eisenwerth, Nancy 1900, Jugendstil in Lothringen, Ausstellung im M\u00fcnchner Stadtmuseum vom 28. August bis 23. November 1980, Seite 28, Gall\u00e9\u2019s Patriotismus, Seite 61, Beschreibung der Firma von Charles Gall\u00e9-Reinemer, Seite 64, Datierungshinweise sowie Seite 162 ff. Abbildung und Beschreibung des Dekors sowie Verweis auf Inv. Nr. 1974-121 des W\u00fcrttembergischen Landesmuseums, dort Tablett und Deckelgef\u00e4\u00dfe mit dem gleichen Dekor, von 1863 bis 1892 stand die Faiencerie St. Clement im Eigentum der Familie Thomas, ab 1892 im Eigentum der Firma Keller &#038; Gu\u00e9rin und ab 1922 im Eigentum von Edouard Fenal der auch Eigent\u00fcmer der Steingutfabrik in Badonviller war und ab 1979 im Eigentum der Sarreguemines Gruppe, H\u00f6he 3,3 cm, Breite 24,5 cm<\/p>\n<p><a href=\"http:\/\/museumek.eu\/wp-content\/uploads\/2012\/01\/Museum-Europ\u00e4ischer-Keramikkunst-16561.jpg\"><img loading=\"lazy\" src=\"http:\/\/museumek.eu\/wp-content\/uploads\/2012\/01\/Museum-Europ\u00e4ischer-Keramikkunst-16561-300x185.jpg\" alt=\"\" title=\"Museum Europ\u00e4ischer Keramikkunst 1656\" width=\"300\" height=\"185\" class=\"alignnone size-medium wp-image-8611\" srcset=\"https:\/\/museumek.eu\/wp-content\/uploads\/2012\/01\/Museum-Europ\u00e4ischer-Keramikkunst-16561-300x185.jpg 300w, https:\/\/museumek.eu\/wp-content\/uploads\/2012\/01\/Museum-Europ\u00e4ischer-Keramikkunst-16561-485x300.jpg 485w, https:\/\/museumek.eu\/wp-content\/uploads\/2012\/01\/Museum-Europ\u00e4ischer-Keramikkunst-16561.jpg 940w\" sizes=\"(max-width: 300px) 100vw, 300px\" \/><\/a><\/p>\n<p><a href=\"http:\/\/museumek.eu\/wp-content\/uploads\/2012\/01\/Museum-Europ\u00e4ischer-Keramikkunst-1657.jpg\"><img loading=\"lazy\" src=\"http:\/\/museumek.eu\/wp-content\/uploads\/2012\/01\/Museum-Europ\u00e4ischer-Keramikkunst-1657-300x101.jpg\" alt=\"\" title=\"Museum Europ\u00e4ischer Keramikkunst 1657\" width=\"300\" height=\"101\" class=\"alignnone size-medium wp-image-8612\" srcset=\"https:\/\/museumek.eu\/wp-content\/uploads\/2012\/01\/Museum-Europ\u00e4ischer-Keramikkunst-1657-300x101.jpg 300w, https:\/\/museumek.eu\/wp-content\/uploads\/2012\/01\/Museum-Europ\u00e4ischer-Keramikkunst-1657-500x169.jpg 500w, https:\/\/museumek.eu\/wp-content\/uploads\/2012\/01\/Museum-Europ\u00e4ischer-Keramikkunst-1657.jpg 948w\" sizes=\"(max-width: 300px) 100vw, 300px\" \/><\/a><\/p>\n<p><a href=\"http:\/\/museumek.eu\/wp-content\/uploads\/2012\/01\/Museum-Europ\u00e4ischer-Keramikkunst-1634.jpg\"><img loading=\"lazy\" src=\"http:\/\/museumek.eu\/wp-content\/uploads\/2012\/01\/Museum-Europ\u00e4ischer-Keramikkunst-1634-300x139.jpg\" alt=\"\" title=\"Museum Europ\u00e4ischer Keramikkunst 1634\" width=\"300\" height=\"139\" class=\"alignnone size-medium wp-image-8544\" srcset=\"https:\/\/museumek.eu\/wp-content\/uploads\/2012\/01\/Museum-Europ\u00e4ischer-Keramikkunst-1634-300x139.jpg 300w, https:\/\/museumek.eu\/wp-content\/uploads\/2012\/01\/Museum-Europ\u00e4ischer-Keramikkunst-1634-500x232.jpg 500w, https:\/\/museumek.eu\/wp-content\/uploads\/2012\/01\/Museum-Europ\u00e4ischer-Keramikkunst-1634.jpg 853w\" sizes=\"(max-width: 300px) 100vw, 300px\" \/><\/a><\/p>\n","protected":false},"excerpt":{"rendered":"<p>Abteilung Frankreich, Keramik 1860 \u2013 1960, Inventarnummer F\/XVIII\/2 Manufacture de Faiences d\u2019Art de Saint Clement, um 1874, Schale oder Ascher mit 4 Ablagen, K\u00fcnstler Emile Gall\u00e9, Werks.-Nr. ohne, Exemplar Nr. ohne, gemarkt St. Cl\u00e9ment, Gall\u00e9 in Nancy Stempelautograph sowie F &hellip; <a href=\"https:\/\/museumek.eu\/?page_id=8543\">Weiterlesen <span class=\"meta-nav\">&rarr;<\/span><\/a><\/p>\n","protected":false},"author":1,"featured_media":0,"parent":8535,"menu_order":2,"comment_status":"closed","ping_status":"closed","template":"","meta":[],"_links":{"self":[{"href":"https:\/\/museumek.eu\/index.php?rest_route=\/wp\/v2\/pages\/8543"}],"collection":[{"href":"https:\/\/museumek.eu\/index.php?rest_route=\/wp\/v2\/pages"}],"about":[{"href":"https:\/\/museumek.eu\/index.php?rest_route=\/wp\/v2\/types\/page"}],"author":[{"embeddable":true,"href":"https:\/\/museumek.eu\/index.php?rest_route=\/wp\/v2\/users\/1"}],"replies":[{"embeddable":true,"href":"https:\/\/museumek.eu\/index.php?rest_route=%2Fwp%2Fv2%2Fcomments&post=8543"}],"version-history":[{"count":12,"href":"https:\/\/museumek.eu\/index.php?rest_route=\/wp\/v2\/pages\/8543\/revisions"}],"predecessor-version":[{"id":52947,"href":"https:\/\/museumek.eu\/index.php?rest_route=\/wp\/v2\/pages\/8543\/revisions\/52947"}],"up":[{"embeddable":true,"href":"https:\/\/museumek.eu\/index.php?rest_route=\/wp\/v2\/pages\/8535"}],"wp:attachment":[{"href":"https:\/\/museumek.eu\/index.php?rest_route=%2Fwp%2Fv2%2Fmedia&parent=8543"}],"curies":[{"name":"wp","href":"https:\/\/api.w.org\/{rel}","templated":true}]}}