{"id":8688,"date":"2012-01-30T21:33:39","date_gmt":"2012-01-30T20:33:39","guid":{"rendered":"http:\/\/museumek.eu\/?page_id=8688"},"modified":"2013-04-25T23:51:29","modified_gmt":"2013-04-25T21:51:29","slug":"kurzbiografie-und-inventar-zum-kunstler","status":"publish","type":"page","link":"https:\/\/museumek.eu\/?page_id=8688","title":{"rendered":"Kurzbiografie und Inventar zum K\u00fcnstler"},"content":{"rendered":"<p>\u00dcber den K\u00fcnstler Langer konnten keine Daten recherchiert werden, Neuwirth und Dechant\/Goldscheider f\u00fchren einen Leopold Langer, 15.05.1991 in Pro\u00dfnitz(M\u00e4hren) geboren. Vom Geburtsdatum her, kann diese Keramik aber nicht von diesem Leopold Langer entworfen worden sein, da er um 1903 erst 12 Jahre alt war.<\/p>\n<p><strong>Abteilung Austria\/Ungarn\/B\u00f6hmen, Keramik 1860 &#8211; 1960, Inventarnummer A\/I\/69<\/strong><\/p>\n<p>Friedrich Goldscheider, Austria, Wien, um 1903, Figur alte Frau eine gro\u00dfe Amphore tragend, K\u00fcnstler (Vorname nicht bekannt) Langer, Werks.-Nr. 2584\/Exemplar Nr. 18\/Modelleur Nr. ohne, gemarkt Friedrich Goldscheider Wien Sculpturemarke verwendet zwischen 1900 \u2013 1920 sowie Reproduktion Reservee gepresst, 2584 sowie 18 gepresst, Langer geritzt, signiert Langer, Literatur: Robert E. Dechant\/Filipp Goldscheider, Goldscheider Firmengeschichte und Werkverzeichnis, Seite 363,<br \/>\ndort noch nicht erfasst, H\u00f6he 73 cm, Breite 31 cm<\/p>\n<p><a href=\"http:\/\/museumek.eu\/wp-content\/uploads\/2012\/01\/Alte-Goldscheider-Wassertr\u00e4gerin-11.jpg\"><img loading=\"lazy\" src=\"http:\/\/museumek.eu\/wp-content\/uploads\/2012\/01\/Alte-Goldscheider-Wassertr\u00e4gerin-11-138x300.jpg\" alt=\"\" title=\"Alte Goldscheider Wassertr\u00e4gerin 1\" width=\"138\" height=\"300\" class=\"alignnone size-medium wp-image-8669\" srcset=\"https:\/\/museumek.eu\/wp-content\/uploads\/2012\/01\/Alte-Goldscheider-Wassertr\u00e4gerin-11-138x300.jpg 138w, https:\/\/museumek.eu\/wp-content\/uploads\/2012\/01\/Alte-Goldscheider-Wassertr\u00e4gerin-11.jpg 331w\" sizes=\"(max-width: 138px) 100vw, 138px\" \/><\/a><\/p>\n<p><a href=\"http:\/\/museumek.eu\/wp-content\/uploads\/2012\/01\/Alte-Goldscheider-Wassertr\u00e4gerin-3.jpg\"><img loading=\"lazy\" src=\"http:\/\/museumek.eu\/wp-content\/uploads\/2012\/01\/Alte-Goldscheider-Wassertr\u00e4gerin-3-138x300.jpg\" alt=\"\" title=\"Alte Goldscheider Wassertr\u00e4gerin 3\" width=\"138\" height=\"300\" class=\"alignnone size-medium wp-image-8670\" srcset=\"https:\/\/museumek.eu\/wp-content\/uploads\/2012\/01\/Alte-Goldscheider-Wassertr\u00e4gerin-3-138x300.jpg 138w, https:\/\/museumek.eu\/wp-content\/uploads\/2012\/01\/Alte-Goldscheider-Wassertr\u00e4gerin-3.jpg 331w\" sizes=\"(max-width: 138px) 100vw, 138px\" \/><\/a><\/p>\n<p><a href=\"http:\/\/museumek.eu\/wp-content\/uploads\/2012\/01\/Alte-Goldscheider-Wassertr\u00e4gerin-41.jpg\"><img loading=\"lazy\" src=\"http:\/\/museumek.eu\/wp-content\/uploads\/2012\/01\/Alte-Goldscheider-Wassertr\u00e4gerin-41-142x300.jpg\" alt=\"\" title=\"Alte Goldscheider Wassertr\u00e4gerin 4\" width=\"142\" height=\"300\" class=\"alignnone size-medium wp-image-8672\" srcset=\"https:\/\/museumek.eu\/wp-content\/uploads\/2012\/01\/Alte-Goldscheider-Wassertr\u00e4gerin-41-142x300.jpg 142w, https:\/\/museumek.eu\/wp-content\/uploads\/2012\/01\/Alte-Goldscheider-Wassertr\u00e4gerin-41.jpg 341w\" sizes=\"(max-width: 142px) 100vw, 142px\" \/><\/a><\/p>\n<p><a href=\"http:\/\/museumek.eu\/wp-content\/uploads\/2012\/01\/Alte-Goldscheider-Wassertr\u00e4gerin-21.jpg\"><img loading=\"lazy\" src=\"http:\/\/museumek.eu\/wp-content\/uploads\/2012\/01\/Alte-Goldscheider-Wassertr\u00e4gerin-21-230x300.jpg\" alt=\"\" title=\"Alte Goldscheider Wassertr\u00e4gerin 2\" width=\"230\" height=\"300\" class=\"alignnone size-medium wp-image-8674\" srcset=\"https:\/\/museumek.eu\/wp-content\/uploads\/2012\/01\/Alte-Goldscheider-Wassertr\u00e4gerin-21-230x300.jpg 230w, https:\/\/museumek.eu\/wp-content\/uploads\/2012\/01\/Alte-Goldscheider-Wassertr\u00e4gerin-21.jpg 552w\" sizes=\"(max-width: 230px) 100vw, 230px\" \/><\/a><\/p>\n<p><a href=\"http:\/\/museumek.eu\/wp-content\/uploads\/2012\/01\/Alte-Goldscheider-Wassertr\u00e4gerin-6.jpg\"><img loading=\"lazy\" src=\"http:\/\/museumek.eu\/wp-content\/uploads\/2012\/01\/Alte-Goldscheider-Wassertr\u00e4gerin-6-276x300.jpg\" alt=\"\" title=\"Alte Goldscheider Wassertr\u00e4gerin 6\" width=\"276\" height=\"300\" class=\"alignnone size-medium wp-image-8675\" srcset=\"https:\/\/museumek.eu\/wp-content\/uploads\/2012\/01\/Alte-Goldscheider-Wassertr\u00e4gerin-6-276x300.jpg 276w, https:\/\/museumek.eu\/wp-content\/uploads\/2012\/01\/Alte-Goldscheider-Wassertr\u00e4gerin-6.jpg 661w\" sizes=\"(max-width: 276px) 100vw, 276px\" \/><\/a><\/p>\n<p><a href=\"http:\/\/museumek.eu\/wp-content\/uploads\/2012\/01\/Alte-Goldscheider-Wassertr\u00e4gerin-8.jpg\"><img loading=\"lazy\" src=\"http:\/\/museumek.eu\/wp-content\/uploads\/2012\/01\/Alte-Goldscheider-Wassertr\u00e4gerin-8-300x249.jpg\" alt=\"\" title=\"Alte Goldscheider Wassertr\u00e4gerin 8\" width=\"300\" height=\"249\" class=\"alignnone size-medium wp-image-8676\" srcset=\"https:\/\/museumek.eu\/wp-content\/uploads\/2012\/01\/Alte-Goldscheider-Wassertr\u00e4gerin-8-300x249.jpg 300w, https:\/\/museumek.eu\/wp-content\/uploads\/2012\/01\/Alte-Goldscheider-Wassertr\u00e4gerin-8-361x300.jpg 361w, https:\/\/museumek.eu\/wp-content\/uploads\/2012\/01\/Alte-Goldscheider-Wassertr\u00e4gerin-8.jpg 863w\" sizes=\"(max-width: 300px) 100vw, 300px\" \/><\/a><\/p>\n<p><a href=\"http:\/\/museumek.eu\/wp-content\/uploads\/2012\/01\/Alte-Goldscheider-Wassertr\u00e4gerin-9.jpg\"><img loading=\"lazy\" src=\"http:\/\/museumek.eu\/wp-content\/uploads\/2012\/01\/Alte-Goldscheider-Wassertr\u00e4gerin-9-300x186.jpg\" alt=\"\" title=\"Alte Goldscheider Wassertr\u00e4gerin 9\" width=\"300\" height=\"186\" class=\"alignnone size-medium wp-image-8677\" srcset=\"https:\/\/museumek.eu\/wp-content\/uploads\/2012\/01\/Alte-Goldscheider-Wassertr\u00e4gerin-9-300x186.jpg 300w, https:\/\/museumek.eu\/wp-content\/uploads\/2012\/01\/Alte-Goldscheider-Wassertr\u00e4gerin-9-482x300.jpg 482w, https:\/\/museumek.eu\/wp-content\/uploads\/2012\/01\/Alte-Goldscheider-Wassertr\u00e4gerin-9.jpg 1010w\" sizes=\"(max-width: 300px) 100vw, 300px\" \/><\/a><\/p>\n","protected":false},"excerpt":{"rendered":"<p>\u00dcber den K\u00fcnstler Langer konnten keine Daten recherchiert werden, Neuwirth und Dechant\/Goldscheider f\u00fchren einen Leopold Langer, 15.05.1991 in Pro\u00dfnitz(M\u00e4hren) geboren. Vom Geburtsdatum her, kann diese Keramik aber nicht von diesem Leopold Langer entworfen worden sein, da er um 1903 erst &hellip; <a href=\"https:\/\/museumek.eu\/?page_id=8688\">Weiterlesen <span class=\"meta-nav\">&rarr;<\/span><\/a><\/p>\n","protected":false},"author":1,"featured_media":0,"parent":8685,"menu_order":1,"comment_status":"closed","ping_status":"closed","template":"","meta":[],"_links":{"self":[{"href":"https:\/\/museumek.eu\/index.php?rest_route=\/wp\/v2\/pages\/8688"}],"collection":[{"href":"https:\/\/museumek.eu\/index.php?rest_route=\/wp\/v2\/pages"}],"about":[{"href":"https:\/\/museumek.eu\/index.php?rest_route=\/wp\/v2\/types\/page"}],"author":[{"embeddable":true,"href":"https:\/\/museumek.eu\/index.php?rest_route=\/wp\/v2\/users\/1"}],"replies":[{"embeddable":true,"href":"https:\/\/museumek.eu\/index.php?rest_route=%2Fwp%2Fv2%2Fcomments&post=8688"}],"version-history":[{"count":4,"href":"https:\/\/museumek.eu\/index.php?rest_route=\/wp\/v2\/pages\/8688\/revisions"}],"predecessor-version":[{"id":20535,"href":"https:\/\/museumek.eu\/index.php?rest_route=\/wp\/v2\/pages\/8688\/revisions\/20535"}],"up":[{"embeddable":true,"href":"https:\/\/museumek.eu\/index.php?rest_route=\/wp\/v2\/pages\/8685"}],"wp:attachment":[{"href":"https:\/\/museumek.eu\/index.php?rest_route=%2Fwp%2Fv2%2Fmedia&parent=8688"}],"curies":[{"name":"wp","href":"https:\/\/api.w.org\/{rel}","templated":true}]}}