{"id":9085,"date":"2012-04-22T13:36:35","date_gmt":"2012-04-22T11:36:35","guid":{"rendered":"http:\/\/museumek.eu\/?page_id=9085"},"modified":"2014-05-30T20:58:35","modified_gmt":"2014-05-30T18:58:35","slug":"dixxx1","status":"publish","type":"page","link":"https:\/\/museumek.eu\/?page_id=9085","title":{"rendered":"D\/XXXIX\/1"},"content":{"rendered":"<p><strong>Abteilung Deutschland, Keramik 1860 \u2013 1960, Inventarnummer D\/XXXIX\/1<\/strong><\/p>\n<p>Eckhardt &#038; Engler Steinzeugwarenfabrik vormals Eckhardt &#038; Engler Fabrik und Export beschlagener Bierkr\u00fcge und Gl\u00e4ser, Deutschland, H\u00f6hr, ab 1914, Seidel, K\u00fcnstler unbekannt, Werks.-Nr. 1404, Exemplar Nr. ohne, gemarkt Firmenmarke mit E, daran gespiegeltes E (f\u00fcr Eckhardt &#038; Engler), darunter H (f\u00fcr H\u00f6hr) in einem senkrechten Oval sowie 1404 gepresst, nicht signiert, Literatur: Beate Dry-v. Zezschwitz, Westerw\u00e4lder Steinzeug des Jugendstils IV, Rosskopf &#038; Gerz, Seite 8, zeitlicher Nachweis des Produktionsbeginns, Nachweis der Formen\u00fcbernahme von der Firma Rosskopf &#038; Gerz Fabrik feiner Steinzeugwaren sowie Seite 10, Abbildung der identischen Firmenmarke, weitere Literatur: J\u00fcrgen Schimanski, Braun geflammt und grau gesalzen, Seite 196, Beschreibung der Fabrik sowie Marke Nr. 46 identisch, Peter Eckhardt und Ernst Johann Engler gr\u00fcndeten 1898 eine Handelsunternehmen in H\u00f6hr, vertrieben wurde auch Steinzeug, laut einer Annonce aus dem Jahre 1907 nannte sich die Firma Eckhardt &#038; Engler Fabrik und Export beschlagener Bierkr\u00fcge und Gl\u00e4ser, in der Fabrik gab es eine eigene Malerei und Zinngie\u00dferei, insofern ist davon auszugehen, dass Rohlinge der Westerw\u00e4lder Steinzeugindustrie angekauft und in einer \u00fcber die Handelst\u00e4tigkeit hinausgehenden eigenen Fabrik verziert und mit eigenen Zinnmonturen mit Deckeln versehen worden sind, ab 1907 wurden nachweislich auch Fabrikate der Firma Rosskopf &#038; Gerz Fabrik feiner Steinzeugwaren vertrieben, ab 1914 stellte die Firma auch Steinzeug in einer zugekauften Eulerei her, ab 1918 wurden Formen der in Konkurs befindlichen Firma Rosskopf &#038; Gerz Fabrik feiner Steinzeugwaren \u00fcbernommen, ab 1921 firmierte die Fabrik laut einer Annonce als Eckhardt &#038; Engler Steinzeugwarenfabrik, 1922\/1923 \u00fcbernahm die Fabrik alle Formen von Rosskopf &#038; Gerz, neben Werksentw\u00fcrfen kaufte die Fabrik auch Entw\u00fcrfe von Albin M\u00fcller, Karl G\u00f6rig, Leonhard Hellmuth und Bruno Mauder an, die Fabrik bestand bis 1971, Ausf\u00fchrung mit Zinnmontur und Blechdeckel,<br \/>\nH\u00f6he 11 cm, Breite 15,5 cm (nur die Keramik)<\/p>\n<p><a href=\"http:\/\/museumek.eu\/wp-content\/uploads\/2012\/04\/Museum-Europ\u00e4ischer-Keramikkunst-1716.jpg\"><img loading=\"lazy\" src=\"http:\/\/museumek.eu\/wp-content\/uploads\/2012\/04\/Museum-Europ\u00e4ischer-Keramikkunst-1716-281x300.jpg\" alt=\"\" title=\"Museum Europ\u00e4ischer Keramikkunst 1716\" width=\"281\" height=\"300\" class=\"alignnone size-medium wp-image-9086\" srcset=\"https:\/\/museumek.eu\/wp-content\/uploads\/2012\/04\/Museum-Europ\u00e4ischer-Keramikkunst-1716-281x300.jpg 281w, https:\/\/museumek.eu\/wp-content\/uploads\/2012\/04\/Museum-Europ\u00e4ischer-Keramikkunst-1716.jpg 636w\" sizes=\"(max-width: 281px) 100vw, 281px\" \/><\/a><\/p>\n<p><a href=\"http:\/\/museumek.eu\/wp-content\/uploads\/2012\/04\/Museum-Europ\u00e4ischer-Keramikkunst-1715.jpg\"><img loading=\"lazy\" src=\"http:\/\/museumek.eu\/wp-content\/uploads\/2012\/04\/Museum-Europ\u00e4ischer-Keramikkunst-1715-196x300.jpg\" alt=\"\" title=\"Museum Europ\u00e4ischer Keramikkunst 1715\" width=\"196\" height=\"300\" class=\"alignnone size-medium wp-image-9087\" srcset=\"https:\/\/museumek.eu\/wp-content\/uploads\/2012\/04\/Museum-Europ\u00e4ischer-Keramikkunst-1715-196x300.jpg 196w, https:\/\/museumek.eu\/wp-content\/uploads\/2012\/04\/Museum-Europ\u00e4ischer-Keramikkunst-1715.jpg 557w\" sizes=\"(max-width: 196px) 100vw, 196px\" \/><\/a><\/p>\n<p><a href=\"http:\/\/museumek.eu\/wp-content\/uploads\/2012\/04\/Museum-Europ\u00e4ischer-Keramikkunst-1717.jpg\"><img loading=\"lazy\" src=\"http:\/\/museumek.eu\/wp-content\/uploads\/2012\/04\/Museum-Europ\u00e4ischer-Keramikkunst-1717-283x300.jpg\" alt=\"\" title=\"Museum Europ\u00e4ischer Keramikkunst 1717\" width=\"283\" height=\"300\" class=\"alignnone size-medium wp-image-9088\" srcset=\"https:\/\/museumek.eu\/wp-content\/uploads\/2012\/04\/Museum-Europ\u00e4ischer-Keramikkunst-1717-283x300.jpg 283w, https:\/\/museumek.eu\/wp-content\/uploads\/2012\/04\/Museum-Europ\u00e4ischer-Keramikkunst-1717.jpg 578w\" sizes=\"(max-width: 283px) 100vw, 283px\" \/><\/a><\/p>\n","protected":false},"excerpt":{"rendered":"<p>Abteilung Deutschland, Keramik 1860 \u2013 1960, Inventarnummer D\/XXXIX\/1 Eckhardt &#038; Engler Steinzeugwarenfabrik vormals Eckhardt &#038; Engler Fabrik und Export beschlagener Bierkr\u00fcge und Gl\u00e4ser, Deutschland, H\u00f6hr, ab 1914, Seidel, K\u00fcnstler unbekannt, Werks.-Nr. 1404, Exemplar Nr. ohne, gemarkt Firmenmarke mit E, daran &hellip; <a href=\"https:\/\/museumek.eu\/?page_id=9085\">Weiterlesen <span class=\"meta-nav\">&rarr;<\/span><\/a><\/p>\n","protected":false},"author":1,"featured_media":0,"parent":9082,"menu_order":1,"comment_status":"closed","ping_status":"closed","template":"","meta":[],"_links":{"self":[{"href":"https:\/\/museumek.eu\/index.php?rest_route=\/wp\/v2\/pages\/9085"}],"collection":[{"href":"https:\/\/museumek.eu\/index.php?rest_route=\/wp\/v2\/pages"}],"about":[{"href":"https:\/\/museumek.eu\/index.php?rest_route=\/wp\/v2\/types\/page"}],"author":[{"embeddable":true,"href":"https:\/\/museumek.eu\/index.php?rest_route=\/wp\/v2\/users\/1"}],"replies":[{"embeddable":true,"href":"https:\/\/museumek.eu\/index.php?rest_route=%2Fwp%2Fv2%2Fcomments&post=9085"}],"version-history":[{"count":6,"href":"https:\/\/museumek.eu\/index.php?rest_route=\/wp\/v2\/pages\/9085\/revisions"}],"predecessor-version":[{"id":31164,"href":"https:\/\/museumek.eu\/index.php?rest_route=\/wp\/v2\/pages\/9085\/revisions\/31164"}],"up":[{"embeddable":true,"href":"https:\/\/museumek.eu\/index.php?rest_route=\/wp\/v2\/pages\/9082"}],"wp:attachment":[{"href":"https:\/\/museumek.eu\/index.php?rest_route=%2Fwp%2Fv2%2Fmedia&parent=9085"}],"curies":[{"name":"wp","href":"https:\/\/api.w.org\/{rel}","templated":true}]}}