{"id":9264,"date":"2012-05-01T22:08:23","date_gmt":"2012-05-01T20:08:23","guid":{"rendered":"http:\/\/museumek.eu\/?page_id=9264"},"modified":"2012-05-01T22:08:23","modified_gmt":"2012-05-01T20:08:23","slug":"fv19","status":"publish","type":"page","link":"https:\/\/museumek.eu\/?page_id=9264","title":{"rendered":"F\/V\/19"},"content":{"rendered":"<p><strong>Abteilung Frankreich, Keramik 1860 \u2013 1960, Inventarnummer F\/V\/19<\/strong><\/p>\n<p>Manufaktur Massier, Frankreich, Vallauris, um 1890, Vase, K\u00fcnstler J\u00e9rome Massier, Werks.-Nr. ohne, Exemplar Nr. ohne, gemarkt J\u00e9rome Massier, Vallauris sowie France gepresst, nicht signiert, Literatur: Dieter Z\u00fchlsdorf, Keramik-Marken-Lexikon, Nr. 1303,<br \/>\nH 22 cm, B 12 cm<\/p>\n<p><a href=\"http:\/\/museumek.eu\/wp-content\/uploads\/2012\/05\/Museum-Europ\u00e4ischer-Keramikkunst-1799.jpg\"><img loading=\"lazy\" src=\"http:\/\/museumek.eu\/wp-content\/uploads\/2012\/05\/Museum-Europ\u00e4ischer-Keramikkunst-1799-156x300.jpg\" alt=\"\" title=\"Museum Europ\u00e4ischer Keramikkunst 1799\" width=\"156\" height=\"300\" class=\"alignnone size-medium wp-image-9265\" \/><\/a><\/p>\n<p><a href=\"http:\/\/museumek.eu\/wp-content\/uploads\/2012\/05\/Museum-Europ\u00e4ischer-Keramikkunst-1800.jpg\"><img loading=\"lazy\" src=\"http:\/\/museumek.eu\/wp-content\/uploads\/2012\/05\/Museum-Europ\u00e4ischer-Keramikkunst-1800-300x175.jpg\" alt=\"\" title=\"Museum Europ\u00e4ischer Keramikkunst 1800\" width=\"300\" height=\"175\" class=\"alignnone size-medium wp-image-9266\" srcset=\"https:\/\/museumek.eu\/wp-content\/uploads\/2012\/05\/Museum-Europ\u00e4ischer-Keramikkunst-1800-300x175.jpg 300w, https:\/\/museumek.eu\/wp-content\/uploads\/2012\/05\/Museum-Europ\u00e4ischer-Keramikkunst-1800-500x291.jpg 500w, https:\/\/museumek.eu\/wp-content\/uploads\/2012\/05\/Museum-Europ\u00e4ischer-Keramikkunst-1800.jpg 531w\" sizes=\"(max-width: 300px) 100vw, 300px\" \/><\/a><\/p>\n","protected":false},"excerpt":{"rendered":"<p>Abteilung Frankreich, Keramik 1860 \u2013 1960, Inventarnummer F\/V\/19 Manufaktur Massier, Frankreich, Vallauris, um 1890, Vase, K\u00fcnstler J\u00e9rome Massier, Werks.-Nr. ohne, Exemplar Nr. ohne, gemarkt J\u00e9rome Massier, Vallauris sowie France gepresst, nicht signiert, Literatur: Dieter Z\u00fchlsdorf, Keramik-Marken-Lexikon, Nr. 1303, H 22 &hellip; <a href=\"https:\/\/museumek.eu\/?page_id=9264\">Weiterlesen <span class=\"meta-nav\">&rarr;<\/span><\/a><\/p>\n","protected":false},"author":1,"featured_media":0,"parent":3292,"menu_order":19,"comment_status":"closed","ping_status":"closed","template":"","meta":[],"_links":{"self":[{"href":"https:\/\/museumek.eu\/index.php?rest_route=\/wp\/v2\/pages\/9264"}],"collection":[{"href":"https:\/\/museumek.eu\/index.php?rest_route=\/wp\/v2\/pages"}],"about":[{"href":"https:\/\/museumek.eu\/index.php?rest_route=\/wp\/v2\/types\/page"}],"author":[{"embeddable":true,"href":"https:\/\/museumek.eu\/index.php?rest_route=\/wp\/v2\/users\/1"}],"replies":[{"embeddable":true,"href":"https:\/\/museumek.eu\/index.php?rest_route=%2Fwp%2Fv2%2Fcomments&post=9264"}],"version-history":[{"count":2,"href":"https:\/\/museumek.eu\/index.php?rest_route=\/wp\/v2\/pages\/9264\/revisions"}],"predecessor-version":[{"id":9268,"href":"https:\/\/museumek.eu\/index.php?rest_route=\/wp\/v2\/pages\/9264\/revisions\/9268"}],"up":[{"embeddable":true,"href":"https:\/\/museumek.eu\/index.php?rest_route=\/wp\/v2\/pages\/3292"}],"wp:attachment":[{"href":"https:\/\/museumek.eu\/index.php?rest_route=%2Fwp%2Fv2%2Fmedia&parent=9264"}],"curies":[{"name":"wp","href":"https:\/\/api.w.org\/{rel}","templated":true}]}}